{"id":732969,"date":"2025-08-27T22:00:40","date_gmt":"2025-08-27T19:00:40","guid":{"rendered":"https:\/\/roveyayinevi.com.tr\/index.php\/urun\/buz-devrinde\/"},"modified":"2026-04-12T02:47:49","modified_gmt":"2026-04-11T23:47:49","slug":"buz-devrinde","status":"publish","type":"product","link":"https:\/\/roveyayinevi.com.tr\/index.php\/urun\/buz-devrinde\/","title":{"rendered":"Buz Devrinde"},"content":{"rendered":"<p>Do\u011fan, Banu ve Selim zamanda yolculuk yapt\u0131ran bilgisayarlar\u0131yla g\u00fcn\u00fcm\u00fczden 18.000 y\u0131l \u00f6ncesinin Buz Devrine gittiler. Ama bu Buz Devri, bildi\u011finiz gibi de\u011fildi! Bu devirde mamutlar vard\u0131, evet; ana k\u0131l\u0131\u00e7 di\u015fli kaplanlar yoktu. Onlar\u0131n yerine kar\u015f\u0131lar\u0131na \u00e7\u0131kan leopar\u0131n da evcil oldu\u011fu s\u00f6ylenemezdi. Buz Devri insanlar\u0131yla birlikte yol al\u0131rken kar\u015f\u0131lar\u0131na \u00e7\u0131kan kurtlar da \u00f6yle\u2026 Bug\u00fcne d\u00f6nmelerinin \u00f6n\u00fcnde duran a\u015famayacaklar\u0131 bir engel vard\u0131.   Buz Devrinde, Ge\u00e7mi\u015f Zaman Gezginleri dizisinin be\u015finci kitab\u0131. Ge\u00e7mi\u015f Zaman Gezginleri, kahraman -lar\u0131m\u0131z Do\u011fan, Banu ve Selim\u2019in Ta\u015f Devri, S\u00fcmer \u00dclkesi, Dinozorlar \u00c7a\u011f\u0131, Eski M\u0131s\u0131r ve Buz Devrinde ge\u00e7en ola\u011fan\u00fcst\u00fc ser\u00fcvenlerini, teknolojiden tarihe, co\u011frafyadan insanbilime uzanan \u00e7ok geni\u015f bir \u00e7er\u00e7eve i\u00e7inde anlat\u0131yor.   \u201cG\u00fcn\u00fcm\u00fczden binlerce y\u0131l \u00f6nce buzlar aras\u0131nda dola\u015fan ge\u00e7mi\u015f zaman gezginlerimiz yine maceradan maceraya ko\u015farken, do\u011fa, evren ve insanla ilgili bir d\u00fcnyan\u0131n kap\u0131lar\u0131n\u0131 aralamaya \u00e7al\u0131\u015f\u0131yorlar. \u0130lk\u00f6\u011fretim \u00f6\u011frencilerine e\u011fitimde destek olacak bir hik\u00e2ye.\u201d &#8211;      Selda Fillik\u00e7io\u011flu-Sosyal Bilgiler \u00d6\u011fretmeni  <\/p>\n","protected":false},"excerpt":{"rendered":"<p>Do\u011fan, Banu ve Selim zamanda yolculuk yapt\u0131ran bilgisayarlar\u0131yla g\u00fcn\u00fcm\u00fczden 18.000 y\u0131l \u00f6ncesinin Buz Devrine gittiler. Ama bu Buz Devri, bildi\u011finiz gibi de\u011fildi! Bu devirde mamutlar vard\u0131,<span class=\"excerpt-hellip\"> [\u2026]<\/span><\/p>\n","protected":false},"featured_media":0,"template":"","meta":{"_monsterinsights_skip_tracking":false,"_monsterinsights_sitenote_active":false,"_monsterinsights_sitenote_note":"","_monsterinsights_sitenote_category":0},"product_brand":[],"product_cat":[12275,12274],"product_tag":[],"class_list":{"0":"post-732969","1":"product","2":"type-product","3":"status-publish","5":"product_cat-6-12-yas-kitaplari","6":"product_cat-cocuk-ve-genclik-kitaplari","7":"pa_cilt-ciltsiz","8":"pa_tur-kitap","9":"pa_yayinevi-epsilon-ozel-urun","10":"pa_yazar-mustafa-hakki-kurt","12":"first","13":"instock","14":"sale","15":"shipping-taxable","16":"purchasable","17":"product-type-simple"},"_links":{"self":[{"href":"https:\/\/roveyayinevi.com.tr\/index.php\/wp-json\/wp\/v2\/product\/732969","targetHints":{"allow":["GET"]}}],"collection":[{"href":"https:\/\/roveyayinevi.com.tr\/index.php\/wp-json\/wp\/v2\/product"}],"about":[{"href":"https:\/\/roveyayinevi.com.tr\/index.php\/wp-json\/wp\/v2\/types\/product"}],"wp:attachment":[{"href":"https:\/\/roveyayinevi.com.tr\/index.php\/wp-json\/wp\/v2\/media?parent=732969"}],"wp:term":[{"taxonomy":"product_brand","embeddable":true,"href":"https:\/\/roveyayinevi.com.tr\/index.php\/wp-json\/wp\/v2\/product_brand?post=732969"},{"taxonomy":"product_cat","embeddable":true,"href":"https:\/\/roveyayinevi.com.tr\/index.php\/wp-json\/wp\/v2\/product_cat?post=732969"},{"taxonomy":"product_tag","embeddable":true,"href":"https:\/\/roveyayinevi.com.tr\/index.php\/wp-json\/wp\/v2\/product_tag?post=732969"}],"curies":[{"name":"wp","href":"https:\/\/api.w.org\/{rel}","templated":true}]}}