{"id":732968,"date":"2025-08-27T22:00:39","date_gmt":"2025-08-27T19:00:39","guid":{"rendered":"https:\/\/roveyayinevi.com.tr\/index.php\/urun\/bos-ders-itiraflari\/"},"modified":"2026-04-07T02:50:20","modified_gmt":"2026-04-06T23:50:20","slug":"bos-ders-itiraflari","status":"publish","type":"product","link":"https:\/\/roveyayinevi.com.tr\/index.php\/urun\/bos-ders-itiraflari\/","title":{"rendered":"Bo\u015f Ders \u0130tiraflar\u0131"},"content":{"rendered":"<p>Buket, Ahmet, Kerem, Duru ve Mert. Ayn\u0131 s\u0131n\u0131fta olmalar\u0131na ra\u011fmen bu be\u015f \u00e7ocuk pek samimi de\u011fildir, ta ki hepsi cetvel tak\u0131mlar\u0131n\u0131 derse getirmeyi unutana dek. Bundan b\u00f6yle onlar &#8220;Cetvel Tak\u0131m\u0131&#8221; olarak an\u0131lacakt\u0131r. Bo\u015f ge\u00e7en bir derste birbirlerine ba\u015flar\u0131ndan ge\u00e7en ilgin\u00e7 olaylar\u0131 anlatmalar\u0131, onlar\u0131 daha da yak\u0131nla\u015ft\u0131racakt\u0131r. Ayn\u0131 anda hem g\u00fcld\u00fcren hem d\u00fc\u015f\u00fcnd\u00fcren bu itiraflar, okul y\u0131llar\u0131n\u0131n masum endi\u015felerine ayna tutuyor.     &#8220;Samimi, yal\u0131n ve i\u00e7ten sat\u0131rlar\u0131 aras\u0131ndaki ne\u015feli hat\u0131ralarla sar\u0131yor sizi kitap. Okurunu iyi tan\u0131yan Renan \u00d6zdemir&#8217;in bu kitab\u0131, onlara okuma zevki ve bilinci kazand\u0131racakt\u0131r.&#8221; &#8211;      Merve K\u0131l\u0131\u00e7 &#8211; T\u00fcrk\u00e7e \u00d6\u011fretmeni <\/p>\n","protected":false},"excerpt":{"rendered":"<p>Buket, Ahmet, Kerem, Duru ve Mert. Ayn\u0131 s\u0131n\u0131fta olmalar\u0131na ra\u011fmen bu be\u015f \u00e7ocuk pek samimi de\u011fildir, ta ki hepsi cetvel tak\u0131mlar\u0131n\u0131 derse getirmeyi unutana dek. Bundan<span class=\"excerpt-hellip\"> [\u2026]<\/span><\/p>\n","protected":false},"featured_media":0,"template":"","meta":{"_monsterinsights_skip_tracking":false,"_monsterinsights_sitenote_active":false,"_monsterinsights_sitenote_note":"","_monsterinsights_sitenote_category":0},"product_brand":[],"product_cat":[12275,12274],"product_tag":[],"class_list":{"0":"post-732968","1":"product","2":"type-product","3":"status-publish","5":"product_cat-6-12-yas-kitaplari","6":"product_cat-cocuk-ve-genclik-kitaplari","7":"pa_cilt-ciltsiz","8":"pa_tur-kitap","9":"pa_yayinevi-epsilon-ozel-urun","10":"pa_yazar-renan-ozdemir","12":"first","13":"instock","14":"sale","15":"shipping-taxable","16":"purchasable","17":"product-type-simple"},"_links":{"self":[{"href":"https:\/\/roveyayinevi.com.tr\/index.php\/wp-json\/wp\/v2\/product\/732968","targetHints":{"allow":["GET"]}}],"collection":[{"href":"https:\/\/roveyayinevi.com.tr\/index.php\/wp-json\/wp\/v2\/product"}],"about":[{"href":"https:\/\/roveyayinevi.com.tr\/index.php\/wp-json\/wp\/v2\/types\/product"}],"wp:attachment":[{"href":"https:\/\/roveyayinevi.com.tr\/index.php\/wp-json\/wp\/v2\/media?parent=732968"}],"wp:term":[{"taxonomy":"product_brand","embeddable":true,"href":"https:\/\/roveyayinevi.com.tr\/index.php\/wp-json\/wp\/v2\/product_brand?post=732968"},{"taxonomy":"product_cat","embeddable":true,"href":"https:\/\/roveyayinevi.com.tr\/index.php\/wp-json\/wp\/v2\/product_cat?post=732968"},{"taxonomy":"product_tag","embeddable":true,"href":"https:\/\/roveyayinevi.com.tr\/index.php\/wp-json\/wp\/v2\/product_tag?post=732968"}],"curies":[{"name":"wp","href":"https:\/\/api.w.org\/{rel}","templated":true}]}}