{"id":732967,"date":"2025-08-27T22:00:38","date_gmt":"2025-08-27T19:00:38","guid":{"rendered":"https:\/\/roveyayinevi.com.tr\/index.php\/urun\/kozmik-derkenar\/"},"modified":"2026-04-16T02:40:47","modified_gmt":"2026-04-15T23:40:47","slug":"kozmik-derkenar","status":"publish","type":"product","link":"https:\/\/roveyayinevi.com.tr\/index.php\/urun\/kozmik-derkenar\/","title":{"rendered":"Kozmik Derkenar"},"content":{"rendered":"<p>Bu eser esasen G\u00fcrsel D\u00f6nmez\u2019in Kozmik Mesele -Devlet ve \u0130stihbarat Metodolojisine Giri\u015f-  isimli, devlet felsefesi ve istihbarat \u00fczerine yaz\u0131lm\u0131\u015f \u00f6nemli eserini okurken al\u0131nan notlardan olu\u015fuyor. Gerek Kozmik Derken\u00e2r gerekse Kozmik Mesele, modernist ve insanl\u0131k d\u00fc\u015fman\u0131 bir d\u00fcnya g\u00f6r\u00fc\u015f\u00fc kar\u015f\u0131s\u0131nda in\u015f\u00e2 edilmesi mecb\u00fbriyet kesbetmi\u015f olan \u201cDevlet Felsefesi\u201dnin ve \u201cD\u00fcnya G\u00f6r\u00fc\u015f\u00fc\u201dn\u00fcn nas\u0131l in\u015f\u00e2 edilmesi gerekti\u011fi sorusuna verilmi\u015f metodolojik bir cevap olarak tel\u00e2kk\u00ee edilmelidir. <\/p>\n","protected":false},"excerpt":{"rendered":"<p>Bu eser esasen G\u00fcrsel D\u00f6nmez\u2019in Kozmik Mesele -Devlet ve \u0130stihbarat Metodolojisine Giri\u015f- isimli, devlet felsefesi ve istihbarat \u00fczerine yaz\u0131lm\u0131\u015f \u00f6nemli eserini okurken al\u0131nan notlardan olu\u015fuyor. Gerek<span class=\"excerpt-hellip\"> [\u2026]<\/span><\/p>\n","protected":false},"featured_media":0,"template":"","meta":{"_monsterinsights_skip_tracking":false,"_monsterinsights_sitenote_active":false,"_monsterinsights_sitenote_note":"","_monsterinsights_sitenote_category":0},"product_brand":[],"product_cat":[12346,12337],"product_tag":[],"class_list":{"0":"post-732967","1":"product","2":"type-product","3":"status-publish","5":"product_cat-derin-siyaset-komplo-teorileri","6":"product_cat-politika-siyaset","7":"pa_cilt-ciltsiz","8":"pa_tur-kitap","9":"pa_yayinevi-otuken-nesriyat","10":"pa_yazar-otuken-nesriyat-kolektif","12":"first","13":"instock","14":"sale","15":"shipping-taxable","16":"purchasable","17":"product-type-simple"},"_links":{"self":[{"href":"https:\/\/roveyayinevi.com.tr\/index.php\/wp-json\/wp\/v2\/product\/732967","targetHints":{"allow":["GET"]}}],"collection":[{"href":"https:\/\/roveyayinevi.com.tr\/index.php\/wp-json\/wp\/v2\/product"}],"about":[{"href":"https:\/\/roveyayinevi.com.tr\/index.php\/wp-json\/wp\/v2\/types\/product"}],"wp:attachment":[{"href":"https:\/\/roveyayinevi.com.tr\/index.php\/wp-json\/wp\/v2\/media?parent=732967"}],"wp:term":[{"taxonomy":"product_brand","embeddable":true,"href":"https:\/\/roveyayinevi.com.tr\/index.php\/wp-json\/wp\/v2\/product_brand?post=732967"},{"taxonomy":"product_cat","embeddable":true,"href":"https:\/\/roveyayinevi.com.tr\/index.php\/wp-json\/wp\/v2\/product_cat?post=732967"},{"taxonomy":"product_tag","embeddable":true,"href":"https:\/\/roveyayinevi.com.tr\/index.php\/wp-json\/wp\/v2\/product_tag?post=732967"}],"curies":[{"name":"wp","href":"https:\/\/api.w.org\/{rel}","templated":true}]}}