{"id":732966,"date":"2025-08-27T22:00:37","date_gmt":"2025-08-27T19:00:37","guid":{"rendered":"https:\/\/roveyayinevi.com.tr\/index.php\/urun\/mustafa-kemal\/"},"modified":"2026-04-16T02:40:47","modified_gmt":"2026-04-15T23:40:47","slug":"mustafa-kemal","status":"publish","type":"product","link":"https:\/\/roveyayinevi.com.tr\/index.php\/urun\/mustafa-kemal\/","title":{"rendered":"Mustafa Kemal"},"content":{"rendered":"<p>Nereye gidece\u011fim \u00f6yle mi? Anadolu\u2019ya! Senin d\u00fcnk\u00fc Bo\u011faz n\u00f6bet\u00e7ilerinin, bug\u00fcnk\u00fc h\u00fcrriyet ve istikl\u00e2l kahramanlar\u0131n\u0131n bulunduklar\u0131 yere! Ni\u00e7in gidece\u011fim \u00f6yle mi? Senin i\u00e7in, senin \u00e7ocuklar\u0131n i\u00e7in; seni kurtarmak i\u00e7in, senin es\u00eer ve mazl\u00fbm \u00e7ocuklar\u0131n\u0131 kurtarmak i\u00e7in ey \u0130stanbul!\u201dMehmed Emin Yurdakul \u0130smini Gazi Mustafa Kemal Pa\u015fa\u2019dan alan 1928 y\u0131l\u0131nda yay\u0131mlanan bu eser Mehmed Emin\u2019in yaz\u0131 ve \u015fiirlerinden olu\u015fmaktad\u0131r. \u201cUnutma ki \u015f\u00e2irleri hayk\u0131rmayan bir millet, Sevenleri toprak olmu\u015f \u00f6ks\u00fcz \u00e7ocuk gibidir,\u201d m\u0131sra\u0131n\u0131n da m\u00fcellifi olan Yurdakul, kitaba da ismini veren Mustafa Kemal \u015fiirinde T\u00fcrk milletine d\u00f6nerek \u015fu \u015fekilde hayk\u0131rmaktad\u0131r:     Hay\u0131r ey milletim! Bu zelil hayat,    Bu zincir, bu zul\u00fcm T\u00fcrk i\u00e7in de\u011fil;    Bu al\u0131n yaz\u0131s\u0131, bu mukadder\u00e2t,<\/p>\n","protected":false},"excerpt":{"rendered":"<p>Nereye gidece\u011fim \u00f6yle mi? Anadolu\u2019ya! Senin d\u00fcnk\u00fc Bo\u011faz n\u00f6bet\u00e7ilerinin, bug\u00fcnk\u00fc h\u00fcrriyet ve istikl\u00e2l kahramanlar\u0131n\u0131n bulunduklar\u0131 yere! Ni\u00e7in gidece\u011fim \u00f6yle mi? Senin i\u00e7in, senin \u00e7ocuklar\u0131n i\u00e7in; seni<span class=\"excerpt-hellip\"> [\u2026]<\/span><\/p>\n","protected":false},"featured_media":0,"template":"","meta":{"_monsterinsights_skip_tracking":false,"_monsterinsights_sitenote_active":false,"_monsterinsights_sitenote_note":"","_monsterinsights_sitenote_category":0},"product_brand":[],"product_cat":[12777,12291],"product_tag":[],"class_list":{"0":"post-732966","1":"product","2":"type-product","3":"status-publish","5":"product_cat-deneme","6":"product_cat-edebiyat","7":"pa_cilt-ciltsiz","8":"pa_tur-kitap","9":"pa_yayinevi-otuken-nesriyat","10":"pa_yazar-mehmet-emin-yurdakul","12":"first","13":"instock","14":"sale","15":"shipping-taxable","16":"purchasable","17":"product-type-simple"},"_links":{"self":[{"href":"https:\/\/roveyayinevi.com.tr\/index.php\/wp-json\/wp\/v2\/product\/732966","targetHints":{"allow":["GET"]}}],"collection":[{"href":"https:\/\/roveyayinevi.com.tr\/index.php\/wp-json\/wp\/v2\/product"}],"about":[{"href":"https:\/\/roveyayinevi.com.tr\/index.php\/wp-json\/wp\/v2\/types\/product"}],"wp:attachment":[{"href":"https:\/\/roveyayinevi.com.tr\/index.php\/wp-json\/wp\/v2\/media?parent=732966"}],"wp:term":[{"taxonomy":"product_brand","embeddable":true,"href":"https:\/\/roveyayinevi.com.tr\/index.php\/wp-json\/wp\/v2\/product_brand?post=732966"},{"taxonomy":"product_cat","embeddable":true,"href":"https:\/\/roveyayinevi.com.tr\/index.php\/wp-json\/wp\/v2\/product_cat?post=732966"},{"taxonomy":"product_tag","embeddable":true,"href":"https:\/\/roveyayinevi.com.tr\/index.php\/wp-json\/wp\/v2\/product_tag?post=732966"}],"curies":[{"name":"wp","href":"https:\/\/api.w.org\/{rel}","templated":true}]}}