{"id":732965,"date":"2025-08-27T22:00:36","date_gmt":"2025-08-27T19:00:36","guid":{"rendered":"https:\/\/roveyayinevi.com.tr\/index.php\/urun\/son-kursun-kalem\/"},"modified":"2026-04-16T02:40:47","modified_gmt":"2026-04-15T23:40:47","slug":"son-kursun-kalem","status":"publish","type":"product","link":"https:\/\/roveyayinevi.com.tr\/index.php\/urun\/son-kursun-kalem\/","title":{"rendered":"Son Kur\u015fun Kalem"},"content":{"rendered":"<p>Kalemcik, Mert&#8217;in \u00e7antas\u0131ndan bir park\u0131n bank\u0131na d\u00fc\u015fm\u00fc\u015f ve bank\u0131n tahtalar\u0131 aras\u0131na s\u0131k\u0131\u015f\u0131p kalm\u0131\u015ft\u0131. Kalemcik oradayken 50 y\u0131l ge\u00e7mi\u015f, D\u00fcnya&#8217;y\u0131 kavuran kurakl\u0131klardan sonra b\u00fct\u00fcn a\u011fa\u00e7lar yok olmu\u015ftu. Sonra bir g\u00fcn Ekin ve dedesi Kalemcik&#8217;i buldular. B\u00f6ylece ta Kaf Da\u011f\u0131&#8217;na kadar giden bir ser\u00fcven ba\u015flad\u0131. \u015eimdi Kalemcik, hem D\u00fcnya&#8217;da kalan son kur\u015funkalemdi hem de D\u00fcnya&#8217;ya a\u011fa\u00e7lar\u0131 ve ye\u015fil do\u011fay\u0131 geri getirecek &#8220;sihirli&#8221; tohumlar\u0131n tek bek\u00e7isi! \u00c7evre duyarl\u0131l\u0131\u011f\u0131yla hayal g\u00fcc\u00fcn\u00fc birle\u015ftiren, inan\u0131lmaz bir \u00f6yk\u00fc&#8230;     &#8220;Art\u0131k kalemlerimiz olmasayd\u0131 d\u00fcnya nas\u0131l olurdu? Banu Bozdemir, bu sorunun yan\u0131t\u0131n\u0131 bizlere masals\u0131 bir dille &#8216;Son Kur\u015funkalem&#8217;in dilinden anlat\u0131yor. Bir kur\u015funkalem, elli y\u0131l kaybolduktan sonra ortaya \u00e7\u0131k\u0131p t\u00fcm d\u00fcnyan\u0131n ye\u015fermesini sa\u011fl\u0131yor. Bunu yaparken k\u00fc\u00e7\u00fck arkada\u015f\u0131 Ekin, ona yard\u0131m ediyor. Bizce de onlar\u0131n bu yolculu\u011funu izlemek ve ye\u015filimize, d\u00fcnyam\u0131za sahip \u00e7\u0131kmak kal\u0131yor&#8221; &#8211;      Seda Ke\u00e7e-T\u00fcrk\u00e7e \u00d6\u011fretmeni <\/p>\n","protected":false},"excerpt":{"rendered":"<p>Kalemcik, Mert&#8217;in \u00e7antas\u0131ndan bir park\u0131n bank\u0131na d\u00fc\u015fm\u00fc\u015f ve bank\u0131n tahtalar\u0131 aras\u0131na s\u0131k\u0131\u015f\u0131p kalm\u0131\u015ft\u0131. Kalemcik oradayken 50 y\u0131l ge\u00e7mi\u015f, D\u00fcnya&#8217;y\u0131 kavuran kurakl\u0131klardan sonra b\u00fct\u00fcn a\u011fa\u00e7lar yok olmu\u015ftu.<span class=\"excerpt-hellip\"> [\u2026]<\/span><\/p>\n","protected":false},"featured_media":0,"template":"","meta":{"_monsterinsights_skip_tracking":false,"_monsterinsights_sitenote_active":false,"_monsterinsights_sitenote_note":"","_monsterinsights_sitenote_category":0},"product_brand":[],"product_cat":[12275,12274],"product_tag":[],"class_list":{"0":"post-732965","1":"product","2":"type-product","3":"status-publish","5":"product_cat-6-12-yas-kitaplari","6":"product_cat-cocuk-ve-genclik-kitaplari","7":"pa_cilt-ciltsiz","8":"pa_tur-kitap","9":"pa_yayinevi-epsilon-ozel-urun","10":"pa_yazar-banu-bozdemir","12":"first","13":"instock","14":"sale","15":"shipping-taxable","16":"purchasable","17":"product-type-simple"},"_links":{"self":[{"href":"https:\/\/roveyayinevi.com.tr\/index.php\/wp-json\/wp\/v2\/product\/732965","targetHints":{"allow":["GET"]}}],"collection":[{"href":"https:\/\/roveyayinevi.com.tr\/index.php\/wp-json\/wp\/v2\/product"}],"about":[{"href":"https:\/\/roveyayinevi.com.tr\/index.php\/wp-json\/wp\/v2\/types\/product"}],"wp:attachment":[{"href":"https:\/\/roveyayinevi.com.tr\/index.php\/wp-json\/wp\/v2\/media?parent=732965"}],"wp:term":[{"taxonomy":"product_brand","embeddable":true,"href":"https:\/\/roveyayinevi.com.tr\/index.php\/wp-json\/wp\/v2\/product_brand?post=732965"},{"taxonomy":"product_cat","embeddable":true,"href":"https:\/\/roveyayinevi.com.tr\/index.php\/wp-json\/wp\/v2\/product_cat?post=732965"},{"taxonomy":"product_tag","embeddable":true,"href":"https:\/\/roveyayinevi.com.tr\/index.php\/wp-json\/wp\/v2\/product_tag?post=732965"}],"curies":[{"name":"wp","href":"https:\/\/api.w.org\/{rel}","templated":true}]}}