{"id":732964,"date":"2025-08-27T22:00:35","date_gmt":"2025-08-27T19:00:35","guid":{"rendered":"https:\/\/roveyayinevi.com.tr\/index.php\/urun\/orta-cagin-ortasinda\/"},"modified":"2026-04-16T02:40:47","modified_gmt":"2026-04-15T23:40:47","slug":"orta-cagin-ortasinda","status":"publish","type":"product","link":"https:\/\/roveyayinevi.com.tr\/index.php\/urun\/orta-cagin-ortasinda\/","title":{"rendered":"Orta \u00c7a\u011f\u0131n Ortas\u0131nda"},"content":{"rendered":"<p>\u201cAyn\u0131 anda geriye d\u00f6nd\u00fcler. Hemen arkalar\u0131nda, bir ok at\u0131m\u0131 uzakta, binlerce ki\u015filik bir ordu duruyordu! Tepeden t\u0131rna\u011fa z\u0131rhlar i\u00e7inde bir ordu&#8230; Askerler, ufuk \u00e7izgisini kara bir bulut gibi t\u00fcm\u00fcyle kaplam\u0131\u015flard\u0131. &#8220;Nereye geldik biz?&#8221; diye inledi Banu. Gizemli bilgisayar\u0131n onlar\u0131 getirdi\u011fi yer, ge\u00e7mi\u015f zaman yolculuklar\u0131n\u0131n son dura\u011f\u0131yd\u0131. Do\u011fan, Banu, Selim ve Kiraz ku\u015fatma alt\u0131ndaki bir Orta \u00c7a\u011f \u015fehri olan bu durakta, sava\u015f\u0131n tam ortas\u0131na d\u00fc\u015fm\u00fc\u015flerdi. \u015eimdi hem hayatta kalmay\u0131 hem de kendi zamanlar\u0131na d\u00f6nmeyi ba\u015farmak zorundayd\u0131lar. Ayr\u0131ca, ka\u00e7\u0131p kurtulmakla esir d\u00fc\u015fen insanlar\u0131 kurtarmaya \u00e7al\u0131\u015fmak aras\u0131nda bir se\u00e7im yapmalar\u0131 gerekiyordu! Ne yapacaklard\u0131? Ezilip k\u0131r\u0131lm\u0131\u015f olan bilgisayarlar\u0131yla bug\u00fcne nas\u0131l d\u00f6neceklerdi?   Orta \u00c7a\u011f\u0131n Ortas\u0131nda, Ge\u00e7mi\u015f Zaman Gezginleri dizisinin alt\u0131nc\u0131 ve son kitab\u0131. Ge\u00e7mi\u015f Zaman Gezginleri, kahramanlar\u0131m\u0131z Do\u011fan, Banu ve Selim&#8217;inTa\u015f Devri, S\u00fcmer \u00dclkesi, Dinozorlar \u00c7a\u011f\u0131, Eski M\u0131s\u0131r, Buz Devri ve Orta \u00c7a\u011fda ge\u00e7en ola\u011fan\u00fcst\u00fc ser\u00fcvenlerini, teknolojiden tarihe, co\u011frafyadan insan bilime uzanan \u00e7ok geni\u015f bir \u00e7er\u00e7eve i\u00e7inde anlat\u0131yor.   \u201cOrta \u00c7a\u011f&#8217;da surlarla \u00e7evrili bir \u015fehirde ya\u015fam sava\u015f\u0131 vermek&#8230; Ok, yay ve manc\u0131n\u0131kla tan\u0131\u015fmak&#8230; Kahramanlar\u0131m\u0131z\u0131n bu maceralar\u0131nda okuyucular\u0131n\u0131 Orta \u00c7a\u011f\u2019da ya\u015famaya davet ederken, roman da ya\u015fan\u0131lan olaylar\u0131n bu \u00e7a\u011fa ait kavramlarla i\u00e7selle\u015ftirilmelerini sa\u011fl\u0131yor. Okuyucular\u0131n\u0131n d\u00fcnya tarihini anlamas\u0131n\u0131 kolayla\u015ft\u0131racak bu maceray\u0131 \u00f6zellikle 7. s\u0131n\u0131f \u00f6\u011frencilerinin okumas\u0131n\u0131 \u00f6neririm.&#8221; &#8211;      Selda Fillik\u00e7io\u011flu &#8211; Sosyal Bilgiler \u00d6\u011fretmeni <\/p>\n","protected":false},"excerpt":{"rendered":"<p>\u201cAyn\u0131 anda geriye d\u00f6nd\u00fcler. Hemen arkalar\u0131nda, bir ok at\u0131m\u0131 uzakta, binlerce ki\u015filik bir ordu duruyordu! Tepeden t\u0131rna\u011fa z\u0131rhlar i\u00e7inde bir ordu&#8230; Askerler, ufuk \u00e7izgisini kara bir<span class=\"excerpt-hellip\"> [\u2026]<\/span><\/p>\n","protected":false},"featured_media":0,"template":"","meta":{"_monsterinsights_skip_tracking":false,"_monsterinsights_sitenote_active":false,"_monsterinsights_sitenote_note":"","_monsterinsights_sitenote_category":0},"product_brand":[],"product_cat":[12275,12274],"product_tag":[],"class_list":{"0":"post-732964","1":"product","2":"type-product","3":"status-publish","5":"product_cat-6-12-yas-kitaplari","6":"product_cat-cocuk-ve-genclik-kitaplari","7":"pa_cilt-ciltsiz","8":"pa_tur-kitap","9":"pa_yayinevi-epsilon-ozel-urun","10":"pa_yazar-mustafa-hakki-kurt","12":"first","13":"instock","14":"sale","15":"shipping-taxable","16":"purchasable","17":"product-type-simple"},"_links":{"self":[{"href":"https:\/\/roveyayinevi.com.tr\/index.php\/wp-json\/wp\/v2\/product\/732964","targetHints":{"allow":["GET"]}}],"collection":[{"href":"https:\/\/roveyayinevi.com.tr\/index.php\/wp-json\/wp\/v2\/product"}],"about":[{"href":"https:\/\/roveyayinevi.com.tr\/index.php\/wp-json\/wp\/v2\/types\/product"}],"wp:attachment":[{"href":"https:\/\/roveyayinevi.com.tr\/index.php\/wp-json\/wp\/v2\/media?parent=732964"}],"wp:term":[{"taxonomy":"product_brand","embeddable":true,"href":"https:\/\/roveyayinevi.com.tr\/index.php\/wp-json\/wp\/v2\/product_brand?post=732964"},{"taxonomy":"product_cat","embeddable":true,"href":"https:\/\/roveyayinevi.com.tr\/index.php\/wp-json\/wp\/v2\/product_cat?post=732964"},{"taxonomy":"product_tag","embeddable":true,"href":"https:\/\/roveyayinevi.com.tr\/index.php\/wp-json\/wp\/v2\/product_tag?post=732964"}],"curies":[{"name":"wp","href":"https:\/\/api.w.org\/{rel}","templated":true}]}}