{"id":732963,"date":"2025-08-27T22:00:34","date_gmt":"2025-08-27T19:00:34","guid":{"rendered":"https:\/\/roveyayinevi.com.tr\/index.php\/urun\/gunluk-dualar-kitabi\/"},"modified":"2026-03-05T03:03:25","modified_gmt":"2026-03-05T00:03:25","slug":"gunluk-dualar-kitabi","status":"publish","type":"product","link":"https:\/\/roveyayinevi.com.tr\/index.php\/urun\/gunluk-dualar-kitabi\/","title":{"rendered":"G\u00fcnl\u00fck Dualar Kitab\u0131"},"content":{"rendered":"<p>\u0130slam b\u00fcy\u00fcklerinin anlatt\u0131klar\u0131na g\u00f6re; gecenin son \u00fc\u00e7te biri kal\u0131nca Allah d\u00fcnya semas\u0131na iner ve \u2018Kim bana dua ediyor, kabul edeyim. Kim benden istiyor, vereyim. Kim ma\u011ffiret diliyor, ba\u011f\u0131\u015flayay\u0131m\u2019 buyurur.Kur\u2019an-\u0131 Kerim\u2019in Bakara Suresi\u2019nin 186. ayetinde de, \u201cEy Muhammed, kullar\u0131m beni sana soruyorlarsa e\u011fer, anlat onlara&#8230; Ben hepsine yak\u0131n\u0131m ve yapt\u0131klar\u0131 her duay\u0131 i\u015fitirim\u201d ifadesi yer al\u0131yor.Prof. Dr. Nihat Hatipo\u011flu bu kitapta, g\u00fcn\u00fcm\u00fcz\u00fc kolayla\u015ft\u0131racak, gecemizi ayd\u0131nlatacak dualar\u0131 ve b\u00fcy\u00fck \u00e2limlerin yakar\u0131\u015flar\u0131n\u0131 derledi, onlara Hz. Muhammed\u2019in de\u011fi\u015fik vesilelerle okudu\u011fu ya da okunmas\u0131n\u0131 tavsiye etti\u011fi dualar\u0131 ekledi. B\u00f6ylece yan\u0131m\u0131zdan ay\u0131rmak istemeyece\u011fimiz bir eser \u00e7\u0131kt\u0131 ortaya.\u201cDuam\u0131z olmasayd\u0131, ne k\u0131ymetimiz olurdu.\u201d<\/p>\n","protected":false},"excerpt":{"rendered":"<p>\u0130slam b\u00fcy\u00fcklerinin anlatt\u0131klar\u0131na g\u00f6re; gecenin son \u00fc\u00e7te biri kal\u0131nca Allah d\u00fcnya semas\u0131na iner ve \u2018Kim bana dua ediyor, kabul edeyim. Kim benden istiyor, vereyim. Kim ma\u011ffiret<span class=\"excerpt-hellip\"> [\u2026]<\/span><\/p>\n","protected":false},"featured_media":0,"template":"","meta":{"_monsterinsights_skip_tracking":false,"_monsterinsights_sitenote_active":false,"_monsterinsights_sitenote_note":"","_monsterinsights_sitenote_category":0},"product_brand":[],"product_cat":[16789,12718,12719],"product_tag":[],"class_list":{"0":"post-732963","1":"product","2":"type-product","3":"status-publish","5":"product_cat-diger-islam","6":"product_cat-din","7":"product_cat-islam","8":"pa_cilt-ciltsiz","9":"pa_tur-kitap","10":"pa_yayinevi-turkuvaz-kitap","11":"pa_yazar-nihat-hatipoglu","13":"first","14":"instock","15":"sale","16":"shipping-taxable","17":"purchasable","18":"product-type-simple"},"_links":{"self":[{"href":"https:\/\/roveyayinevi.com.tr\/index.php\/wp-json\/wp\/v2\/product\/732963","targetHints":{"allow":["GET"]}}],"collection":[{"href":"https:\/\/roveyayinevi.com.tr\/index.php\/wp-json\/wp\/v2\/product"}],"about":[{"href":"https:\/\/roveyayinevi.com.tr\/index.php\/wp-json\/wp\/v2\/types\/product"}],"wp:attachment":[{"href":"https:\/\/roveyayinevi.com.tr\/index.php\/wp-json\/wp\/v2\/media?parent=732963"}],"wp:term":[{"taxonomy":"product_brand","embeddable":true,"href":"https:\/\/roveyayinevi.com.tr\/index.php\/wp-json\/wp\/v2\/product_brand?post=732963"},{"taxonomy":"product_cat","embeddable":true,"href":"https:\/\/roveyayinevi.com.tr\/index.php\/wp-json\/wp\/v2\/product_cat?post=732963"},{"taxonomy":"product_tag","embeddable":true,"href":"https:\/\/roveyayinevi.com.tr\/index.php\/wp-json\/wp\/v2\/product_tag?post=732963"}],"curies":[{"name":"wp","href":"https:\/\/api.w.org\/{rel}","templated":true}]}}