{"id":732962,"date":"2025-08-27T22:00:33","date_gmt":"2025-08-27T19:00:33","guid":{"rendered":"https:\/\/roveyayinevi.com.tr\/index.php\/urun\/cam-sakiz-ve-hareketli-sakizlar\/"},"modified":"2026-04-12T02:47:49","modified_gmt":"2026-04-11T23:47:49","slug":"cam-sakiz-ve-hareketli-sakizlar","status":"publish","type":"product","link":"https:\/\/roveyayinevi.com.tr\/index.php\/urun\/cam-sakiz-ve-hareketli-sakizlar\/","title":{"rendered":"\u00c7am Sak\u0131z ve Hareketli Sak\u0131zlar"},"content":{"rendered":"<p>Beton ormanlar\u0131n\u0131n ye\u015fil ormanlar\u0131 ele ge\u00e7irdi\u011fi bir gelecekte ayakta kalan tek bir \u00e7am orman\u0131 varm\u0131\u015f. Bu ormanda ise ailesiyle ve di\u011fer canl\u0131larla ya\u015fayan minik bir \u00e7am sak\u0131z\u0131&#8230; Ama \u00c7amsak\u0131z evinde \u00e7ok s\u0131k\u0131l\u0131yor, \u015fehri merak ediyormu\u015f. Gezmek, hareketli bir sak\u0131z olmak istiyormu\u015f. Bu dile\u011fine de kavu\u015fmu\u015f sonunda ama&#8230;   Banu Bozdemir&#8217;den okuru do\u011faya \u00e7a\u011f\u0131racak keyifli bir macera.   &#8220;Hayatlar ve hayaller&#8230; Biri ya\u015fad\u0131\u011f\u0131m\u0131z, bizi biz eden bir kavramken di\u011feri sonunu d\u00fc\u015f\u00fcnmeden sadece ya\u015famak istedi\u011fimiz bir r\u00fcya&#8230; Peki, as\u0131l hayal gibi olan hayat\u0131m\u0131z ise? \u00c7amsak\u0131z as\u0131l r\u00fcyan\u0131n &#8216;ya\u015fad\u0131\u011f\u0131m\u0131z an&#8217; oldu\u011funu bize yeniden hat\u0131rlatan s\u0131cac\u0131k bir \u00f6yk\u00fc&#8230;&#8221; &#8211;      Ay\u015fen Beypars-T\u00fcrk\u00e7e \u00d6\u011fretmeni <\/p>\n","protected":false},"excerpt":{"rendered":"<p>Beton ormanlar\u0131n\u0131n ye\u015fil ormanlar\u0131 ele ge\u00e7irdi\u011fi bir gelecekte ayakta kalan tek bir \u00e7am orman\u0131 varm\u0131\u015f. Bu ormanda ise ailesiyle ve di\u011fer canl\u0131larla ya\u015fayan minik bir \u00e7am<span class=\"excerpt-hellip\"> [\u2026]<\/span><\/p>\n","protected":false},"featured_media":0,"template":"","meta":{"_monsterinsights_skip_tracking":false,"_monsterinsights_sitenote_active":false,"_monsterinsights_sitenote_note":"","_monsterinsights_sitenote_category":0},"product_brand":[],"product_cat":[12275,12274],"product_tag":[],"class_list":{"0":"post-732962","1":"product","2":"type-product","3":"status-publish","5":"product_cat-6-12-yas-kitaplari","6":"product_cat-cocuk-ve-genclik-kitaplari","7":"pa_cilt-ciltsiz","8":"pa_tur-kitap","9":"pa_yayinevi-epsilon-ozel-urun","10":"pa_yazar-banu-bozdemir","12":"first","13":"instock","14":"sale","15":"shipping-taxable","16":"purchasable","17":"product-type-simple"},"_links":{"self":[{"href":"https:\/\/roveyayinevi.com.tr\/index.php\/wp-json\/wp\/v2\/product\/732962","targetHints":{"allow":["GET"]}}],"collection":[{"href":"https:\/\/roveyayinevi.com.tr\/index.php\/wp-json\/wp\/v2\/product"}],"about":[{"href":"https:\/\/roveyayinevi.com.tr\/index.php\/wp-json\/wp\/v2\/types\/product"}],"wp:attachment":[{"href":"https:\/\/roveyayinevi.com.tr\/index.php\/wp-json\/wp\/v2\/media?parent=732962"}],"wp:term":[{"taxonomy":"product_brand","embeddable":true,"href":"https:\/\/roveyayinevi.com.tr\/index.php\/wp-json\/wp\/v2\/product_brand?post=732962"},{"taxonomy":"product_cat","embeddable":true,"href":"https:\/\/roveyayinevi.com.tr\/index.php\/wp-json\/wp\/v2\/product_cat?post=732962"},{"taxonomy":"product_tag","embeddable":true,"href":"https:\/\/roveyayinevi.com.tr\/index.php\/wp-json\/wp\/v2\/product_tag?post=732962"}],"curies":[{"name":"wp","href":"https:\/\/api.w.org\/{rel}","templated":true}]}}