{"id":732960,"date":"2025-08-27T22:00:31","date_gmt":"2025-08-27T19:00:31","guid":{"rendered":"https:\/\/roveyayinevi.com.tr\/index.php\/urun\/george-orwell-secme-eserler-ciltli\/"},"modified":"2026-04-16T02:40:47","modified_gmt":"2026-04-15T23:40:47","slug":"george-orwell-secme-eserler-ciltli","status":"publish","type":"product","link":"https:\/\/roveyayinevi.com.tr\/index.php\/urun\/george-orwell-secme-eserler-ciltli\/","title":{"rendered":"George Orwell Se\u00e7me Eserler (Ciltli)"},"content":{"rendered":"<p>Distopya edebiyat\u0131n\u0131n \u00fcnl\u00fc yazar\u0131 George Orwell 20. y\u00fczy\u0131lda kaleme ald\u0131\u011f\u0131 birbirinden de\u011ferli eserleriyle g\u00fcn\u00fcm\u00fczde en \u00e7ok okunan yazarlardan biri olmu\u015ftur. Orwell\u2019\u0131n ya\u015fam\u0131, yaz\u0131lar\u0131n\u0131 etkilemi\u015f olan deneyimlerle doludur. \u0130ngiliz romanc\u0131, ele\u015ftirmen ve gazeteci olan yazar, en \u00e7ok d\u00fcnyaca \u00fcnl\u00fc 1984 isimli roman\u0131 ve bu romanda yaratt\u0131\u011f\u0131 Big Brother kavram\u0131yla tan\u0131nm\u0131\u015ft\u0131r. Elinizdeki kitapta George Orwell\u2019\u0131n en \u00e7ok okunan 1984, Hayvan \u00c7iftli\u011fi, Fakirler Nas\u0131l \u00d6l\u00fcr?, Burma G\u00fcnleri adl\u0131 eserleri yer almaktad\u0131r.   Eserlerinde zek\u00e2, toplumsal adaletsizli\u011fe kar\u015f\u0131 fark\u0131ndal\u0131k ve netlik yer almaktad\u0131r. George Orwell\u2019\u0131n se\u00e7me eserlerini bir araya getirdi\u011fimiz bu \u00f6zel ciltle okurlar\u0131 \u00e7e\u015fitli konular\u0131 i\u015fledi\u011fi eserleriyle bir araya getirmekten dolay\u0131 mutluluk duyuyoruz.<\/p>\n","protected":false},"excerpt":{"rendered":"<p>Distopya edebiyat\u0131n\u0131n \u00fcnl\u00fc yazar\u0131 George Orwell 20. y\u00fczy\u0131lda kaleme ald\u0131\u011f\u0131 birbirinden de\u011ferli eserleriyle g\u00fcn\u00fcm\u00fczde en \u00e7ok okunan yazarlardan biri olmu\u015ftur. Orwell\u2019\u0131n ya\u015fam\u0131, yaz\u0131lar\u0131n\u0131 etkilemi\u015f olan deneyimlerle<span class=\"excerpt-hellip\"> [\u2026]<\/span><\/p>\n","protected":false},"featured_media":0,"template":"","meta":{"_monsterinsights_skip_tracking":false,"_monsterinsights_sitenote_active":false,"_monsterinsights_sitenote_note":"","_monsterinsights_sitenote_category":0},"product_brand":[],"product_cat":[12291,12711],"product_tag":[],"class_list":{"0":"post-732960","1":"product","2":"type-product","3":"status-publish","5":"product_cat-edebiyat","6":"product_cat-roman-oyku","7":"pa_cilt-ciltli","8":"pa_tur-kitap","9":"pa_yayinevi-ren-kitap","10":"pa_yazar-george-orwell","12":"first","13":"instock","14":"sale","15":"shipping-taxable","16":"purchasable","17":"product-type-simple"},"_links":{"self":[{"href":"https:\/\/roveyayinevi.com.tr\/index.php\/wp-json\/wp\/v2\/product\/732960","targetHints":{"allow":["GET"]}}],"collection":[{"href":"https:\/\/roveyayinevi.com.tr\/index.php\/wp-json\/wp\/v2\/product"}],"about":[{"href":"https:\/\/roveyayinevi.com.tr\/index.php\/wp-json\/wp\/v2\/types\/product"}],"wp:attachment":[{"href":"https:\/\/roveyayinevi.com.tr\/index.php\/wp-json\/wp\/v2\/media?parent=732960"}],"wp:term":[{"taxonomy":"product_brand","embeddable":true,"href":"https:\/\/roveyayinevi.com.tr\/index.php\/wp-json\/wp\/v2\/product_brand?post=732960"},{"taxonomy":"product_cat","embeddable":true,"href":"https:\/\/roveyayinevi.com.tr\/index.php\/wp-json\/wp\/v2\/product_cat?post=732960"},{"taxonomy":"product_tag","embeddable":true,"href":"https:\/\/roveyayinevi.com.tr\/index.php\/wp-json\/wp\/v2\/product_tag?post=732960"}],"curies":[{"name":"wp","href":"https:\/\/api.w.org\/{rel}","templated":true}]}}