{"id":732959,"date":"2025-08-27T22:00:30","date_gmt":"2025-08-27T19:00:30","guid":{"rendered":"https:\/\/roveyayinevi.com.tr\/index.php\/urun\/ihtilal-i-nizam\/"},"modified":"2026-04-16T02:40:47","modified_gmt":"2026-04-15T23:40:47","slug":"ihtilal-i-nizam","status":"publish","type":"product","link":"https:\/\/roveyayinevi.com.tr\/index.php\/urun\/ihtilal-i-nizam\/","title":{"rendered":"\u0130htilal-i Nizam"},"content":{"rendered":"<p>T\u00fcrkiye\u2019nin 1941\u2019den 1980\u2019e\u2026 Askeri M\u00fcdahaleler Tarihi: 1941-1960: Ordudaki Gizli \u00d6rg\u00fctlenmeler ve Cuntalar 1957: 9 Subay Olay\u0131 1960: 27 May\u0131s Askeri M\u00fcdahalesi 1961: SKB Cuntas\u0131 ve \u0130stanbul Protokol\u00fc 1962: 22 \u015eubat Darbe Kalk\u0131\u015fmas\u0131 1962: 11 Havac\u0131 Subay Cuntas\u0131 1963: 21 May\u0131s Darbe Kalk\u0131\u015fmas\u0131 1971: 12 Mart Muht\u0131ras\u0131 1980: 12 Eyl\u00fcl Askeri M\u00fcdahalesi \u201cihtilal, darbe ve devrim yap\u0131lmaz; gelir\u2026\u201d Volta\u0131re (1694-1778) Bu kitap \u201cGEL\u0130R\u201dleri anlat\u0131yor\u2026<\/p>\n","protected":false},"excerpt":{"rendered":"<p>T\u00fcrkiye\u2019nin 1941\u2019den 1980\u2019e\u2026 Askeri M\u00fcdahaleler Tarihi: 1941-1960: Ordudaki Gizli \u00d6rg\u00fctlenmeler ve Cuntalar 1957: 9 Subay Olay\u0131 1960: 27 May\u0131s Askeri M\u00fcdahalesi 1961: SKB Cuntas\u0131 ve \u0130stanbul<span class=\"excerpt-hellip\"> [\u2026]<\/span><\/p>\n","protected":false},"featured_media":0,"template":"","meta":{"_monsterinsights_skip_tracking":false,"_monsterinsights_sitenote_active":false,"_monsterinsights_sitenote_note":"","_monsterinsights_sitenote_category":0},"product_brand":[],"product_cat":[12370,12304],"product_tag":[],"class_list":{"0":"post-732959","1":"product","2":"type-product","3":"status-publish","5":"product_cat-arastirma-inceleme","6":"product_cat-tarih","7":"pa_cilt-ciltsiz","8":"pa_tur-kitap","9":"pa_yayinevi-inkilap-kitabevi","10":"pa_yazar-osman-pamukoglu","12":"first","13":"instock","14":"sale","15":"shipping-taxable","16":"purchasable","17":"product-type-simple"},"_links":{"self":[{"href":"https:\/\/roveyayinevi.com.tr\/index.php\/wp-json\/wp\/v2\/product\/732959","targetHints":{"allow":["GET"]}}],"collection":[{"href":"https:\/\/roveyayinevi.com.tr\/index.php\/wp-json\/wp\/v2\/product"}],"about":[{"href":"https:\/\/roveyayinevi.com.tr\/index.php\/wp-json\/wp\/v2\/types\/product"}],"wp:attachment":[{"href":"https:\/\/roveyayinevi.com.tr\/index.php\/wp-json\/wp\/v2\/media?parent=732959"}],"wp:term":[{"taxonomy":"product_brand","embeddable":true,"href":"https:\/\/roveyayinevi.com.tr\/index.php\/wp-json\/wp\/v2\/product_brand?post=732959"},{"taxonomy":"product_cat","embeddable":true,"href":"https:\/\/roveyayinevi.com.tr\/index.php\/wp-json\/wp\/v2\/product_cat?post=732959"},{"taxonomy":"product_tag","embeddable":true,"href":"https:\/\/roveyayinevi.com.tr\/index.php\/wp-json\/wp\/v2\/product_tag?post=732959"}],"curies":[{"name":"wp","href":"https:\/\/api.w.org\/{rel}","templated":true}]}}