{"id":732958,"date":"2025-08-27T22:00:29","date_gmt":"2025-08-27T19:00:29","guid":{"rendered":"https:\/\/roveyayinevi.com.tr\/index.php\/urun\/unutulmayan-eserler-turk-islam-tarihi-10\/"},"modified":"2026-04-16T02:40:47","modified_gmt":"2026-04-15T23:40:47","slug":"unutulmayan-eserler-turk-islam-tarihi-10","status":"publish","type":"product","link":"https:\/\/roveyayinevi.com.tr\/index.php\/urun\/unutulmayan-eserler-turk-islam-tarihi-10\/","title":{"rendered":"Unutulmayan Eserler &#8211; T\u00fcrk \u0130slam Tarihi 10"},"content":{"rendered":"<p>Unutulmayan Eserler, Sel\u00e7uklular\u0131n k\u00fclt\u00fcr ve uygarl\u0131\u011fa yapt\u0131\u011f\u0131 katk\u0131lar\u0131 ele al\u0131yor. Devlet y\u00f6netiminden saray te\u015fkilat\u0131na, ekonomiden orduya, sosyal ya\u015famdan din ve inan\u0131\u015fa kadar pek \u00e7ok konuya \u0131\u015f\u0131k tutulanUnutulmayan Eserler\u2019deSel\u00e7uklu vak\u0131flar\u0131 ve Sel\u00e7uklular\u0131n o d\u00f6nemde olu\u015fturdu\u011fu posta te\u015fkilat\u0131 gibi bilim ve sanat alan\u0131nda verilen pek \u00e7ok esere de yer veriliyor.MEB m\u00fcfredat\u0131na uygun ve kolay okunabilenUnutulmayan Eserlerile tarihte bir yolculu\u011fa \u00e7\u0131kmaya haz\u0131r m\u0131s\u0131n\u0131z?<\/p>\n","protected":false},"excerpt":{"rendered":"<p>Unutulmayan Eserler, Sel\u00e7uklular\u0131n k\u00fclt\u00fcr ve uygarl\u0131\u011fa yapt\u0131\u011f\u0131 katk\u0131lar\u0131 ele al\u0131yor. Devlet y\u00f6netiminden saray te\u015fkilat\u0131na, ekonomiden orduya, sosyal ya\u015famdan din ve inan\u0131\u015fa kadar pek \u00e7ok konuya \u0131\u015f\u0131k<span class=\"excerpt-hellip\"> [\u2026]<\/span><\/p>\n","protected":false},"featured_media":0,"template":"","meta":{"_monsterinsights_skip_tracking":false,"_monsterinsights_sitenote_active":false,"_monsterinsights_sitenote_note":"","_monsterinsights_sitenote_category":0},"product_brand":[],"product_cat":[12275,12274],"product_tag":[],"class_list":{"0":"post-732958","1":"product","2":"type-product","3":"status-publish","5":"product_cat-6-12-yas-kitaplari","6":"product_cat-cocuk-ve-genclik-kitaplari","7":"pa_cilt-ciltsiz","8":"pa_tur-kitap","9":"pa_yayinevi-genc-timas","10":"pa_yazar-metin-ozdamarlar","12":"first","13":"instock","14":"sale","15":"shipping-taxable","16":"purchasable","17":"product-type-simple"},"_links":{"self":[{"href":"https:\/\/roveyayinevi.com.tr\/index.php\/wp-json\/wp\/v2\/product\/732958","targetHints":{"allow":["GET"]}}],"collection":[{"href":"https:\/\/roveyayinevi.com.tr\/index.php\/wp-json\/wp\/v2\/product"}],"about":[{"href":"https:\/\/roveyayinevi.com.tr\/index.php\/wp-json\/wp\/v2\/types\/product"}],"wp:attachment":[{"href":"https:\/\/roveyayinevi.com.tr\/index.php\/wp-json\/wp\/v2\/media?parent=732958"}],"wp:term":[{"taxonomy":"product_brand","embeddable":true,"href":"https:\/\/roveyayinevi.com.tr\/index.php\/wp-json\/wp\/v2\/product_brand?post=732958"},{"taxonomy":"product_cat","embeddable":true,"href":"https:\/\/roveyayinevi.com.tr\/index.php\/wp-json\/wp\/v2\/product_cat?post=732958"},{"taxonomy":"product_tag","embeddable":true,"href":"https:\/\/roveyayinevi.com.tr\/index.php\/wp-json\/wp\/v2\/product_tag?post=732958"}],"curies":[{"name":"wp","href":"https:\/\/api.w.org\/{rel}","templated":true}]}}