{"id":732956,"date":"2025-08-27T22:00:27","date_gmt":"2025-08-27T19:00:27","guid":{"rendered":"https:\/\/roveyayinevi.com.tr\/index.php\/urun\/olmeden-once-turkiyede-gorulmesi-gereken-yerler\/"},"modified":"2026-04-16T02:40:47","modified_gmt":"2026-04-15T23:40:47","slug":"olmeden-once-turkiyede-gorulmesi-gereken-yerler","status":"publish","type":"product","link":"https:\/\/roveyayinevi.com.tr\/index.php\/urun\/olmeden-once-turkiyede-gorulmesi-gereken-yerler\/","title":{"rendered":"\u00d6lmeden \u00d6nce T\u00fcrkiye\u2019de G\u00f6r\u00fclmesi Gereken Yerler"},"content":{"rendered":"<p>\u00c7ok ki\u015fiye gezmeyi, daha \u00e7ok gezmeyi tavsiye etmi\u015fimdir. \u00d6nce ya\u015fad\u0131\u011f\u0131n kenti, do\u011fup b\u00fcy\u00fcd\u00fc\u011f\u00fcn co\u011frafyay\u0131, \u00fclkeyi, ard\u0131ndan bize emanet edilen ancak ihanet edip yok etmeye ba\u015flad\u0131\u011f\u0131m\u0131z bu muhte\u015fem gezegeni gezmek\u2026 Tabii ki bizlerden \u00f6nce b\u0131rak\u0131lan izleri s\u00fcrerek, okuyarak, ara\u015ft\u0131rarak gezmek. Hatta bir iz b\u0131rakacak kadar derinlemesine gezmek. Do\u011fas\u0131ndan, insan y\u00fczlerine nak\u015folmu\u015f k\u00fclt\u00fcrleri tan\u0131yarak, belgeleyerek gezmek. Bu g\u00f6rkemli ya\u015fam\u0131 bir misyon gibi g\u00f6ren insanlar\u0131n say\u0131s\u0131 az. Bunlardan biri de Seymen Bozaslan. Bu kitab\u0131yla gezginlerin d\u00fcnyas\u0131na en g\u00fczel izlerden birini b\u0131rakt\u0131. \u00d6lmeden \u00f6nce mutlaka g\u00f6rmeniz gereken yerlere yeni duraklar ekleyen Seymen Bozaslan\u2019a \u201cEllerine sa\u011fl\u0131k,\u201d demek d\u00fc\u015f\u00fcyor bana.Co\u015fkun AralSava\u015f Foto\u011fraf\u00e7\u0131s\u0131, Gazeteci, Gezgin, Belgesel Yap\u0131mc\u0131s\u0131Seymen Bozaslan\u2019\u0131n foto\u011fraflar\u0131ndaki r\u00fczg\u00e2ra kanat a\u00e7arak hayal d\u00fcnyas\u0131nda harika bir gezinti yapt\u0131ktan sonra, ini\u015f tak\u0131m\u0131 olan kalemle k\u00e2\u011f\u0131ttan bir piste ula\u015fmak, i\u00e7imde yazmak duygusunun uyanmas\u0131 ne g\u00fczel!&#8230; \u0130lham veren foto\u011fraflar bunlar, s\u00f6zc\u00fckler \u00e7a\u011f\u0131ran\u2026Sunay Ak\u0131n\u015eair, Yazar, Ara\u015ft\u0131rmac\u0131Seymen Bozaslan \u00e7ok iyi bir gezgin. T\u00fcrkiye\u2019nin g\u00fczelliklerini o kadar farkl\u0131 a\u00e7\u0131lardan yans\u0131t\u0131yor ki \u201cBuray\u0131 \u015fimdiye kadar neden g\u00f6rmedim?\u201d sorusunu say\u0131s\u0131z ki\u015fiye sordurdu\u011funa eminim. Birbirine benzeyen, hatta taklit i\u00e7eriklerin deryaya d\u00f6n\u00fc\u015ft\u00fc\u011f\u00fc sosyal medya ortam\u0131nda, \u00f6zg\u00fcn olma \u00e7abas\u0131 ve yeninin pe\u015fine d\u00fc\u015fme heyecan\u0131 takdiri hak ediyor. Seksen bir ile ayak basarak haz\u0131rlad\u0131\u011f\u0131 bu kitab\u0131n, onun i\u00e7in \u00f6nemli bir ad\u0131m, okurlar i\u00e7in \u00f6nemli bir kaynak oldu\u011funa inan\u0131yorum. \u00dclkemizin hazineleri aras\u0131nda reng\u00e2renk bir yolculuk sunan bu g\u00fczel \u00e7al\u0131\u015fmadaki her sayfan\u0131n, yeni ke\u015fiflere kap\u0131 a\u00e7mas\u0131 dile\u011fiyle\u2026Saffet Emre Tongu\u00e7Tarih\u00e7i, Yazar, Profesyonel Rehber<\/p>\n","protected":false},"excerpt":{"rendered":"<p>\u00c7ok ki\u015fiye gezmeyi, daha \u00e7ok gezmeyi tavsiye etmi\u015fimdir. \u00d6nce ya\u015fad\u0131\u011f\u0131n kenti, do\u011fup b\u00fcy\u00fcd\u00fc\u011f\u00fcn co\u011frafyay\u0131, \u00fclkeyi, ard\u0131ndan bize emanet edilen ancak ihanet edip yok etmeye ba\u015flad\u0131\u011f\u0131m\u0131z bu<span class=\"excerpt-hellip\"> [\u2026]<\/span><\/p>\n","protected":false},"featured_media":0,"template":"","meta":{"_monsterinsights_skip_tracking":false,"_monsterinsights_sitenote_active":false,"_monsterinsights_sitenote_note":"","_monsterinsights_sitenote_category":0},"product_brand":[],"product_cat":[13055,13054],"product_tag":[],"class_list":{"0":"post-732956","1":"product","2":"type-product","3":"status-publish","5":"product_cat-gezi-rehberi","6":"product_cat-gezi-ve-rehber-kitaplari","7":"pa_cilt-ciltli","8":"pa_tur-kitap","9":"pa_yayinevi-altin-kitaplar","10":"pa_yazar-seymen-bozaslan","12":"first","13":"instock","14":"sale","15":"shipping-taxable","16":"purchasable","17":"product-type-simple"},"_links":{"self":[{"href":"https:\/\/roveyayinevi.com.tr\/index.php\/wp-json\/wp\/v2\/product\/732956","targetHints":{"allow":["GET"]}}],"collection":[{"href":"https:\/\/roveyayinevi.com.tr\/index.php\/wp-json\/wp\/v2\/product"}],"about":[{"href":"https:\/\/roveyayinevi.com.tr\/index.php\/wp-json\/wp\/v2\/types\/product"}],"wp:attachment":[{"href":"https:\/\/roveyayinevi.com.tr\/index.php\/wp-json\/wp\/v2\/media?parent=732956"}],"wp:term":[{"taxonomy":"product_brand","embeddable":true,"href":"https:\/\/roveyayinevi.com.tr\/index.php\/wp-json\/wp\/v2\/product_brand?post=732956"},{"taxonomy":"product_cat","embeddable":true,"href":"https:\/\/roveyayinevi.com.tr\/index.php\/wp-json\/wp\/v2\/product_cat?post=732956"},{"taxonomy":"product_tag","embeddable":true,"href":"https:\/\/roveyayinevi.com.tr\/index.php\/wp-json\/wp\/v2\/product_tag?post=732956"}],"curies":[{"name":"wp","href":"https:\/\/api.w.org\/{rel}","templated":true}]}}