{"id":732955,"date":"2025-08-27T22:00:26","date_gmt":"2025-08-27T19:00:26","guid":{"rendered":"https:\/\/roveyayinevi.com.tr\/index.php\/urun\/guz-sermali-vecd\/"},"modified":"2026-04-16T02:40:47","modified_gmt":"2026-04-15T23:40:47","slug":"guz-sermali-vecd","status":"publish","type":"product","link":"https:\/\/roveyayinevi.com.tr\/index.php\/urun\/guz-sermali-vecd\/","title":{"rendered":"G\u00fcz Sermal\u0131 Vecd"},"content":{"rendered":"<p>Gitmi\u015fti Do\u011fan. Ay\u015fem\u2019i, her \u015feyden \u00e7ok sevdi\u011fi kad\u0131n\u0131, \u015eanl\u0131urfa\u2019da b\u0131rak\u0131p gitmi\u015fti. \u015eimdi, \u201cGel!\u201d deme s\u0131ras\u0131 Ay\u015fem\u2019deydi ama Ay\u015fem bu ad\u0131m\u0131 atacak m\u0131yd\u0131? Art\u0131k be\u015f sene \u00f6nceki gibi de\u011fillerdi. \u00c7ocukluk bitmi\u015f, o u\u00e7ar\u0131 a\u015fk yerini kara sevdaya b\u0131rakm\u0131\u015ft\u0131. Peki, bu sevda daha nelerle s\u0131nanacak ve ka\u00e7 kere daha ate\u015f alt\u0131nda kalacakt\u0131? Ay\u015fem\u2019in yasemin kokusu olmadan Do\u011fan, Do\u011fan\u2019\u0131n ye\u015fil g\u00f6zlerinde kaybolmadan Ay\u015fem, bu hayata daha ne kadar dayanabilirlerdi? Geleneklere ba\u015fkald\u0131ran Ay\u015fem, Mezopotamya\u2019da unutulmayacak bir r\u00fczg\u00e2r estirirken, bu dillere destan a\u015fk da son s\u00fcrat devam edecekti! Ac\u0131lara ortak olaca\u011f\u0131n\u0131z, mutlu anlarda sevin\u00e7leri payla\u015faca\u011f\u0131n\u0131z, a\u015fk\u0131n ve dostlu\u011fun had safhaya ula\u015ft\u0131\u011f\u0131 G\u00fcz Sarmal\u0131 Vecd, sizleri bu hik\u00e2yenin birer kahraman\u0131 yapmaya geliyor&#8230; <\/p>\n","protected":false},"excerpt":{"rendered":"<p>Gitmi\u015fti Do\u011fan. Ay\u015fem\u2019i, her \u015feyden \u00e7ok sevdi\u011fi kad\u0131n\u0131, \u015eanl\u0131urfa\u2019da b\u0131rak\u0131p gitmi\u015fti. \u015eimdi, \u201cGel!\u201d deme s\u0131ras\u0131 Ay\u015fem\u2019deydi ama Ay\u015fem bu ad\u0131m\u0131 atacak m\u0131yd\u0131? Art\u0131k be\u015f sene \u00f6nceki<span class=\"excerpt-hellip\"> [\u2026]<\/span><\/p>\n","protected":false},"featured_media":0,"template":"","meta":{"_monsterinsights_skip_tracking":false,"_monsterinsights_sitenote_active":false,"_monsterinsights_sitenote_note":"","_monsterinsights_sitenote_category":0},"product_brand":[],"product_cat":[12291,12711],"product_tag":[],"class_list":{"0":"post-732955","1":"product","2":"type-product","3":"status-publish","5":"product_cat-edebiyat","6":"product_cat-roman-oyku","7":"pa_cilt-ciltsiz","8":"pa_tur-kitap","9":"pa_yayinevi-muptela-yayinevi","10":"pa_yazar-payelll","12":"first","13":"instock","14":"sale","15":"shipping-taxable","16":"purchasable","17":"product-type-simple"},"_links":{"self":[{"href":"https:\/\/roveyayinevi.com.tr\/index.php\/wp-json\/wp\/v2\/product\/732955","targetHints":{"allow":["GET"]}}],"collection":[{"href":"https:\/\/roveyayinevi.com.tr\/index.php\/wp-json\/wp\/v2\/product"}],"about":[{"href":"https:\/\/roveyayinevi.com.tr\/index.php\/wp-json\/wp\/v2\/types\/product"}],"wp:attachment":[{"href":"https:\/\/roveyayinevi.com.tr\/index.php\/wp-json\/wp\/v2\/media?parent=732955"}],"wp:term":[{"taxonomy":"product_brand","embeddable":true,"href":"https:\/\/roveyayinevi.com.tr\/index.php\/wp-json\/wp\/v2\/product_brand?post=732955"},{"taxonomy":"product_cat","embeddable":true,"href":"https:\/\/roveyayinevi.com.tr\/index.php\/wp-json\/wp\/v2\/product_cat?post=732955"},{"taxonomy":"product_tag","embeddable":true,"href":"https:\/\/roveyayinevi.com.tr\/index.php\/wp-json\/wp\/v2\/product_tag?post=732955"}],"curies":[{"name":"wp","href":"https:\/\/api.w.org\/{rel}","templated":true}]}}