{"id":732954,"date":"2025-08-27T22:00:25","date_gmt":"2025-08-27T19:00:25","guid":{"rendered":"https:\/\/roveyayinevi.com.tr\/index.php\/urun\/durust-olmam-gerekirse-ciltli\/"},"modified":"2026-04-13T02:49:45","modified_gmt":"2026-04-12T23:49:45","slug":"durust-olmam-gerekirse-ciltli","status":"publish","type":"product","link":"https:\/\/roveyayinevi.com.tr\/index.php\/urun\/durust-olmam-gerekirse-ciltli\/","title":{"rendered":"D\u00fcr\u00fcst Olmam Gerekirse (Ciltli)"},"content":{"rendered":"<p>D\u00fcr\u00fcstl\u00fc\u011f\u00fc onu hi\u00e7 yenilgiye u\u011fratmam\u0131\u015ft\u0131\u2026 Ta ki kazanamayaca\u011f\u0131 tek sava\u015f\u0131n ortas\u0131na d\u00fc\u015fene dek.   Cameron Bright, gitti\u011fi \u00f6zel lisenin krali\u00e7esiydi. G\u00fczel, yetenekli, ba\u015far\u0131l\u0131 ve ac\u0131mas\u0131zca d\u00fcr\u00fcst oldu\u011fundan, kimse yoluna \u00e7\u0131kmak istemiyordu. Ancak uzun zamand\u0131r ho\u015fland\u0131\u011f\u0131 Andrew\u2019un yan\u0131nda \u00e7enesini tutamad\u0131\u011f\u0131nda, asl\u0131nda o kadar da sevilesi \u00f6zellikleri olmad\u0131\u011f\u0131 ortaya \u00e7\u0131km\u0131\u015ft\u0131.   Onu tekrar kazanmak ad\u0131na Cameron, t\u0131pk\u0131 Shakespeare\u2019in H\u0131r\u00e7\u0131n K\u0131z\u2019\u0131nda oldu\u011fu gibi kendini \u201cehlile\u015ftirmeye\u201d karar verdi. \u0130\u015fe ge\u00e7mi\u015fteki hatalar\u0131n\u0131 telafi ederek ba\u015flayacakt\u0131. Alt\u0131nc\u0131 s\u0131n\u0131fta berbat bir lakap takt\u0131\u011f\u0131 Brendon\u2019dan ba\u015flayarak, bile isteye k\u0131rd\u0131\u011f\u0131 herkesten \u00f6z\u00fcr dileyecekti. Amac\u0131na ula\u015fmas\u0131 art\u0131k an meselesiydi. Fakat Cameron de\u011fi\u015fmeye ba\u015flam\u0131\u015ft\u0131 \u2013 hem de hi\u00e7 ummad\u0131\u011f\u0131 bir bi\u00e7imde.     \u201cCameron ac\u0131mas\u0131z oldu\u011fu kadar zeki, kendisinin fark\u0131nda ve istedi\u011fi mutlu sona kavu\u015fabilmek i\u00e7in her \u015feyi g\u00f6ze alabilecek kadar korkusuz bir karakter.\u201d \u2014NPR   \u201cKarakterlere bay\u0131laca\u011f\u0131n\u0131z feminist bir romantik komedi.\u201d \u2014Buzzfeed   \u201cHatalar\u0131n\u0131z\u0131 kabullenip nas\u0131l daha iyi bir insan olabilece\u011finize dair g\u00fc\u00e7l\u00fc bir mesaj\u0131 var.\u201d \u2014Washington Post   \u201cLisede ge\u00e7en Shakespeare hik\u00e2yelerini okumak \u00e7ok keyifli.\u201d \u2014Booklist   \u201cPi\u015fmanl\u0131\u011fa, kendini ke\u015ffetmeye ve ger\u00e7ek a\u015fka dair umut dolu bir hik\u00e2ye.\u201d \u2014Brightly   \u201cKi\u015fili\u011finden \u00f6d\u00fcn vermeden de nazik olunabilece\u011fine dair mesaj\u0131 takdire \u015fayan.\u201d \u2014Kirkus   \u201cBu gen\u00e7lik romantik komedisinde ihtiyac\u0131m olan her \u015fey var.\u201d \u2014Robyn Schneider   \u201cHem Shakespeare\u2019e hem de romantik komedi kitaplar\u0131na yepyeni bir g\u00f6zle bakacaks\u0131n\u0131z.\u201d \u2014Rachel Hawkins   \u201cH\u0131r\u00e7\u0131n K\u0131z\u2019\u0131n klasik anlat\u0131s\u0131na feminist bir ters k\u00f6\u015fe yap\u0131yor.\u201d \u2014Joy McCullough <\/p>\n","protected":false},"excerpt":{"rendered":"<p>D\u00fcr\u00fcstl\u00fc\u011f\u00fc onu hi\u00e7 yenilgiye u\u011fratmam\u0131\u015ft\u0131\u2026 Ta ki kazanamayaca\u011f\u0131 tek sava\u015f\u0131n ortas\u0131na d\u00fc\u015fene dek. Cameron Bright, gitti\u011fi \u00f6zel lisenin krali\u00e7esiydi. G\u00fczel, yetenekli, ba\u015far\u0131l\u0131 ve ac\u0131mas\u0131zca d\u00fcr\u00fcst oldu\u011fundan,<span class=\"excerpt-hellip\"> [\u2026]<\/span><\/p>\n","protected":false},"featured_media":0,"template":"","meta":{"_monsterinsights_skip_tracking":false,"_monsterinsights_sitenote_active":false,"_monsterinsights_sitenote_note":"","_monsterinsights_sitenote_category":0},"product_brand":[],"product_cat":[12291,12711],"product_tag":[],"class_list":{"0":"post-732954","1":"product","2":"type-product","3":"status-publish","5":"product_cat-edebiyat","6":"product_cat-roman-oyku","7":"pa_cilt-ciltli","8":"pa_tur-kitap","9":"pa_yayinevi-yabanci-yayinevi","10":"pa_yazar-emily-wibberley-austin-siegemund-broka","12":"first","13":"instock","14":"sale","15":"shipping-taxable","16":"purchasable","17":"product-type-simple"},"_links":{"self":[{"href":"https:\/\/roveyayinevi.com.tr\/index.php\/wp-json\/wp\/v2\/product\/732954","targetHints":{"allow":["GET"]}}],"collection":[{"href":"https:\/\/roveyayinevi.com.tr\/index.php\/wp-json\/wp\/v2\/product"}],"about":[{"href":"https:\/\/roveyayinevi.com.tr\/index.php\/wp-json\/wp\/v2\/types\/product"}],"wp:attachment":[{"href":"https:\/\/roveyayinevi.com.tr\/index.php\/wp-json\/wp\/v2\/media?parent=732954"}],"wp:term":[{"taxonomy":"product_brand","embeddable":true,"href":"https:\/\/roveyayinevi.com.tr\/index.php\/wp-json\/wp\/v2\/product_brand?post=732954"},{"taxonomy":"product_cat","embeddable":true,"href":"https:\/\/roveyayinevi.com.tr\/index.php\/wp-json\/wp\/v2\/product_cat?post=732954"},{"taxonomy":"product_tag","embeddable":true,"href":"https:\/\/roveyayinevi.com.tr\/index.php\/wp-json\/wp\/v2\/product_tag?post=732954"}],"curies":[{"name":"wp","href":"https:\/\/api.w.org\/{rel}","templated":true}]}}