{"id":732952,"date":"2025-08-27T22:00:23","date_gmt":"2025-08-27T19:00:23","guid":{"rendered":"https:\/\/roveyayinevi.com.tr\/index.php\/urun\/yine-mi-balik\/"},"modified":"2026-04-16T02:40:47","modified_gmt":"2026-04-15T23:40:47","slug":"yine-mi-balik","status":"publish","type":"product","link":"https:\/\/roveyayinevi.com.tr\/index.php\/urun\/yine-mi-balik\/","title":{"rendered":"Yine mi Bal\u0131k?"},"content":{"rendered":"<p>Annesine g\u00f6re ad\u0131n\u0131n hakk\u0131n\u0131 veremeyen Deniz, bal\u0131k yemekten hi\u00e7 ho\u015flanm\u0131yordu. Dedesi bir g\u00fcn onu kalabal\u0131k, reng\u00e2renk, e\u011flenceli bir yere; bal\u0131k \u00e7ar\u015f\u0131s\u0131na g\u00f6t\u00fcr\u00fcnce Deniz orada daha \u00f6nce hi\u00e7 g\u00f6rmedi\u011fi deniz canl\u0131lar\u0131yla kar\u015f\u0131la\u015ft\u0131. Ak\u015fam evde dedesinin akl\u0131ndaki bal\u0131kl\u0131 yemek tarifini yapt\u0131klar\u0131ndaysa, Deniz o ak\u015famdan itibaren bal\u0131k yemeklerine bamba\u015fka bir g\u00f6zle bakmaya ba\u015flayacakt\u0131\u2026   Yine mi Ispanak? kitab\u0131m\u0131z\u0131n yazar\u0131 Destan Harmanc\u0131\u2019n\u0131n bu yeni kitab\u0131, \u00e7ok faydal\u0131 bir besin olan bal\u0131\u011f\u0131 \u00e7ocuklara sevdirme konusunda ebeveynlere yard\u0131mc\u0131 olacak.   <\/p>\n","protected":false},"excerpt":{"rendered":"<p>Annesine g\u00f6re ad\u0131n\u0131n hakk\u0131n\u0131 veremeyen Deniz, bal\u0131k yemekten hi\u00e7 ho\u015flanm\u0131yordu. Dedesi bir g\u00fcn onu kalabal\u0131k, reng\u00e2renk, e\u011flenceli bir yere; bal\u0131k \u00e7ar\u015f\u0131s\u0131na g\u00f6t\u00fcr\u00fcnce Deniz orada daha \u00f6nce<span class=\"excerpt-hellip\"> [\u2026]<\/span><\/p>\n","protected":false},"featured_media":0,"template":"","meta":{"_monsterinsights_skip_tracking":false,"_monsterinsights_sitenote_active":false,"_monsterinsights_sitenote_note":"","_monsterinsights_sitenote_category":0},"product_brand":[],"product_cat":[12275,12274],"product_tag":[],"class_list":{"0":"post-732952","1":"product","2":"type-product","3":"status-publish","5":"product_cat-6-12-yas-kitaplari","6":"product_cat-cocuk-ve-genclik-kitaplari","7":"pa_cilt-ciltsiz","8":"pa_tur-kitap","9":"pa_yayinevi-ithaki-yayinlari","10":"pa_yazar-destan-harmanci","12":"first","13":"instock","14":"sale","15":"shipping-taxable","16":"purchasable","17":"product-type-simple"},"_links":{"self":[{"href":"https:\/\/roveyayinevi.com.tr\/index.php\/wp-json\/wp\/v2\/product\/732952","targetHints":{"allow":["GET"]}}],"collection":[{"href":"https:\/\/roveyayinevi.com.tr\/index.php\/wp-json\/wp\/v2\/product"}],"about":[{"href":"https:\/\/roveyayinevi.com.tr\/index.php\/wp-json\/wp\/v2\/types\/product"}],"wp:attachment":[{"href":"https:\/\/roveyayinevi.com.tr\/index.php\/wp-json\/wp\/v2\/media?parent=732952"}],"wp:term":[{"taxonomy":"product_brand","embeddable":true,"href":"https:\/\/roveyayinevi.com.tr\/index.php\/wp-json\/wp\/v2\/product_brand?post=732952"},{"taxonomy":"product_cat","embeddable":true,"href":"https:\/\/roveyayinevi.com.tr\/index.php\/wp-json\/wp\/v2\/product_cat?post=732952"},{"taxonomy":"product_tag","embeddable":true,"href":"https:\/\/roveyayinevi.com.tr\/index.php\/wp-json\/wp\/v2\/product_tag?post=732952"}],"curies":[{"name":"wp","href":"https:\/\/api.w.org\/{rel}","templated":true}]}}