{"id":732951,"date":"2025-08-27T22:00:22","date_gmt":"2025-08-27T19:00:22","guid":{"rendered":"https:\/\/roveyayinevi.com.tr\/index.php\/urun\/alinin-ruyasi\/"},"modified":"2026-04-16T02:40:47","modified_gmt":"2026-04-15T23:40:47","slug":"alinin-ruyasi","status":"publish","type":"product","link":"https:\/\/roveyayinevi.com.tr\/index.php\/urun\/alinin-ruyasi\/","title":{"rendered":"Ali\u2019nin R\u00fcyas\u0131"},"content":{"rendered":"<p>Varl\u0131kl\u0131 bir ailenin tek \u00e7ocu\u011fu olan R\u00fcya\u2019n\u0131n derslerle ve kurslarla dolu yo\u011fun bir program\u0131 vard\u0131. Bir g\u00fcn yine yorgun arg\u0131n okuldan \u00e7\u0131km\u0131\u015f, keman dersi i\u00e7in \u00e7ok sevdi\u011fi Suat dedesinin kulland\u0131\u011f\u0131 arabada dalg\u0131n dalg\u0131n d\u0131\u015far\u0131y\u0131 seyrederek eve d\u00f6n\u00fcyordu. Trafik \u0131\u015f\u0131klar\u0131ndan birinde y\u00fcz\u00fcne aniden p\u00fcsk\u00fcrt\u00fclen suyla neye u\u011frad\u0131\u011f\u0131n\u0131 \u015fa\u015f\u0131rd\u0131. Kar\u015f\u0131s\u0131nda onun ya\u015flar\u0131nda, \u015fa\u015fk\u0131n ve korku dolu g\u00f6zlerle bakan bir \u00e7ocuk duruyordu. Ad\u0131 Ali\u2019ydi. Ve R\u00fcya, Ali\u2019nin \u00e7ok \u00f6zel biri oldu\u011funu daha o anda hissetmi\u015fti\u2026 G\u00fcnleri bir kurstan di\u011ferine gitmekle ge\u00e7en R\u00fcya ile trafik \u0131\u015f\u0131klar\u0131nda arabalar\u0131n camlar\u0131n\u0131 silerek har\u00e7l\u0131k biriktiren, resim \u00e7izmeye bay\u0131lan, yetenekli Ali\u2019nin tesad\u00fcfen kar\u015f\u0131la\u015fmalar\u0131ndan do\u011fan bu e\u015fsiz hik\u00e2ye; sizi aile, dostluk, sanat ve sevgi \u00fczerine d\u00fc\u015f\u00fcnd\u00fcr\u00fcrken kalbinize dokunacak&#8230; <\/p>\n","protected":false},"excerpt":{"rendered":"<p>Varl\u0131kl\u0131 bir ailenin tek \u00e7ocu\u011fu olan R\u00fcya\u2019n\u0131n derslerle ve kurslarla dolu yo\u011fun bir program\u0131 vard\u0131. Bir g\u00fcn yine yorgun arg\u0131n okuldan \u00e7\u0131km\u0131\u015f, keman dersi i\u00e7in \u00e7ok<span class=\"excerpt-hellip\"> [\u2026]<\/span><\/p>\n","protected":false},"featured_media":0,"template":"","meta":{"_monsterinsights_skip_tracking":false,"_monsterinsights_sitenote_active":false,"_monsterinsights_sitenote_note":"","_monsterinsights_sitenote_category":0},"product_brand":[],"product_cat":[12275,12274],"product_tag":[],"class_list":{"0":"post-732951","1":"product","2":"type-product","3":"status-publish","5":"product_cat-6-12-yas-kitaplari","6":"product_cat-cocuk-ve-genclik-kitaplari","7":"pa_cilt-ciltsiz","8":"pa_tur-kitap","9":"pa_yayinevi-ithaki-yayinlari","10":"pa_yazar-elvin-oven","12":"first","13":"instock","14":"sale","15":"shipping-taxable","16":"purchasable","17":"product-type-simple"},"_links":{"self":[{"href":"https:\/\/roveyayinevi.com.tr\/index.php\/wp-json\/wp\/v2\/product\/732951","targetHints":{"allow":["GET"]}}],"collection":[{"href":"https:\/\/roveyayinevi.com.tr\/index.php\/wp-json\/wp\/v2\/product"}],"about":[{"href":"https:\/\/roveyayinevi.com.tr\/index.php\/wp-json\/wp\/v2\/types\/product"}],"wp:attachment":[{"href":"https:\/\/roveyayinevi.com.tr\/index.php\/wp-json\/wp\/v2\/media?parent=732951"}],"wp:term":[{"taxonomy":"product_brand","embeddable":true,"href":"https:\/\/roveyayinevi.com.tr\/index.php\/wp-json\/wp\/v2\/product_brand?post=732951"},{"taxonomy":"product_cat","embeddable":true,"href":"https:\/\/roveyayinevi.com.tr\/index.php\/wp-json\/wp\/v2\/product_cat?post=732951"},{"taxonomy":"product_tag","embeddable":true,"href":"https:\/\/roveyayinevi.com.tr\/index.php\/wp-json\/wp\/v2\/product_tag?post=732951"}],"curies":[{"name":"wp","href":"https:\/\/api.w.org\/{rel}","templated":true}]}}