{"id":732950,"date":"2025-08-27T22:00:21","date_gmt":"2025-08-27T19:00:21","guid":{"rendered":"https:\/\/roveyayinevi.com.tr\/index.php\/urun\/narsisistik-bir-dunyada-hayatta-kalma-rehberi\/"},"modified":"2025-12-30T10:43:19","modified_gmt":"2025-12-30T07:43:19","slug":"narsisistik-bir-dunyada-hayatta-kalma-rehberi","status":"publish","type":"product","link":"https:\/\/roveyayinevi.com.tr\/index.php\/urun\/narsisistik-bir-dunyada-hayatta-kalma-rehberi\/","title":{"rendered":"Narsisistik Bir D\u00fcnyada Hayatta Kalma Rehberi"},"content":{"rendered":"<p>Her \u015fey neden hep seninle ilgili?   Narsisistik Bir D\u00fcnyada Hayatta Kalma Rehberi\u2019nde klinik sosyal hizmet uzman\u0131 ve psikoterapist Sandy Hotchkiss, sa\u011fl\u0131kl\u0131 bir ili\u015fkinin devam\u0131l\u0131l\u0131\u011f\u0131n\u0131 sa\u011flayan temel ki\u015fisel al\u0131\u015fveri\u015ften \u00e2ciz, kontrolc\u00fc ve bencil insanlarla nas\u0131l ba\u015fa \u00e7\u0131kaca\u011f\u0131n\u0131z\u0131 g\u00f6steriyor. Hepimizin narsisist e\u011filimleri vard\u0131r ve bunlar\u0131n baz\u0131lar\u0131 tamamen normaldir. Bununla birlikte, kendimizi ba\u015fkalar\u0131n\u0131n sa\u011fl\u0131ks\u0131z narsisizminin tuza\u011f\u0131ndan kurtarmam\u0131z gerekir. \u0130\u015fte bu kitapta Hotchkiss, bireylerin bu kusura nas\u0131l sahip olduklar\u0131n\u0131, neden onlar\u0131n tehlikeli y\u00f6r\u00fcngelerine \u00e7ekildi\u011fimizi ve \u00f6zg\u00fcr kalmak i\u00e7in neler yapabilece\u011fimizi anlat\u0131yor.   Bu kitap, s\u00f6z konusu narsisist ister bir i\u015f arkada\u015f\u0131 ister e\u015f, ebeveyn veya \u00e7ocuk olsun, sa\u011fl\u0131ks\u0131z narsisizmin yedi \u00f6l\u00fcmc\u00fcl g\u00fcnah\u0131n\u0131 tan\u0131man\u0131z\u0131 ve bunlar\u0131n ortaya \u00e7\u0131k\u0131\u015f\u0131nda hem ebeveynlerin hem de k\u00fclt\u00fcr\u00fcn oynad\u0131\u011f\u0131 rolleri anlaman\u0131z\u0131 sa\u011flayacak.    Narsisistik Bir D\u00fcnyada Hayatta Kalma Rehberi, yirmi birinci y\u00fczy\u0131la musallat olan bir\u00e7ok sosyal sorunun arkas\u0131nda yatan narsisizmin sonraki nesle sinsice yay\u0131lmas\u0131n\u0131 engellemek i\u00e7in m\u00fccadele eden ve g\u00fcndelik ya\u015famda narsisistlerle kar\u015f\u0131la\u015fan herkes i\u00e7in pratik tavsiyeler i\u00e7eren bulunmaz bir k\u0131lavuz.    \u201cKendilerinde veya ba\u015fkalar\u0131nda narsisizm deneyimleyen insanlar, art\u0131k f\u0131rt\u0131nay\u0131 atlatmalar\u0131na yard\u0131mc\u0131 olacak bir rehbere sahipler.\u201d \u2014Dr. Jerold J. Kreisman    \u201cZaman\u0131m\u0131z\u0131n en yayg\u0131n ki\u015filik bozukluklar\u0131ndan biri hakk\u0131nda pratik ve anla\u015f\u0131l\u0131r bir kitap.\u201d \u2014Dr. Drew Pinsker   \u201cSadece kendinizi hayat\u0131n\u0131zdaki narsisistlerden korumak i\u00e7in de\u011fil, ayn\u0131 zamanda onlarla ya\u015famay\u0131 \u00f6\u011frenmek i\u00e7in de gerekli bir rehber.\u201d  \u2014The Hartford Courant <\/p>\n","protected":false},"excerpt":{"rendered":"<p>Her \u015fey neden hep seninle ilgili? Narsisistik Bir D\u00fcnyada Hayatta Kalma Rehberi\u2019nde klinik sosyal hizmet uzman\u0131 ve psikoterapist Sandy Hotchkiss, sa\u011fl\u0131kl\u0131 bir ili\u015fkinin devam\u0131l\u0131l\u0131\u011f\u0131n\u0131 sa\u011flayan temel<span class=\"excerpt-hellip\"> [\u2026]<\/span><\/p>\n","protected":false},"featured_media":0,"template":"","meta":{"_monsterinsights_skip_tracking":false,"_monsterinsights_sitenote_active":false,"_monsterinsights_sitenote_note":"","_monsterinsights_sitenote_category":0},"product_brand":[],"product_cat":[12364,12376],"product_tag":[],"class_list":{"0":"post-732950","1":"product","2":"type-product","3":"status-publish","5":"product_cat-genel-konular","6":"product_cat-kisisel-gelisim","7":"pa_cilt-ciltsiz","8":"pa_tur-kitap","9":"pa_yayinevi-nova-kitap","10":"pa_yazar-sandy-hotchkiss","12":"first","13":"instock","14":"sale","15":"shipping-taxable","16":"purchasable","17":"product-type-simple"},"_links":{"self":[{"href":"https:\/\/roveyayinevi.com.tr\/index.php\/wp-json\/wp\/v2\/product\/732950","targetHints":{"allow":["GET"]}}],"collection":[{"href":"https:\/\/roveyayinevi.com.tr\/index.php\/wp-json\/wp\/v2\/product"}],"about":[{"href":"https:\/\/roveyayinevi.com.tr\/index.php\/wp-json\/wp\/v2\/types\/product"}],"wp:attachment":[{"href":"https:\/\/roveyayinevi.com.tr\/index.php\/wp-json\/wp\/v2\/media?parent=732950"}],"wp:term":[{"taxonomy":"product_brand","embeddable":true,"href":"https:\/\/roveyayinevi.com.tr\/index.php\/wp-json\/wp\/v2\/product_brand?post=732950"},{"taxonomy":"product_cat","embeddable":true,"href":"https:\/\/roveyayinevi.com.tr\/index.php\/wp-json\/wp\/v2\/product_cat?post=732950"},{"taxonomy":"product_tag","embeddable":true,"href":"https:\/\/roveyayinevi.com.tr\/index.php\/wp-json\/wp\/v2\/product_tag?post=732950"}],"curies":[{"name":"wp","href":"https:\/\/api.w.org\/{rel}","templated":true}]}}