{"id":732949,"date":"2025-08-27T22:00:20","date_gmt":"2025-08-27T19:00:20","guid":{"rendered":"https:\/\/roveyayinevi.com.tr\/index.php\/urun\/haydi-etek-giyelim\/"},"modified":"2026-04-16T02:40:47","modified_gmt":"2026-04-15T23:40:47","slug":"haydi-etek-giyelim","status":"publish","type":"product","link":"https:\/\/roveyayinevi.com.tr\/index.php\/urun\/haydi-etek-giyelim\/","title":{"rendered":"Haydi Etek Giyelim"},"content":{"rendered":"<p>\u201cdenizler g\u00f6\u011fe \u00e7arpmadan y\u00fcr\u00fcyorlar g\u00f6rd\u00fcn m\u00fc?  gece h\u0131rs\u0131z as\u0131l, s\u0131rt\u0131mda hep a\u011fa\u00e7lar\u0131n k\u00f6kleri  dehlizlerde s\u0131\u00e7anlar, suda kir, g\u00f6kte mart\u0131  sormay\u0131n ulan art\u0131k allah\u0131 kim yaratt\u0131 y\u00fcr\u00fcyorsa ayaklar\u0131n\u0131z bal\u0131klamak \u00fczere elleriniz tek seferde buluyorsa dalgay\u0131  k\u00f6\u015felerden d\u00f6n\u00fcyorsan\u0131z sormay\u0131n i\u015fte   bulut yok ve kar\u015f\u0131dan g\u00f6r\u00fcn\u00fcyor \u015fehrin \u0131\u015f\u0131\u011f\u0131  hele g\u00f6kte, hele g\u00f6kte k\u00f6yler vard\u0131 her gece\u201d <\/p>\n","protected":false},"excerpt":{"rendered":"<p>\u201cdenizler g\u00f6\u011fe \u00e7arpmadan y\u00fcr\u00fcyorlar g\u00f6rd\u00fcn m\u00fc? gece h\u0131rs\u0131z as\u0131l, s\u0131rt\u0131mda hep a\u011fa\u00e7lar\u0131n k\u00f6kleri dehlizlerde s\u0131\u00e7anlar, suda kir, g\u00f6kte mart\u0131 sormay\u0131n ulan art\u0131k allah\u0131 kim yaratt\u0131 y\u00fcr\u00fcyorsa<span class=\"excerpt-hellip\"> [\u2026]<\/span><\/p>\n","protected":false},"featured_media":0,"template":"","meta":{"_monsterinsights_skip_tracking":false,"_monsterinsights_sitenote_active":false,"_monsterinsights_sitenote_note":"","_monsterinsights_sitenote_category":0},"product_brand":[],"product_cat":[12291,12509],"product_tag":[],"class_list":{"0":"post-732949","1":"product","2":"type-product","3":"status-publish","5":"product_cat-edebiyat","6":"product_cat-siir","7":"pa_cilt-ciltsiz","8":"pa_tur-kitap","9":"pa_yayinevi-ithaki-yayinlari","10":"pa_yazar-ozan-r-kartal","12":"first","13":"instock","14":"sale","15":"shipping-taxable","16":"purchasable","17":"product-type-simple"},"_links":{"self":[{"href":"https:\/\/roveyayinevi.com.tr\/index.php\/wp-json\/wp\/v2\/product\/732949","targetHints":{"allow":["GET"]}}],"collection":[{"href":"https:\/\/roveyayinevi.com.tr\/index.php\/wp-json\/wp\/v2\/product"}],"about":[{"href":"https:\/\/roveyayinevi.com.tr\/index.php\/wp-json\/wp\/v2\/types\/product"}],"wp:attachment":[{"href":"https:\/\/roveyayinevi.com.tr\/index.php\/wp-json\/wp\/v2\/media?parent=732949"}],"wp:term":[{"taxonomy":"product_brand","embeddable":true,"href":"https:\/\/roveyayinevi.com.tr\/index.php\/wp-json\/wp\/v2\/product_brand?post=732949"},{"taxonomy":"product_cat","embeddable":true,"href":"https:\/\/roveyayinevi.com.tr\/index.php\/wp-json\/wp\/v2\/product_cat?post=732949"},{"taxonomy":"product_tag","embeddable":true,"href":"https:\/\/roveyayinevi.com.tr\/index.php\/wp-json\/wp\/v2\/product_tag?post=732949"}],"curies":[{"name":"wp","href":"https:\/\/api.w.org\/{rel}","templated":true}]}}