{"id":732946,"date":"2025-08-27T22:00:16","date_gmt":"2025-08-27T19:00:16","guid":{"rendered":"https:\/\/roveyayinevi.com.tr\/index.php\/urun\/yuregimden-op-beni\/"},"modified":"2026-04-16T02:40:47","modified_gmt":"2026-04-15T23:40:47","slug":"yuregimden-op-beni","status":"publish","type":"product","link":"https:\/\/roveyayinevi.com.tr\/index.php\/urun\/yuregimden-op-beni\/","title":{"rendered":"Y\u00fcre\u011fimden \u00d6p Beni"},"content":{"rendered":"<p>Sevgili dostum, Ali TURGUT Bey&#8217;in de\u011ferli katk\u0131lar\u0131yla haz\u0131rlad\u0131\u011f\u0131m\u0131z Y\u00dcRE\u011e\u0130MDEN \u00d6P BEN\u0130 adl\u0131 \u015fiir kitab\u0131m\u0131 sizlere sunman\u0131n onurunu ya\u015f\u0131yorum. Kitaptaki \u015fiirler genel olarak Satirik \u015fiirlerdir. E\u011fer bir kez a\u015f\u0131k olduysan\u0131z, hala a\u015f\u0131ksan\u0131z bir yerlerde sevdaya dair hisleriniz varsa \u015fayet, al\u0131n\u0131p, ba\u015fucunuza koyaca\u011f\u0131n\u0131z kitap kar\u015f\u0131n\u0131zda.   Diyarbak\u0131r&#8217;da do\u011fan \u015fairin BE\u015e\u0130NC\u0130 MEVS\u0130M, adl\u0131 \u015fiir kitab\u0131, B\u0130TMEYEN H\u00dcZ\u00dcN adl\u0131 roman\u0131, bunlar\u0131n d\u0131\u015f\u0131nda \u00fc\u00e7\u00fc B\u0130R AVU\u00c7 \u015e\u0130\u0130R GRUBUNCA \u00e7\u0131kar\u0131lan bir de AKSED ce yay\u0131nlanan d\u00f6rt antoloji \u00e7al\u0131\u015fmas\u0131 vard\u0131r. Son kitaptaki katlar\u0131 i\u00e7in AL\u0130 TURGUT BEY&#8217;E ve G\u00dcLNAR YAYINLARI \u00e7al\u0131\u015fanlar\u0131na sonsuz te\u015fekk\u00fcrlerimi sunuyorum.   Mehmet Emin TURGUT \/ \u0130ZM\u0130R <\/p>\n","protected":false},"excerpt":{"rendered":"<p>Sevgili dostum, Ali TURGUT Bey&#8217;in de\u011ferli katk\u0131lar\u0131yla haz\u0131rlad\u0131\u011f\u0131m\u0131z Y\u00dcRE\u011e\u0130MDEN \u00d6P BEN\u0130 adl\u0131 \u015fiir kitab\u0131m\u0131 sizlere sunman\u0131n onurunu ya\u015f\u0131yorum. Kitaptaki \u015fiirler genel olarak Satirik \u015fiirlerdir. E\u011fer bir<span class=\"excerpt-hellip\"> [\u2026]<\/span><\/p>\n","protected":false},"featured_media":0,"template":"","meta":{"_monsterinsights_skip_tracking":false,"_monsterinsights_sitenote_active":false,"_monsterinsights_sitenote_note":"","_monsterinsights_sitenote_category":0},"product_brand":[],"product_cat":[12291,12509],"product_tag":[],"class_list":{"0":"post-732946","1":"product","2":"type-product","3":"status-publish","5":"product_cat-edebiyat","6":"product_cat-siir","7":"pa_cilt-ciltsiz","8":"pa_tur-kitap","9":"pa_yayinevi-gulnar-yayinlari","10":"pa_yazar-mehmet-emin-turgut","12":"first","13":"instock","14":"sale","15":"shipping-taxable","16":"purchasable","17":"product-type-simple"},"_links":{"self":[{"href":"https:\/\/roveyayinevi.com.tr\/index.php\/wp-json\/wp\/v2\/product\/732946","targetHints":{"allow":["GET"]}}],"collection":[{"href":"https:\/\/roveyayinevi.com.tr\/index.php\/wp-json\/wp\/v2\/product"}],"about":[{"href":"https:\/\/roveyayinevi.com.tr\/index.php\/wp-json\/wp\/v2\/types\/product"}],"wp:attachment":[{"href":"https:\/\/roveyayinevi.com.tr\/index.php\/wp-json\/wp\/v2\/media?parent=732946"}],"wp:term":[{"taxonomy":"product_brand","embeddable":true,"href":"https:\/\/roveyayinevi.com.tr\/index.php\/wp-json\/wp\/v2\/product_brand?post=732946"},{"taxonomy":"product_cat","embeddable":true,"href":"https:\/\/roveyayinevi.com.tr\/index.php\/wp-json\/wp\/v2\/product_cat?post=732946"},{"taxonomy":"product_tag","embeddable":true,"href":"https:\/\/roveyayinevi.com.tr\/index.php\/wp-json\/wp\/v2\/product_tag?post=732946"}],"curies":[{"name":"wp","href":"https:\/\/api.w.org\/{rel}","templated":true}]}}