{"id":732941,"date":"2025-08-27T22:00:12","date_gmt":"2025-08-27T19:00:12","guid":{"rendered":"https:\/\/roveyayinevi.com.tr\/index.php\/urun\/astrolojik-arketipler\/"},"modified":"2026-04-16T02:40:46","modified_gmt":"2026-04-15T23:40:46","slug":"astrolojik-arketipler","status":"publish","type":"product","link":"https:\/\/roveyayinevi.com.tr\/index.php\/urun\/astrolojik-arketipler\/","title":{"rendered":"Astrolojik Arketipler"},"content":{"rendered":"<p>Masallar\u0131n ve mitoslar\u0131n esrarl\u0131 bah\u00e7esine a\u00e7\u0131lan kap\u0131 araland\u0131\u011f\u0131nda, bur\u00e7lara \u00f6zg\u00fc gizemlerin sakl\u0131 ama bir o kadar da heyecan verici y\u00fczleri ortaya \u00e7\u0131kar. Her bir kahraman, insanl\u0131\u011f\u0131n ortak miras\u0131 arketiplerin \u00fcr\u00fcn\u00fcd\u00fcr. Ve her bur\u00e7 arketipsel bir kar\u015f\u0131l\u0131k bulur.  K\u0131rm\u0131z\u0131 Ba\u015fl\u0131kl\u0131 K\u0131z, Akrep\u2019in tutkusunu, Harikalar Diyar\u0131\u2019n\u0131 ke\u015ffe \u00e7\u0131kan Alice, Yay\u2019\u0131n macerac\u0131 ruhunu anlat\u0131r. Prometheus, Zeus\u2019a nas\u0131l kafa tuttuysa Kova da \u00f6yle isyank\u00e2nd\u0131r. K\u00fclkedisi, Bal\u0131k\u2019\u0131n k\u0131r\u0131lganl\u0131\u011f\u0131n\u0131 ve duyarl\u0131l\u0131\u011f\u0131n\u0131 ta\u015f\u0131r. Uzayan burnuyla Pinokyo ise \u0130kizler\u2019den ba\u015fkas\u0131 de\u011fildir.   Psikolojik astroloji e\u011fitmeni ve dan\u0131\u015fman\u0131 G\u00fclden Bulut, masallar\u0131n ve mitlerin izinde bizi Zodyak\u2019\u0131n bamba\u015fka y\u00f6nlerini ke\u015ffetmeye davet ediyor\u2026 <\/p>\n","protected":false},"excerpt":{"rendered":"<p>Masallar\u0131n ve mitoslar\u0131n esrarl\u0131 bah\u00e7esine a\u00e7\u0131lan kap\u0131 araland\u0131\u011f\u0131nda, bur\u00e7lara \u00f6zg\u00fc gizemlerin sakl\u0131 ama bir o kadar da heyecan verici y\u00fczleri ortaya \u00e7\u0131kar. Her bir kahraman, insanl\u0131\u011f\u0131n<span class=\"excerpt-hellip\"> [\u2026]<\/span><\/p>\n","protected":false},"featured_media":0,"template":"","meta":{"_monsterinsights_skip_tracking":false,"_monsterinsights_sitenote_active":false,"_monsterinsights_sitenote_note":"","_monsterinsights_sitenote_category":0},"product_brand":[],"product_cat":[18082,15563],"product_tag":[],"class_list":{"0":"post-732941","1":"product","2":"type-product","3":"status-publish","5":"product_cat-astroloji-fal-ruya","6":"product_cat-hobi","7":"pa_cilt-ciltsiz","8":"pa_tur-kitap","9":"pa_yayinevi-dogan-novus","10":"pa_yazar-gulden-bulut","12":"first","13":"instock","14":"sale","15":"shipping-taxable","16":"purchasable","17":"product-type-simple"},"_links":{"self":[{"href":"https:\/\/roveyayinevi.com.tr\/index.php\/wp-json\/wp\/v2\/product\/732941","targetHints":{"allow":["GET"]}}],"collection":[{"href":"https:\/\/roveyayinevi.com.tr\/index.php\/wp-json\/wp\/v2\/product"}],"about":[{"href":"https:\/\/roveyayinevi.com.tr\/index.php\/wp-json\/wp\/v2\/types\/product"}],"wp:attachment":[{"href":"https:\/\/roveyayinevi.com.tr\/index.php\/wp-json\/wp\/v2\/media?parent=732941"}],"wp:term":[{"taxonomy":"product_brand","embeddable":true,"href":"https:\/\/roveyayinevi.com.tr\/index.php\/wp-json\/wp\/v2\/product_brand?post=732941"},{"taxonomy":"product_cat","embeddable":true,"href":"https:\/\/roveyayinevi.com.tr\/index.php\/wp-json\/wp\/v2\/product_cat?post=732941"},{"taxonomy":"product_tag","embeddable":true,"href":"https:\/\/roveyayinevi.com.tr\/index.php\/wp-json\/wp\/v2\/product_tag?post=732941"}],"curies":[{"name":"wp","href":"https:\/\/api.w.org\/{rel}","templated":true}]}}