{"id":732940,"date":"2025-08-27T22:00:11","date_gmt":"2025-08-27T19:00:11","guid":{"rendered":"https:\/\/roveyayinevi.com.tr\/index.php\/urun\/lanetli-kral-peri-halki-serisi-2-kitap-ciltli\/"},"modified":"2026-04-16T02:40:46","modified_gmt":"2026-04-15T23:40:46","slug":"lanetli-kral-peri-halki-serisi-2-kitap-ciltli","status":"publish","type":"product","link":"https:\/\/roveyayinevi.com.tr\/index.php\/urun\/lanetli-kral-peri-halki-serisi-2-kitap-ciltli\/","title":{"rendered":"Lanetli Kral &#8211; Peri Halk\u0131 Serisi 2. Kitap (Ciltli)"},"content":{"rendered":"<p>Jude, bir fani olarak kendini Periler Diyar\u0131\u2019na kabul ettirmeyi sonunda ba\u015far\u0131yor. \u00dcstelik zalim prens Cardan\u2019\u0131 kral yap\u0131p, onu kendine ba\u011flayarak. Ancak bir y\u0131l bir g\u00fcn s\u00fcrecek g\u00f6lge iktidar\u0131 tehlikelerle \u00f6r\u00fcl\u00fc. K\u00fc\u00e7\u00fck karde\u015fi Oak\u2019\u0131 korumal\u0131 ve entrikalarla dolu taht kavgalar\u0131ndan sa\u011f salim \u00e7\u0131kmay\u0131 ba\u015farmal\u0131. Ama bu, sand\u0131\u011f\u0131 kadar kolay g\u00f6r\u00fcnm\u00fcyor; bir taraftan Y\u00fcce Kral Cardan\u2019\u0131 ve ona kar\u015f\u0131 hissetti\u011fi karma\u015f\u0131k duygular\u0131n\u0131 kontrol etmek, di\u011fer taraftan s\u00fcrekli de\u011fi\u015fen ittifaklara kar\u015f\u0131 uyan\u0131k olmak zorunda. \u00d6z babas\u0131n\u0131n katili General Madoc ve taht i\u00e7in her t\u00fcrl\u00fc ihaneti g\u00f6ze alan Balekin ile Sualt\u0131 Krali\u00e7esi onun ufak bir hatas\u0131n\u0131 bekliyor. Daha da k\u00f6t\u00fcs\u00fc, nefesini ensesinde hissetti\u011fi beklenmedik ihanete kar\u015f\u0131 da haz\u0131rl\u0131kl\u0131 olmak zorunda.   Bir zamanlar uzun gibi gelen bir y\u0131l bir g\u00fcnl\u00fck s\u00fcre art\u0131k bitmek \u00fczere. Jude hem kendi hem sevdiklerinin hayat\u0131 i\u00e7in sava\u015fmak, her zaman g\u00fc\u00e7l\u00fc olmak zorunda; yorulmadan, art arda, daha g\u00fc\u00e7l\u00fc vurabilmek i\u00e7in&#8230;    \u00c7oksatan yazar Holly Black\u2019ten, Peri Halk\u0131 Serisi\u2019nin ikinci kitab\u0131 Lanetli Kral&#8230; \u0130ktidar m\u00fccadeleleri ve entrikalarla dolu bir peri masal\u0131.   \u201cHolly Black ger\u00e7ek bir Periler Krali\u00e7esi.\u201d Victoria Aveyard <\/p>\n","protected":false},"excerpt":{"rendered":"<p>Jude, bir fani olarak kendini Periler Diyar\u0131\u2019na kabul ettirmeyi sonunda ba\u015far\u0131yor. \u00dcstelik zalim prens Cardan\u2019\u0131 kral yap\u0131p, onu kendine ba\u011flayarak. Ancak bir y\u0131l bir g\u00fcn s\u00fcrecek<span class=\"excerpt-hellip\"> [\u2026]<\/span><\/p>\n","protected":false},"featured_media":0,"template":"","meta":{"_monsterinsights_skip_tracking":false,"_monsterinsights_sitenote_active":false,"_monsterinsights_sitenote_note":"","_monsterinsights_sitenote_category":0},"product_brand":[],"product_cat":[12291,12711],"product_tag":[],"class_list":{"0":"post-732940","1":"product","2":"type-product","3":"status-publish","5":"product_cat-edebiyat","6":"product_cat-roman-oyku","7":"pa_cilt-ciltli","8":"pa_tur-kitap","9":"pa_yayinevi-dex-yayinevi","10":"pa_yazar-holly-black","12":"first","13":"instock","14":"sale","15":"shipping-taxable","16":"purchasable","17":"product-type-simple"},"_links":{"self":[{"href":"https:\/\/roveyayinevi.com.tr\/index.php\/wp-json\/wp\/v2\/product\/732940","targetHints":{"allow":["GET"]}}],"collection":[{"href":"https:\/\/roveyayinevi.com.tr\/index.php\/wp-json\/wp\/v2\/product"}],"about":[{"href":"https:\/\/roveyayinevi.com.tr\/index.php\/wp-json\/wp\/v2\/types\/product"}],"wp:attachment":[{"href":"https:\/\/roveyayinevi.com.tr\/index.php\/wp-json\/wp\/v2\/media?parent=732940"}],"wp:term":[{"taxonomy":"product_brand","embeddable":true,"href":"https:\/\/roveyayinevi.com.tr\/index.php\/wp-json\/wp\/v2\/product_brand?post=732940"},{"taxonomy":"product_cat","embeddable":true,"href":"https:\/\/roveyayinevi.com.tr\/index.php\/wp-json\/wp\/v2\/product_cat?post=732940"},{"taxonomy":"product_tag","embeddable":true,"href":"https:\/\/roveyayinevi.com.tr\/index.php\/wp-json\/wp\/v2\/product_tag?post=732940"}],"curies":[{"name":"wp","href":"https:\/\/api.w.org\/{rel}","templated":true}]}}