{"id":732938,"date":"2025-08-27T22:00:09","date_gmt":"2025-08-27T19:00:09","guid":{"rendered":"https:\/\/roveyayinevi.com.tr\/index.php\/urun\/vali-bey\/"},"modified":"2026-04-16T02:40:46","modified_gmt":"2026-04-15T23:40:46","slug":"vali-bey","status":"publish","type":"product","link":"https:\/\/roveyayinevi.com.tr\/index.php\/urun\/vali-bey\/","title":{"rendered":"Vali Bey"},"content":{"rendered":"<p>\u0130lkesi: Hak, hukuk, adalet, vicdan ve tasarruf   \u00b7         Okul, tebe\u015fir, tahta bilmedikleri k\u00f6yde o g\u00fcn k\u00f6y bek\u00e7isi neyin m\u00fcjdesini veriyordu? \u00b7         \u00dcnl\u00fc bir karikat\u00fcristken ni\u00e7in Yozgat\u2019\u0131n Sar\u0131kaya il\u00e7esine yerle\u015fti? \u00b7         Yo\u011fun bak\u0131m odas\u0131nda ni\u00e7in ihale pazarl\u0131\u011f\u0131na giri\u015fti? \u00b7         \u0130\u00e7i\u015fleri Bakanl\u0131\u011f\u0131\u2019nda valiler toplant\u0131s\u0131na neden al\u0131nmad\u0131? \u00b7         T\u00fcm doktorlara g\u00f6nderdi\u011fi mektupta neler istedi, sonunda neler oldu? \u00b7         Makam otomobiline ni\u00e7in binmiyor, yolculuklar\u0131n\u0131 ni\u00e7in otob\u00fcsle yap\u0131yordu? \u00b7         Polis minib\u00fcste kimlik kontrol\u00fc yaparken validen ni\u00e7in \u015f\u00fcphelendi? \u00b7         \u201cNi\u011fde\u2019de yiyecek ekme\u011fimiz bu kadarm\u0131\u015f\u201d deyince neler oldu? \u00b7         On y\u0131lda yap\u0131lacak i\u015fi, on kuru\u015f harcamadan nas\u0131l bir y\u0131lda bitirdi? \u00b7         O, ni\u00e7in bolluk i\u00e7indeyken k\u0131tl\u0131k i\u00e7inde gibi ya\u015famay\u0131 seviyordu? \u00b7         \u201cTutumlu vali\u201d geli\u015ftirdi\u011fi modelle nas\u0131l i\u015fsizli\u011fi bitirdi ve modeli \u00f6rnek oldu?   Bu sorular\u0131n cevaplar\u0131 T\u00fcrkiye\u2019nin \u201cefsane vali\u201dsi Refik Arslan \u00d6zt\u00fcrk\u2019\u00fcn ya\u015fam\u0131nda gizli.   Yozgat\u2019\u0131n Akbucak k\u00f6y\u00fcnde do\u011fdu, hukuk fak\u00fcltesini bitirdi; karikat\u00fcristlik, kaymakaml\u0131k yapt\u0131. Bilecik, Ni\u011fde, Erzincan ve Manisa valiliklerinde bulundu. Her yerde halkla i\u00e7 i\u00e7e, halk\u0131n i\u00e7inde oldu. Hep tasarruf ve kalk\u0131nmay\u0131 savundu, kendini e\u011fitim ve \u00e7a\u011fda\u015fla\u015fmaya adad\u0131. Bug\u00fcn Refik Arslan \u00d6zt\u00fcrk ad\u0131 g\u00f6rev yapt\u0131\u011f\u0131 illerdeki tarihi yerlerde, sanayi tesislerinde, b\u00fcrokraside yaratt\u0131\u011f\u0131 ekolde ve hizmet verdi\u011fi binlerce insan\u0131n g\u00f6nl\u00fcnde ya\u015f\u0131yor.   Onu birlikte \u00e7al\u0131\u015ft\u0131\u011f\u0131 insanlardan dinleyelim. <\/p>\n","protected":false},"excerpt":{"rendered":"<p>\u0130lkesi: Hak, hukuk, adalet, vicdan ve tasarruf \u00b7 Okul, tebe\u015fir, tahta bilmedikleri k\u00f6yde o g\u00fcn k\u00f6y bek\u00e7isi neyin m\u00fcjdesini veriyordu? \u00b7 \u00dcnl\u00fc bir karikat\u00fcristken ni\u00e7in Yozgat\u2019\u0131n<span class=\"excerpt-hellip\"> [\u2026]<\/span><\/p>\n","protected":false},"featured_media":0,"template":"","meta":{"_monsterinsights_skip_tracking":false,"_monsterinsights_sitenote_active":false,"_monsterinsights_sitenote_note":"","_monsterinsights_sitenote_category":0},"product_brand":[],"product_cat":[13590,12337],"product_tag":[],"class_list":{"0":"post-732938","1":"product","2":"type-product","3":"status-publish","5":"product_cat-arastirma-inceleme-politika-siyaset","6":"product_cat-politika-siyaset","7":"pa_cilt-ciltsiz","8":"pa_tur-kitap","9":"pa_yayinevi-dogan-kitap","10":"pa_yazar-saygi-ozturk","12":"first","13":"instock","14":"sale","15":"shipping-taxable","16":"purchasable","17":"product-type-simple"},"_links":{"self":[{"href":"https:\/\/roveyayinevi.com.tr\/index.php\/wp-json\/wp\/v2\/product\/732938","targetHints":{"allow":["GET"]}}],"collection":[{"href":"https:\/\/roveyayinevi.com.tr\/index.php\/wp-json\/wp\/v2\/product"}],"about":[{"href":"https:\/\/roveyayinevi.com.tr\/index.php\/wp-json\/wp\/v2\/types\/product"}],"wp:attachment":[{"href":"https:\/\/roveyayinevi.com.tr\/index.php\/wp-json\/wp\/v2\/media?parent=732938"}],"wp:term":[{"taxonomy":"product_brand","embeddable":true,"href":"https:\/\/roveyayinevi.com.tr\/index.php\/wp-json\/wp\/v2\/product_brand?post=732938"},{"taxonomy":"product_cat","embeddable":true,"href":"https:\/\/roveyayinevi.com.tr\/index.php\/wp-json\/wp\/v2\/product_cat?post=732938"},{"taxonomy":"product_tag","embeddable":true,"href":"https:\/\/roveyayinevi.com.tr\/index.php\/wp-json\/wp\/v2\/product_tag?post=732938"}],"curies":[{"name":"wp","href":"https:\/\/api.w.org\/{rel}","templated":true}]}}