{"id":732936,"date":"2025-08-27T22:00:07","date_gmt":"2025-08-27T19:00:07","guid":{"rendered":"https:\/\/roveyayinevi.com.tr\/index.php\/urun\/almanca-aile-birlesimi-ve-a-1-1-a-1-2-dil-seviyesi-icin-alistirma-kitabi\/"},"modified":"2026-04-16T02:40:46","modified_gmt":"2026-04-15T23:40:46","slug":"almanca-aile-birlesimi-ve-a-1-1-a-1-2-dil-seviyesi-icin-alistirma-kitabi","status":"publish","type":"product","link":"https:\/\/roveyayinevi.com.tr\/index.php\/urun\/almanca-aile-birlesimi-ve-a-1-1-a-1-2-dil-seviyesi-icin-alistirma-kitabi\/","title":{"rendered":"Almanca Aile Birle\u015fimi ve A.1.1\/A.1.2 Dil Seviyesi \u0130\u00e7in Al\u0131\u015ft\u0131rma Kitab\u0131"},"content":{"rendered":"<p>Bu kitap Aile Birle\u015fimi ve A1 (A1.1\/A1.2) Dil Seviyesi \u0130\u00e7in Ders ve Al\u0131\u015ft\u0131rma kitaplar\u0131 olmak \u00fczere iki kitap \u015feklinde haz\u0131rlanm\u0131\u015ft\u0131r. Ders kitab\u0131nda Aile Birle\u015fimi ve A1 dil seviyesi i\u00e7in gerekli olan b\u00fct\u00fcn konular ile dilbilgisi kurallar\u0131 detayl\u0131 bir bi\u00e7imde ele al\u0131nmaktad\u0131r. Konularla ilgili al\u0131\u015ft\u0131rmalar ayr\u0131 bir kitapta al\u0131\u015ft\u0131rma kitab\u0131 \u015feklinde verilmektedir. Kitaptaki konular, konular\u0131n i\u015fleni\u015fi, kapsam\u0131, al\u0131\u015ft\u0131rmalar, al\u0131\u015ft\u0131rma \u015fekilleri tamamen bu konudaki kurs ve s\u0131navlara g\u00f6re haz\u0131rlanm\u0131\u015ft\u0131r. Dolay\u0131s\u0131yla bu kitaplara \u00e7al\u0131\u015farak s\u0131nava haz\u0131rlanan adaylar s\u0131nav konular\u0131na do\u011frudan a\u015fina olacaklard\u0131r. Aile birle\u015fimi kurslar\u0131yla ayn\u0131 konular \u00fczerinden ilerleyen ders kitab\u0131, daha kolay ve \u00e7abuk ilerleme g\u00f6sterilmesini sa\u011flayacakt\u0131r.  Aile Birle\u015fimi, Almanya\u2019da ya\u015fayan ki\u015filerle evlenen vatanda\u015flar\u0131m\u0131z\u0131n Aile Birle\u015fimi vizesi alarak Almanya\u2019ya e\u015flerinin yan\u0131na gitmesidir. Aile birle\u015fimi yapabilmek i\u00e7in belli bir seviyede dil bilme \u015fart\u0131 aranmaktad\u0131r. Aile Birle\u015fimi vizesi almak i\u00e7in A1 seviyesinde Almanca bilmek gerekir. Bunun i\u00e7in \u00e7e\u015fitli kurulu\u015flar taraf\u0131ndan dil kurslar\u0131 verilmektedir. S\u00f6z konusu dil kurslar\u0131n\u0131n baz\u0131lar\u0131nda Almanya\u2019da yaz\u0131lan kitap ve materyaller kullan\u0131lmaktad\u0131r. Bunun d\u0131\u015f\u0131nda \u00f6zel kurslar\u0131n kendine \u00f6zg\u00fc materyalleri de s\u00f6z konusudur. Almanya\u2019da yaz\u0131lan kitaplarla Almanca \u00f6\u011frenirken bir\u00e7ok sorun ortaya \u00e7\u0131kmaktad\u0131r. Bu kitaplar sadece Almanca yaz\u0131ld\u0131\u011f\u0131 i\u00e7in temel d\u00fczeyde dil \u00f6\u011frenen ki\u015fi zorluk \u00e7ekmekte ve \u00e7o\u011fu yeri tam olarak anlayamamakta, anlayamad\u0131\u011f\u0131 i\u00e7in de geli\u015fme g\u00f6sterememektedir. Dolay\u0131s\u0131yla bu kitap T\u00fcrk\u00e7e bilenler i\u00e7in \u00f6zel olarak haz\u0131rlanm\u0131\u015ft\u0131r. Bu \u00f6zelli\u011fi ile Aile Birle\u015fimi kurslar\u0131 i\u00e7in yaz\u0131lan ilk ve tek kitap niteli\u011findedir. Di\u011fer \u00f6nemli bir \u00f6zelli\u011fi ise Aile Birle\u015fimi s\u0131nav\u0131n\u0131n konular\u0131 ve b\u00fct\u00fcn \u00f6zellikleri g\u00f6z \u00f6n\u00fcne al\u0131narak haz\u0131rlanm\u0131\u015f olmas\u0131d\u0131r. Ders kitab\u0131 A1.1\/A1.2  seviyesi i\u00e7in gerekli olan b\u00fct\u00fcn konular\u0131 i\u00e7ermekte ve kitaptaki konular s\u0131navda istenen d\u00f6rt dil becerisi g\u00f6z \u00f6n\u00fcne al\u0131narak i\u015flenmektedir. Kitapta yer alan konular basitten zora do\u011fru ilerlemektedir. Her konunun ba\u015f\u0131nda konuyla ilgili s\u00f6zc\u00fckler ve ifadeler verilmekte, konu ele al\u0131nd\u0131ktan sonra gramer k\u0131sm\u0131nda \u00f6rneklerle konuda ge\u00e7en dil bilgisi kurallar\u0131 a\u00e7\u0131klanmaktad\u0131r. Al\u0131\u015ft\u0131rma kitab\u0131nda ise her konuyla ilgili \u00e7ok say\u0131da al\u0131\u015ft\u0131rma ve bu al\u0131\u015ft\u0131rmalar\u0131n cevaplar\u0131 yer almaktad\u0131r. Konular ele al\u0131n\u0131rken b\u00fct\u00fcn s\u00f6zc\u00fck, ifade ve c\u00fcmlelerin T\u00fcrk\u00e7esi de verilmektedir. Ayr\u0131ca b\u00fct\u00fcn s\u00f6zc\u00fck ve ifadeler kitab\u0131n sonunda da yer almaktad\u0131r. Bununla birlikte kitapta Aile Birle\u015fimi s\u0131nav\u0131yla ilgili bilgiler de verilmektedir. K\u0131sacas\u0131 Aile Birle\u015fimi s\u0131nav\u0131na haz\u0131rlananlar i\u00e7in gerekli her \u015fey kitapta yer almaktad\u0131r. <\/p>\n","protected":false},"excerpt":{"rendered":"<p>Bu kitap Aile Birle\u015fimi ve A1 (A1.1\/A1.2) Dil Seviyesi \u0130\u00e7in Ders ve Al\u0131\u015ft\u0131rma kitaplar\u0131 olmak \u00fczere iki kitap \u015feklinde haz\u0131rlanm\u0131\u015ft\u0131r. Ders kitab\u0131nda Aile Birle\u015fimi ve A1<span class=\"excerpt-hellip\"> [\u2026]<\/span><\/p>\n","protected":false},"featured_media":0,"template":"","meta":{"_monsterinsights_skip_tracking":false,"_monsterinsights_sitenote_active":false,"_monsterinsights_sitenote_note":"","_monsterinsights_sitenote_category":0},"product_brand":[],"product_cat":[26111,14597,12566],"product_tag":[],"class_list":{"0":"post-732936","1":"product","2":"type-product","3":"status-publish","5":"product_cat-almanca","6":"product_cat-dil-ogrenimi","7":"product_cat-egitim","8":"pa_cilt-ciltsiz","9":"pa_tur-kitap","10":"pa_yayinevi-nika-yayinevi","11":"pa_yazar-dursun-zengin","13":"first","14":"instock","15":"sale","16":"shipping-taxable","17":"purchasable","18":"product-type-simple"},"_links":{"self":[{"href":"https:\/\/roveyayinevi.com.tr\/index.php\/wp-json\/wp\/v2\/product\/732936","targetHints":{"allow":["GET"]}}],"collection":[{"href":"https:\/\/roveyayinevi.com.tr\/index.php\/wp-json\/wp\/v2\/product"}],"about":[{"href":"https:\/\/roveyayinevi.com.tr\/index.php\/wp-json\/wp\/v2\/types\/product"}],"wp:attachment":[{"href":"https:\/\/roveyayinevi.com.tr\/index.php\/wp-json\/wp\/v2\/media?parent=732936"}],"wp:term":[{"taxonomy":"product_brand","embeddable":true,"href":"https:\/\/roveyayinevi.com.tr\/index.php\/wp-json\/wp\/v2\/product_brand?post=732936"},{"taxonomy":"product_cat","embeddable":true,"href":"https:\/\/roveyayinevi.com.tr\/index.php\/wp-json\/wp\/v2\/product_cat?post=732936"},{"taxonomy":"product_tag","embeddable":true,"href":"https:\/\/roveyayinevi.com.tr\/index.php\/wp-json\/wp\/v2\/product_tag?post=732936"}],"curies":[{"name":"wp","href":"https:\/\/api.w.org\/{rel}","templated":true}]}}