{"id":732934,"date":"2025-08-27T22:00:05","date_gmt":"2025-08-27T19:00:05","guid":{"rendered":"https:\/\/roveyayinevi.com.tr\/index.php\/urun\/urfa-bir-ahir-zaman-babili\/"},"modified":"2026-03-07T03:05:41","modified_gmt":"2026-03-07T00:05:41","slug":"urfa-bir-ahir-zaman-babili","status":"publish","type":"product","link":"https:\/\/roveyayinevi.com.tr\/index.php\/urun\/urfa-bir-ahir-zaman-babili\/","title":{"rendered":"Urfa &#8211; Bir Ahir Zaman Babil\u2019i"},"content":{"rendered":"<p>\u201cSon model ve hayli lu\u0308ks arabalar\u0131n yan\u0131ndan a\u011f\u0131r ritmi ile ge\u00e7en at arabalar\u0131, zaman\u0131n en g\u00f6zde markalar\u0131n\u0131n sat\u0131ld\u0131\u011f\u0131 ma\u011fazalar\u0131n yan\u0131nda biten reng\u00e2renk kuma\u015f\u00e7\u0131lar\u0131, u\u0308zerinde geleneksel k\u0131yafetleri ve burunlar\u0131nda h\u0131zmalar\u0131yla gezinen kad\u0131nlar\u0131n yan\u0131nda beliren kentli hemcinsleri, cu\u0308bbeli ve sar\u0131kl\u0131 adamlarla laflayan blucinli, sa\u00e7lar\u0131 o bi\u00e7im t\u0131ra\u015fl\u0131 gen\u00e7leri, sokaklarda kurulmu\u015f halaylar\u0131na inat az \u00f6tedeki be\u015f y\u0131ld\u0131zl\u0131 otelde yap\u0131lan du\u0308\u011fu\u0308nleri, bah\u00e7eleri kocaman villalar\u0131n\u0131n berisinde yer tutmu\u015f k\u0131r\u0131k d\u00f6ku\u0308k avlulu evleri\u2026 Bunca \u00e7oklu\u011fu sadece fragmanlarla anlayabilirsiniz, bir \u00f6yku\u0308 gibidir romandan ziyade Urfa.\u201dBir \u00c2hir Zaman Babil\u2019i: Urfa, bu kadim \u015fehrin sadece etnik \u00e7o\u011fullu\u011fuyla (Araplar, Ku\u0308rtler, Tu\u0308rkler\u2026) de\u011fil, ayr\u0131 du\u0308nyalar i\u00e7inde ya\u015fayan a\u015firetleri, farkl\u0131 hayat tarzlar\u0131, ku\u0308ltu\u0308rleri vs. ile de bir Babil oldu\u011funu g\u00f6steriyor. Reng\u00e2renk bir kaosun canl\u0131 ritmi, kitapta da hissediliyor. Yoksulluktan kurtulma mu\u0308cadelesi ve kalk\u0131nma; \u201ca\u011fa\u015feyh-devlet\u201d u\u0308\u00e7lu\u0308 dinami\u011finin bas\u0131nc\u0131 alt\u0131ndaki siyasi mu\u0308cadeleler; zengin a\u015firet co\u011frafyas\u0131; \u201cpeygamberler \u015fehri payesi\u201d ve dindarl\u0131\u011f\u0131n ya\u015fayan g\u00f6ru\u0308nu\u0308mleri; kad\u0131nlar ve kad\u0131n hareketi; s\u0131ra geceleri ve gu\u0308vercin yeti\u015ftiricili\u011finde g\u00f6zlenen \u201cerkeklik\u201d alg\u0131s\u0131; Y\u0131lmaz Gu\u0308ney\u2019den \u0130brahim Tatl\u0131ses\u2019e Urfa\u2019n\u0131n ku\u0308ltu\u0308r ikonlar\u0131; mu\u0308zik ve \u00f6zellikle Halfeti yerel mu\u0308zi\u011fi ve tabii, \u201cizzet-ikram terbiyesi\u201dyle mutfak\u2026 A. Nevin Y\u0131ld\u0131z\u2019\u0131n derlemesinde ayr\u0131ca Oya A\u00e7\u0131kal\u0131n, Sedat Anar, Suavi Ayd\u0131n, Ali Fuat Bilkan, A . Celil K aya, Erdin\u00e7 Kine\u015f\u00e7i, \u00d6zge \u00d6zdemir ve Furkan Dilben, Fuat \u015een, Eren Yu\u0308ksel\u2019in katk\u0131lar\u0131 yer al\u0131yor.<\/p>\n","protected":false},"excerpt":{"rendered":"<p>\u201cSon model ve hayli lu\u0308ks arabalar\u0131n yan\u0131ndan a\u011f\u0131r ritmi ile ge\u00e7en at arabalar\u0131, zaman\u0131n en g\u00f6zde markalar\u0131n\u0131n sat\u0131ld\u0131\u011f\u0131 ma\u011fazalar\u0131n yan\u0131nda biten reng\u00e2renk kuma\u015f\u00e7\u0131lar\u0131, u\u0308zerinde geleneksel k\u0131yafetleri<span class=\"excerpt-hellip\"> [\u2026]<\/span><\/p>\n","protected":false},"featured_media":0,"template":"","meta":{"_monsterinsights_skip_tracking":false,"_monsterinsights_sitenote_active":false,"_monsterinsights_sitenote_note":"","_monsterinsights_sitenote_category":0},"product_brand":[],"product_cat":[12534,12304],"product_tag":[],"class_list":{"0":"post-732934","1":"product","2":"type-product","3":"status-publish","5":"product_cat-referans-kitaplar","6":"product_cat-tarih","7":"pa_cilt-ciltsiz","8":"pa_tur-kitap","9":"pa_yayinevi-iletisim-yayinlari","10":"pa_yazar-a-nevin-yildiz","12":"first","13":"instock","14":"sale","15":"shipping-taxable","16":"purchasable","17":"product-type-simple"},"_links":{"self":[{"href":"https:\/\/roveyayinevi.com.tr\/index.php\/wp-json\/wp\/v2\/product\/732934","targetHints":{"allow":["GET"]}}],"collection":[{"href":"https:\/\/roveyayinevi.com.tr\/index.php\/wp-json\/wp\/v2\/product"}],"about":[{"href":"https:\/\/roveyayinevi.com.tr\/index.php\/wp-json\/wp\/v2\/types\/product"}],"wp:attachment":[{"href":"https:\/\/roveyayinevi.com.tr\/index.php\/wp-json\/wp\/v2\/media?parent=732934"}],"wp:term":[{"taxonomy":"product_brand","embeddable":true,"href":"https:\/\/roveyayinevi.com.tr\/index.php\/wp-json\/wp\/v2\/product_brand?post=732934"},{"taxonomy":"product_cat","embeddable":true,"href":"https:\/\/roveyayinevi.com.tr\/index.php\/wp-json\/wp\/v2\/product_cat?post=732934"},{"taxonomy":"product_tag","embeddable":true,"href":"https:\/\/roveyayinevi.com.tr\/index.php\/wp-json\/wp\/v2\/product_tag?post=732934"}],"curies":[{"name":"wp","href":"https:\/\/api.w.org\/{rel}","templated":true}]}}