{"id":732932,"date":"2025-08-27T22:00:03","date_gmt":"2025-08-27T19:00:03","guid":{"rendered":"https:\/\/roveyayinevi.com.tr\/index.php\/urun\/sesin-kabugu\/"},"modified":"2026-04-16T02:40:46","modified_gmt":"2026-04-15T23:40:46","slug":"sesin-kabugu","status":"publish","type":"product","link":"https:\/\/roveyayinevi.com.tr\/index.php\/urun\/sesin-kabugu\/","title":{"rendered":"Sesin Kabu\u011fu"},"content":{"rendered":"<p>&#8220;Ahmet \u00d6nel, Sesin Kabu\u011fu\u2019nda okura farkl\u0131 bir okuma ser\u00fcveni \u00f6neriyor. Hayat\u0131 tan\u0131mlamak, sorgulamak ve yeniden olu\u015fturmak i\u00e7in, belki de tek \u015fans\u0131m\u0131z olan s\u00f6zc\u00fcklerle bir anlat\u0131 kuruyor. Farkl\u0131 ya\u015flardaki d\u00f6rt insan\u0131n kendi aralar\u0131nda geli\u015ftirdikleri konu\u015fma oyunu arac\u0131l\u0131\u011f\u0131yla \u201csesin kabu\u011funu \u00e7atlatmay\u0131\u201d \u00f6neriyor. \u00c7\u00fcnk\u00fc konu\u015ftu\u011fumuz kadar var\u0131z. Konu\u015ftu\u011fumuz kadar kendimizin ve her s\u00f6zc\u00fc\u011f\u00fcn bizi ele veren bir haine d\u00f6n\u00fc\u015fmesi sanki an meselesi! Ger\u00e7ekle masal\u0131n b\u0131\u00e7ak s\u0131rt\u0131 ser\u00fcveninde s\u0131nav\u0131 yine s\u00f6zc\u00fcklerle veriyoruz \u00e7\u00fcnk\u00fc. Masal\u0131n asl\u0131 \u00f6nce bizi, ard\u0131ndan k\u00fc\u00e7\u00fck evrenimizi yeniden, yeniden bi\u00e7imlendiriyor.&#8221; <\/p>\n","protected":false},"excerpt":{"rendered":"<p>&#8220;Ahmet \u00d6nel, Sesin Kabu\u011fu\u2019nda okura farkl\u0131 bir okuma ser\u00fcveni \u00f6neriyor. Hayat\u0131 tan\u0131mlamak, sorgulamak ve yeniden olu\u015fturmak i\u00e7in, belki de tek \u015fans\u0131m\u0131z olan s\u00f6zc\u00fcklerle bir anlat\u0131 kuruyor.<span class=\"excerpt-hellip\"> [\u2026]<\/span><\/p>\n","protected":false},"featured_media":0,"template":"","meta":{"_monsterinsights_skip_tracking":false,"_monsterinsights_sitenote_active":false,"_monsterinsights_sitenote_note":"","_monsterinsights_sitenote_category":0},"product_brand":[],"product_cat":[18545,12291],"product_tag":[],"class_list":{"0":"post-732932","1":"product","2":"type-product","3":"status-publish","5":"product_cat-anlati","6":"product_cat-edebiyat","7":"pa_cilt-ciltsiz","8":"pa_tur-kitap","9":"pa_yayinevi-imgenin-cocuklari","10":"pa_yazar-ahmet-onel","12":"first","13":"instock","14":"sale","15":"shipping-taxable","16":"purchasable","17":"product-type-simple"},"_links":{"self":[{"href":"https:\/\/roveyayinevi.com.tr\/index.php\/wp-json\/wp\/v2\/product\/732932","targetHints":{"allow":["GET"]}}],"collection":[{"href":"https:\/\/roveyayinevi.com.tr\/index.php\/wp-json\/wp\/v2\/product"}],"about":[{"href":"https:\/\/roveyayinevi.com.tr\/index.php\/wp-json\/wp\/v2\/types\/product"}],"wp:attachment":[{"href":"https:\/\/roveyayinevi.com.tr\/index.php\/wp-json\/wp\/v2\/media?parent=732932"}],"wp:term":[{"taxonomy":"product_brand","embeddable":true,"href":"https:\/\/roveyayinevi.com.tr\/index.php\/wp-json\/wp\/v2\/product_brand?post=732932"},{"taxonomy":"product_cat","embeddable":true,"href":"https:\/\/roveyayinevi.com.tr\/index.php\/wp-json\/wp\/v2\/product_cat?post=732932"},{"taxonomy":"product_tag","embeddable":true,"href":"https:\/\/roveyayinevi.com.tr\/index.php\/wp-json\/wp\/v2\/product_tag?post=732932"}],"curies":[{"name":"wp","href":"https:\/\/api.w.org\/{rel}","templated":true}]}}