{"id":732931,"date":"2025-08-27T22:00:02","date_gmt":"2025-08-27T19:00:02","guid":{"rendered":"https:\/\/roveyayinevi.com.tr\/index.php\/urun\/afacanlar-macera-pesinde-10-kitap-takim\/"},"modified":"2026-04-16T02:40:46","modified_gmt":"2026-04-15T23:40:46","slug":"afacanlar-macera-pesinde-10-kitap-takim","status":"publish","type":"product","link":"https:\/\/roveyayinevi.com.tr\/index.php\/urun\/afacanlar-macera-pesinde-10-kitap-takim\/","title":{"rendered":"Afacanlar Macera Pe\u015finde (10 Kitap Tak\u0131m)"},"content":{"rendered":"<p>Buras\u0131 bizim mahalle ve biz de afacan arkada\u015flar\u0131z. Batuhan, \u00c7\u0131nar, Defne ve ben yani Bar\u0131\u015f. \u0130kiz karde\u015flerimi saym\u0131yorum bile onlarla hik\u00e2yenin i\u00e7erisinde tan\u0131\u015facaks\u0131n zaten. G\u00f6rsen \u00e7ok matrak \u00e7ocuklar. Ger\u00e7ekten de \u00e7ok acayip bir mahallemiz var. Ayn\u0131 zamanda da s\u0131cac\u0131k dostluklar\u0131n oldu\u011fu, birbirini seven insanlar\u0131n ya\u015fad\u0131\u011f\u0131 yaz g\u00fcne\u015fi gibi \u0131s\u0131tan bir mahalle. Mahallenin afacan \u00e7ocuklar\u0131 yani bizler birbirinden e\u011flenceli ve bir o kadar da heyecanl\u0131 maceralar ya\u015f\u0131yoruz. Seni de bu maceraya davet ediyoruz.Haydi, ne duruyorsun! Afacanlara kat\u0131lman\u0131n tam da zaman\u0131\u2026<\/p>\n","protected":false},"excerpt":{"rendered":"<p>Buras\u0131 bizim mahalle ve biz de afacan arkada\u015flar\u0131z. Batuhan, \u00c7\u0131nar, Defne ve ben yani Bar\u0131\u015f. \u0130kiz karde\u015flerimi saym\u0131yorum bile onlarla hik\u00e2yenin i\u00e7erisinde tan\u0131\u015facaks\u0131n zaten. G\u00f6rsen \u00e7ok<span class=\"excerpt-hellip\"> [\u2026]<\/span><\/p>\n","protected":false},"featured_media":0,"template":"","meta":{"_monsterinsights_skip_tracking":false,"_monsterinsights_sitenote_active":false,"_monsterinsights_sitenote_note":"","_monsterinsights_sitenote_category":0},"product_brand":[],"product_cat":[12274,12284],"product_tag":[],"class_list":{"0":"post-732931","1":"product","2":"type-product","3":"status-publish","5":"product_cat-cocuk-ve-genclik-kitaplari","6":"product_cat-hikayeler","7":"pa_cilt-takim","8":"pa_tur-kitap","9":"pa_yayinevi-nesil-cocuk-yayinlari","10":"pa_yazar-yasemin-aykol","12":"first","13":"instock","14":"sale","15":"shipping-taxable","16":"purchasable","17":"product-type-simple"},"_links":{"self":[{"href":"https:\/\/roveyayinevi.com.tr\/index.php\/wp-json\/wp\/v2\/product\/732931","targetHints":{"allow":["GET"]}}],"collection":[{"href":"https:\/\/roveyayinevi.com.tr\/index.php\/wp-json\/wp\/v2\/product"}],"about":[{"href":"https:\/\/roveyayinevi.com.tr\/index.php\/wp-json\/wp\/v2\/types\/product"}],"wp:attachment":[{"href":"https:\/\/roveyayinevi.com.tr\/index.php\/wp-json\/wp\/v2\/media?parent=732931"}],"wp:term":[{"taxonomy":"product_brand","embeddable":true,"href":"https:\/\/roveyayinevi.com.tr\/index.php\/wp-json\/wp\/v2\/product_brand?post=732931"},{"taxonomy":"product_cat","embeddable":true,"href":"https:\/\/roveyayinevi.com.tr\/index.php\/wp-json\/wp\/v2\/product_cat?post=732931"},{"taxonomy":"product_tag","embeddable":true,"href":"https:\/\/roveyayinevi.com.tr\/index.php\/wp-json\/wp\/v2\/product_tag?post=732931"}],"curies":[{"name":"wp","href":"https:\/\/api.w.org\/{rel}","templated":true}]}}