{"id":732930,"date":"2025-08-27T22:00:01","date_gmt":"2025-08-27T19:00:01","guid":{"rendered":"https:\/\/roveyayinevi.com.tr\/index.php\/urun\/tarihe-yon-veren-bilginler-10-kitap-takim\/"},"modified":"2026-04-16T02:40:46","modified_gmt":"2026-04-15T23:40:46","slug":"tarihe-yon-veren-bilginler-10-kitap-takim","status":"publish","type":"product","link":"https:\/\/roveyayinevi.com.tr\/index.php\/urun\/tarihe-yon-veren-bilginler-10-kitap-takim\/","title":{"rendered":"Tarihe Y\u00f6n Veren Bilginler (10 Kitap Tak\u0131m)"},"content":{"rendered":"<p>Ge\u00e7mi\u015f zamanda kimler ya\u015fad\u0131, neler yapt\u0131lar ve neden bu kadar zaman ge\u00e7mesine ra\u011fmen yine de onlar\u0131n isimlerini unutmuyoruz diye d\u00fc\u015f\u00fcn\u00fcyor musunuz hi\u00e7?Acaba tarihe y\u00f6n veren bilginler nas\u0131l insanlard\u0131, neler ya\u015fam\u0131\u015flard\u0131 ve kimdi onlar?\u0130\u015fte bu kitaplar size ge\u00e7mi\u015fimizin \u00f6nemli isimlerinin hayatlar\u0131n\u0131 anlat\u0131yor. Kimler yok ki; Ahmed Yesev\u00ee\u2019den Mevlana\u2019ya, Yunus Emre\u2019den Piri Reis\u2019e\u2026\u201cTarihe Y\u00f6n Veren Bilginler\u201dle tan\u0131\u015fman\u0131n tam da s\u0131ras\u0131\u2026<\/p>\n","protected":false},"excerpt":{"rendered":"<p>Ge\u00e7mi\u015f zamanda kimler ya\u015fad\u0131, neler yapt\u0131lar ve neden bu kadar zaman ge\u00e7mesine ra\u011fmen yine de onlar\u0131n isimlerini unutmuyoruz diye d\u00fc\u015f\u00fcn\u00fcyor musunuz hi\u00e7?Acaba tarihe y\u00f6n veren bilginler<span class=\"excerpt-hellip\"> [\u2026]<\/span><\/p>\n","protected":false},"featured_media":0,"template":"","meta":{"_monsterinsights_skip_tracking":false,"_monsterinsights_sitenote_active":false,"_monsterinsights_sitenote_note":"","_monsterinsights_sitenote_category":0},"product_brand":[],"product_cat":[12275,12274],"product_tag":[],"class_list":{"0":"post-732930","1":"product","2":"type-product","3":"status-publish","5":"product_cat-6-12-yas-kitaplari","6":"product_cat-cocuk-ve-genclik-kitaplari","7":"pa_cilt-takim","8":"pa_tur-kitap","9":"pa_yayinevi-nesil-genc","10":"pa_yazar-tuba-ozturk","12":"first","13":"instock","14":"sale","15":"shipping-taxable","16":"purchasable","17":"product-type-simple"},"_links":{"self":[{"href":"https:\/\/roveyayinevi.com.tr\/index.php\/wp-json\/wp\/v2\/product\/732930","targetHints":{"allow":["GET"]}}],"collection":[{"href":"https:\/\/roveyayinevi.com.tr\/index.php\/wp-json\/wp\/v2\/product"}],"about":[{"href":"https:\/\/roveyayinevi.com.tr\/index.php\/wp-json\/wp\/v2\/types\/product"}],"wp:attachment":[{"href":"https:\/\/roveyayinevi.com.tr\/index.php\/wp-json\/wp\/v2\/media?parent=732930"}],"wp:term":[{"taxonomy":"product_brand","embeddable":true,"href":"https:\/\/roveyayinevi.com.tr\/index.php\/wp-json\/wp\/v2\/product_brand?post=732930"},{"taxonomy":"product_cat","embeddable":true,"href":"https:\/\/roveyayinevi.com.tr\/index.php\/wp-json\/wp\/v2\/product_cat?post=732930"},{"taxonomy":"product_tag","embeddable":true,"href":"https:\/\/roveyayinevi.com.tr\/index.php\/wp-json\/wp\/v2\/product_tag?post=732930"}],"curies":[{"name":"wp","href":"https:\/\/api.w.org\/{rel}","templated":true}]}}