{"id":732925,"date":"2025-08-27T21:59:56","date_gmt":"2025-08-27T18:59:56","guid":{"rendered":"https:\/\/roveyayinevi.com.tr\/index.php\/urun\/kuran-ve-diger-dinler\/"},"modified":"2026-04-16T02:40:46","modified_gmt":"2026-04-15T23:40:46","slug":"kuran-ve-diger-dinler","status":"publish","type":"product","link":"https:\/\/roveyayinevi.com.tr\/index.php\/urun\/kuran-ve-diger-dinler\/","title":{"rendered":"Kur&#8217;an ve Di\u011fer Dinler"},"content":{"rendered":"<p>\u0130nsano\u011flunun tarihi incelendi\u011finde, hi\u00e7bir insan toplulu\u011funun din \u015fuurundan yoksun olmad\u0131\u011f\u0131 g\u00f6r\u00fcl\u00fcr. Ne var ki her insan toplumu insano\u011flunun kendi varl\u0131\u011f\u0131 ile e\u015f olan bu dini durumu zaman ve mek\u00e2n ile do\u011fup b\u00fcy\u00fcd\u00fc\u011f\u00fc \u00e7evrenin \u015fartlar\u0131na g\u00f6re de\u011fi\u015fik suretlerde ifade ve tatbik etmi\u015ftir. B\u00fct\u00fcn bu \u015fartlar\u0131 g\u00f6z \u00f6n\u00fcnde bulunduran Kur&#8217;an, insan\u0131n do\u011fruyu nas\u0131l bulaca\u011f\u0131n\u0131n y\u00f6ntemini d\u00fc\u015f\u00fcnsel ve ele\u015ftirel bir bi\u00e7imde g\u00f6stermeyi \u00fczerine alm\u0131\u015ft\u0131r. <\/p>\n","protected":false},"excerpt":{"rendered":"<p>\u0130nsano\u011flunun tarihi incelendi\u011finde, hi\u00e7bir insan toplulu\u011funun din \u015fuurundan yoksun olmad\u0131\u011f\u0131 g\u00f6r\u00fcl\u00fcr. Ne var ki her insan toplumu insano\u011flunun kendi varl\u0131\u011f\u0131 ile e\u015f olan bu dini durumu<span class=\"excerpt-hellip\"> [\u2026]<\/span><\/p>\n","protected":false},"featured_media":0,"template":"","meta":{"_monsterinsights_skip_tracking":false,"_monsterinsights_sitenote_active":false,"_monsterinsights_sitenote_note":"","_monsterinsights_sitenote_category":0},"product_brand":[],"product_cat":[19998,12388],"product_tag":[],"class_list":{"0":"post-732925","1":"product","2":"type-product","3":"status-publish","5":"product_cat-din-felsefesi","6":"product_cat-felsefe","7":"pa_cilt-ciltsiz","8":"pa_tur-kitap","9":"pa_yayinevi-destek-yayinlari","10":"pa_yazar-huseyin-atay","12":"first","13":"instock","14":"sale","15":"shipping-taxable","16":"purchasable","17":"product-type-simple"},"_links":{"self":[{"href":"https:\/\/roveyayinevi.com.tr\/index.php\/wp-json\/wp\/v2\/product\/732925","targetHints":{"allow":["GET"]}}],"collection":[{"href":"https:\/\/roveyayinevi.com.tr\/index.php\/wp-json\/wp\/v2\/product"}],"about":[{"href":"https:\/\/roveyayinevi.com.tr\/index.php\/wp-json\/wp\/v2\/types\/product"}],"wp:attachment":[{"href":"https:\/\/roveyayinevi.com.tr\/index.php\/wp-json\/wp\/v2\/media?parent=732925"}],"wp:term":[{"taxonomy":"product_brand","embeddable":true,"href":"https:\/\/roveyayinevi.com.tr\/index.php\/wp-json\/wp\/v2\/product_brand?post=732925"},{"taxonomy":"product_cat","embeddable":true,"href":"https:\/\/roveyayinevi.com.tr\/index.php\/wp-json\/wp\/v2\/product_cat?post=732925"},{"taxonomy":"product_tag","embeddable":true,"href":"https:\/\/roveyayinevi.com.tr\/index.php\/wp-json\/wp\/v2\/product_tag?post=732925"}],"curies":[{"name":"wp","href":"https:\/\/api.w.org\/{rel}","templated":true}]}}