{"id":732924,"date":"2025-08-27T21:59:55","date_gmt":"2025-08-27T18:59:55","guid":{"rendered":"https:\/\/roveyayinevi.com.tr\/index.php\/urun\/leninden-ataturke-muhurlu-vagon\/"},"modified":"2026-04-16T02:40:46","modified_gmt":"2026-04-15T23:40:46","slug":"leninden-ataturke-muhurlu-vagon","status":"publish","type":"product","link":"https:\/\/roveyayinevi.com.tr\/index.php\/urun\/leninden-ataturke-muhurlu-vagon\/","title":{"rendered":"Lenin&#8217;den Atat\u00fcrk&#8217;e M\u00fch\u00fcrl\u00fc Vagon"},"content":{"rendered":"<p>\u0130ki b\u00fcy\u00fck liderin kaderi m\u00fch\u00fcrlenmi\u015f bir vagona s\u0131\u011famad\u0131. Lenin ve Atat\u00fcrk bug\u00fcn d\u00fcnyan\u0131n bildi\u011fi ve tan\u0131d\u0131\u011f\u0131 iki b\u00fcy\u00fck lider olarak tarihe ge\u00e7ti.   Lenin ve Atat\u00fcrk\u2019\u00fcn Birinci D\u00fcnya Sava\u015f\u0131\u2019nda ortak kaderlerinin ta\u015f\u0131nd\u0131\u011f\u0131 vagon: M\u00fch\u00fcrl\u00fc Vagon. \u201cMermi b\u00f6yle patlad\u0131. Hem bir \u00fclkenin hem de bir \u00e2lemin alt\u0131 \u00fcst\u00fcne geldi!\u201d c\u00fcmlesiyle ba\u015fl\u0131yor kitap. Lenin, Mustafa Kemal, Mustafa Suphi, Mir Sultangaliyev ve Enver Pa\u015fa&#8230; Kitab\u0131n ad\u0131 Ekim Devrimi\u2019nin \u00f6nderi Lenin\u2019i \u0130svi\u00e7re\u2019den Rusya\u2019ya ta\u015f\u0131yan trenden geliyor. Kitab\u0131n gizemi \u201cM\u00fch\u00fcrl\u00fc Vagon\u201d ile ba\u015fl\u0131yor. As\u0131l gizem ise yukar\u0131da ad\u0131 ge\u00e7en liderlerin bir tabloda toplanmas\u0131nda ve ortak ak\u0131betlerinde ba\u015fl\u0131yor. Bu liderlerin ortak gizemlerinin T\u00fcrk kimli\u011fine sahip olmas\u0131nda ve k\u00fcresel oligar\u015finin bir plan \u00e7er\u00e7evesinde suikastlarla T\u00fcrk\u00e7\u00fc liderleri yok etmesinde yatt\u0131\u011f\u0131n\u0131 g\u00fcndeme getiriyor ve yeni bir tart\u0131\u015fman\u0131n fitilini ate\u015fliyor. Farkl\u0131 ideolojik kimliklere ve politik tercihlere sahip olan bu liderler, nas\u0131l oldu da bir tablonun i\u00e7ine yerle\u015febildi? D\u00fcnyan\u0131n ve T\u00fcrk d\u00fcnyas\u0131n\u0131n kaderi nerede birle\u015fti ve ayr\u0131\u015ft\u0131? Bu liderlerin tamam\u0131 Stalin taraf\u0131ndan \u00f6ld\u00fcr\u00fcl\u00fcyor. \u0130ngiltere yine derin ak\u0131llar ve planlarla T\u00fcrk d\u00fcnyas\u0131n\u0131 k\u00f6\u015feye s\u0131k\u0131\u015ft\u0131r\u0131yor. Lenin ve Atat\u00fcrk ayn\u0131 tip suikastlarla ortadan kald\u0131r\u0131l\u0131yor. Bu liderlerin i\u00e7erisinde bir tek lider, Mustafa Kemal Atat\u00fcrk devlet kurma hedefine ula\u015f\u0131yor. Bat\u0131 T\u00fcrklerinin Ba\u015fbu\u011fu unvan\u0131 ile o da \u0130ngilizler ve Stalin\u2019in ortak tezg\u00e2h\u0131yla \u00f6ld\u00fcr\u00fcl\u00fcyor. Ve T\u00fcrk d\u00fcnyas\u0131, T\u00fcrkl\u00fck ba\u015fs\u0131z b\u0131rak\u0131l\u0131yor. Mustafa Suphi\u2019nin Atat\u00fcrk\u2019\u00fcn emriyle de\u011fil K\u00e2z\u0131m Karabekir\u2019in plan\u0131yla \u00f6ld\u00fcrt\u00fcld\u00fc\u011f\u00fc bu kitapta a\u00e7\u0131\u011fa \u00e7\u0131k\u0131yor. Bunun yan\u0131nda Enver Pa\u015fa ve feci \u00f6l\u00fcm\u00fcn\u00fcn yan\u0131nda Abraham Lincoln\u2019e kadar suikastlar dizisi bize bilmediklerimizi anlat\u0131yor. T\u00fcrk o\u011flu Mustafa Kemal, T\u00fcrk as\u0131ll\u0131 olan Lenin\u2019e \u201cKarde\u015fim!\u201d diye hitap ederken, M\u00fch\u00fcrl\u00fc Vagon ve i\u00e7indekileri o g\u00fcnk\u00fc gibi ya\u015fayacaks\u0131n\u0131z<\/p>\n","protected":false},"excerpt":{"rendered":"<p>\u0130ki b\u00fcy\u00fck liderin kaderi m\u00fch\u00fcrlenmi\u015f bir vagona s\u0131\u011famad\u0131. Lenin ve Atat\u00fcrk bug\u00fcn d\u00fcnyan\u0131n bildi\u011fi ve tan\u0131d\u0131\u011f\u0131 iki b\u00fcy\u00fck lider olarak tarihe ge\u00e7ti. Lenin ve Atat\u00fcrk\u2019\u00fcn Birinci<span class=\"excerpt-hellip\"> [\u2026]<\/span><\/p>\n","protected":false},"featured_media":0,"template":"","meta":{"_monsterinsights_skip_tracking":false,"_monsterinsights_sitenote_active":false,"_monsterinsights_sitenote_note":"","_monsterinsights_sitenote_category":0},"product_brand":[],"product_cat":[12370,12304],"product_tag":[],"class_list":{"0":"post-732924","1":"product","2":"type-product","3":"status-publish","5":"product_cat-arastirma-inceleme","6":"product_cat-tarih","7":"pa_cilt-ciltsiz","8":"pa_tur-kitap","9":"pa_yayinevi-destek-yayinlari","10":"pa_yazar-huseyin-hakki-kahveci","12":"first","13":"instock","14":"sale","15":"shipping-taxable","16":"purchasable","17":"product-type-simple"},"_links":{"self":[{"href":"https:\/\/roveyayinevi.com.tr\/index.php\/wp-json\/wp\/v2\/product\/732924","targetHints":{"allow":["GET"]}}],"collection":[{"href":"https:\/\/roveyayinevi.com.tr\/index.php\/wp-json\/wp\/v2\/product"}],"about":[{"href":"https:\/\/roveyayinevi.com.tr\/index.php\/wp-json\/wp\/v2\/types\/product"}],"wp:attachment":[{"href":"https:\/\/roveyayinevi.com.tr\/index.php\/wp-json\/wp\/v2\/media?parent=732924"}],"wp:term":[{"taxonomy":"product_brand","embeddable":true,"href":"https:\/\/roveyayinevi.com.tr\/index.php\/wp-json\/wp\/v2\/product_brand?post=732924"},{"taxonomy":"product_cat","embeddable":true,"href":"https:\/\/roveyayinevi.com.tr\/index.php\/wp-json\/wp\/v2\/product_cat?post=732924"},{"taxonomy":"product_tag","embeddable":true,"href":"https:\/\/roveyayinevi.com.tr\/index.php\/wp-json\/wp\/v2\/product_tag?post=732924"}],"curies":[{"name":"wp","href":"https:\/\/api.w.org\/{rel}","templated":true}]}}