{"id":732923,"date":"2025-08-27T21:59:54","date_gmt":"2025-08-27T18:59:54","guid":{"rendered":"https:\/\/roveyayinevi.com.tr\/index.php\/urun\/edom\/"},"modified":"2026-04-16T02:40:46","modified_gmt":"2026-04-15T23:40:46","slug":"edom","status":"publish","type":"product","link":"https:\/\/roveyayinevi.com.tr\/index.php\/urun\/edom\/","title":{"rendered":"Edom"},"content":{"rendered":"<p>Siyonist Yahudi\u2019nin d\u00fcnya h\u00e2kimiyet plan\u0131n\u0131n \u015fifreleri bu kitapta.Yahudiler tarihleri boyunca T\u00fcrklerden g\u00f6rd\u00fckleri m\u00fcr\u00fcvvet ve ihsan\u0131n bir benzerini, ba\u015fka hi\u00e7bir milletten g\u00f6rmediler. 15. asr\u0131n sonundan itibaren kitleler halinde T\u00fcrk yurduna iltica eden bu kavim, Osmanl\u0131 sanca\u011f\u0131 alt\u0131nda \u015fahane h\u00fcr ya\u015fad\u0131. Haham Zarfati\u2019nin de dedi\u011fi gibi Yahudiler, Osmanl\u0131 m\u00fclk\u00fcnde, Hristiyan toplumlarda maruz kald\u0131klar\u0131 mosmor ve k\u0131pk\u0131z\u0131l d\u00f6v\u00fclmelerle muhatap olmad\u0131lar, en iyi elbiselerini giydiler, inan\u00e7 ve ibadetlerini ya\u015famakta serbest oldular.Buna ra\u011fmen t\u00fcm d\u00fcnya Siyonist Yahudileri i\u00e7in T\u00fcrkler, her daim yok edilmesi gereken gog ve magog yani ye\u2019c\u00fcc ve me\u2019c\u00fcc olarak g\u00f6r\u00fcld\u00fc. Onlara g\u00f6re kuzeyden gelecek ve \u0130srailo\u011fullar\u0131n\u0131 yok edecek millet \u015f\u00fcphesiz T\u00fcrklerdir, zaman, ihsana vefa zaman\u0131 de\u011fildir. T\u00fcrkler, Siyonist Yahudilerin \u00fc\u00e7 a\u015famal\u0131 d\u00fcnya h\u00e2kimiyet plan\u0131n\u0131n \u00f6n\u00fcndeki en b\u00fcy\u00fck engeldir. Bu y\u00fczden T\u00fcrkiye kademeli bir \u015fekilde i\u015fgal ve yok edilecek olan Edom \u00fclkesidir. Elinizdeki bu eser, Siyonist Yahudi\u2019nin d\u00fcnya h\u00e2kimiyet plan\u0131n\u0131n \u015fifrelerini, tarihi bir bak\u0131\u015f a\u00e7\u0131s\u0131yla ortaya koymakta ve M\u00fcsl\u00fcman T\u00fcrk gencine bu manada tarih \u015fuuru a\u015f\u0131lamay\u0131 ama\u00e7lamaktad\u0131r.<\/p>\n","protected":false},"excerpt":{"rendered":"<p>Siyonist Yahudi\u2019nin d\u00fcnya h\u00e2kimiyet plan\u0131n\u0131n \u015fifreleri bu kitapta.Yahudiler tarihleri boyunca T\u00fcrklerden g\u00f6rd\u00fckleri m\u00fcr\u00fcvvet ve ihsan\u0131n bir benzerini, ba\u015fka hi\u00e7bir milletten g\u00f6rmediler. 15. asr\u0131n sonundan itibaren kitleler<span class=\"excerpt-hellip\"> [\u2026]<\/span><\/p>\n","protected":false},"featured_media":0,"template":"","meta":{"_monsterinsights_skip_tracking":false,"_monsterinsights_sitenote_active":false,"_monsterinsights_sitenote_note":"","_monsterinsights_sitenote_category":0},"product_brand":[],"product_cat":[13517,12304],"product_tag":[],"class_list":{"0":"post-732923","1":"product","2":"type-product","3":"status-publish","5":"product_cat-osmanli-tarihi","6":"product_cat-tarih","7":"pa_cilt-ciltsiz","8":"pa_tur-kitap","9":"pa_yayinevi-hayykitap","10":"pa_yazar-yilmaz-altunsoy","12":"first","13":"instock","14":"sale","15":"shipping-taxable","16":"purchasable","17":"product-type-simple"},"_links":{"self":[{"href":"https:\/\/roveyayinevi.com.tr\/index.php\/wp-json\/wp\/v2\/product\/732923","targetHints":{"allow":["GET"]}}],"collection":[{"href":"https:\/\/roveyayinevi.com.tr\/index.php\/wp-json\/wp\/v2\/product"}],"about":[{"href":"https:\/\/roveyayinevi.com.tr\/index.php\/wp-json\/wp\/v2\/types\/product"}],"wp:attachment":[{"href":"https:\/\/roveyayinevi.com.tr\/index.php\/wp-json\/wp\/v2\/media?parent=732923"}],"wp:term":[{"taxonomy":"product_brand","embeddable":true,"href":"https:\/\/roveyayinevi.com.tr\/index.php\/wp-json\/wp\/v2\/product_brand?post=732923"},{"taxonomy":"product_cat","embeddable":true,"href":"https:\/\/roveyayinevi.com.tr\/index.php\/wp-json\/wp\/v2\/product_cat?post=732923"},{"taxonomy":"product_tag","embeddable":true,"href":"https:\/\/roveyayinevi.com.tr\/index.php\/wp-json\/wp\/v2\/product_tag?post=732923"}],"curies":[{"name":"wp","href":"https:\/\/api.w.org\/{rel}","templated":true}]}}