{"id":732922,"date":"2025-08-27T21:59:53","date_gmt":"2025-08-27T18:59:53","guid":{"rendered":"https:\/\/roveyayinevi.com.tr\/index.php\/urun\/hayat-yarim-birakir-sen-ellerimi-tut\/"},"modified":"2026-04-16T02:40:46","modified_gmt":"2026-04-15T23:40:46","slug":"hayat-yarim-birakir-sen-ellerimi-tut","status":"publish","type":"product","link":"https:\/\/roveyayinevi.com.tr\/index.php\/urun\/hayat-yarim-birakir-sen-ellerimi-tut\/","title":{"rendered":"Hayat Yar\u0131m B\u0131rak\u0131r Sen Ellerimi Tut"},"content":{"rendered":"<p>T\u0131rmanmak bize g\u00f6re de\u011fil, ba\u015f\u0131m\u0131z\u0131 kald\u0131r\u0131nca g\u00f6ky\u00fcz\u00fcn\u00fc g\u00f6rmek yeter bize.Kara geceler umudumu s\u00f6k\u00fcyor, yar\u0131nlara inanc\u0131m ol.Karanl\u0131\u011f\u0131 b\u00f6len g\u00fcn \u0131\u015f\u0131\u011f\u0131, gecemi sabaha ba\u011flayan manidar vakitlerim ol.Ben yar\u0131m kalmay\u0131 \u00f6\u011frendim hayattan, birlikteyken yar\u0131m olmay\u0131 \u00f6\u011fretelim d\u00fcnyaya.Y\u00fckseklik korkuma arma\u011fan d\u00fc\u015f\u00fc\u015flerim ol, diplerde tutunal\u0131m.T\u0131rmanmak bize g\u00f6re de\u011fil, ba\u015f\u0131m\u0131z\u0131 kald\u0131r\u0131nca g\u00f6ky\u00fcz\u00fcn\u00fc g\u00f6rmek yeter bize.Azla yetinmek de\u011fil bu, \u00e7ok olmaktan korkmak.\u00c7okluk u\u011framas\u0131n, yetebiliyorken biz bize.Hayat\u0131n karma\u015fas\u0131yla gelen umutsuzluklar kar\u015f\u0131s\u0131nda, dupduru bir inan\u00e7la duran y\u00fcrekli bir kalemden, hala tertemiz sevebilmeye inanan g\u00fczel y\u00fcreklere bir arma\u011fan\u2026<\/p>\n","protected":false},"excerpt":{"rendered":"<p>T\u0131rmanmak bize g\u00f6re de\u011fil, ba\u015f\u0131m\u0131z\u0131 kald\u0131r\u0131nca g\u00f6ky\u00fcz\u00fcn\u00fc g\u00f6rmek yeter bize.Kara geceler umudumu s\u00f6k\u00fcyor, yar\u0131nlara inanc\u0131m ol.Karanl\u0131\u011f\u0131 b\u00f6len g\u00fcn \u0131\u015f\u0131\u011f\u0131, gecemi sabaha ba\u011flayan manidar vakitlerim ol.Ben yar\u0131m<span class=\"excerpt-hellip\"> [\u2026]<\/span><\/p>\n","protected":false},"featured_media":0,"template":"","meta":{"_monsterinsights_skip_tracking":false,"_monsterinsights_sitenote_active":false,"_monsterinsights_sitenote_note":"","_monsterinsights_sitenote_category":0},"product_brand":[],"product_cat":[12777,12291],"product_tag":[],"class_list":{"0":"post-732922","1":"product","2":"type-product","3":"status-publish","5":"product_cat-deneme","6":"product_cat-edebiyat","7":"pa_cilt-ciltsiz","8":"pa_tur-kitap","9":"pa_yayinevi-hayykitap","10":"pa_yazar-rabia-aysel","12":"first","13":"instock","14":"sale","15":"shipping-taxable","16":"purchasable","17":"product-type-simple"},"_links":{"self":[{"href":"https:\/\/roveyayinevi.com.tr\/index.php\/wp-json\/wp\/v2\/product\/732922","targetHints":{"allow":["GET"]}}],"collection":[{"href":"https:\/\/roveyayinevi.com.tr\/index.php\/wp-json\/wp\/v2\/product"}],"about":[{"href":"https:\/\/roveyayinevi.com.tr\/index.php\/wp-json\/wp\/v2\/types\/product"}],"wp:attachment":[{"href":"https:\/\/roveyayinevi.com.tr\/index.php\/wp-json\/wp\/v2\/media?parent=732922"}],"wp:term":[{"taxonomy":"product_brand","embeddable":true,"href":"https:\/\/roveyayinevi.com.tr\/index.php\/wp-json\/wp\/v2\/product_brand?post=732922"},{"taxonomy":"product_cat","embeddable":true,"href":"https:\/\/roveyayinevi.com.tr\/index.php\/wp-json\/wp\/v2\/product_cat?post=732922"},{"taxonomy":"product_tag","embeddable":true,"href":"https:\/\/roveyayinevi.com.tr\/index.php\/wp-json\/wp\/v2\/product_tag?post=732922"}],"curies":[{"name":"wp","href":"https:\/\/api.w.org\/{rel}","templated":true}]}}