{"id":732921,"date":"2025-08-27T21:59:52","date_gmt":"2025-08-27T18:59:52","guid":{"rendered":"https:\/\/roveyayinevi.com.tr\/index.php\/urun\/seni-ozlemekle-baslar-butun-yolculuklar\/"},"modified":"2026-04-16T02:40:46","modified_gmt":"2026-04-15T23:40:46","slug":"seni-ozlemekle-baslar-butun-yolculuklar","status":"publish","type":"product","link":"https:\/\/roveyayinevi.com.tr\/index.php\/urun\/seni-ozlemekle-baslar-butun-yolculuklar\/","title":{"rendered":"Seni \u00d6zlemekle Ba\u015flar B\u00fct\u00fcn Yolculuklar"},"content":{"rendered":"<p>Bu kitab\u0131 okuduk\u00e7a sadece kendinizle de\u011fil, ba\u015fkalar\u0131nda sakl\u0131 kalm\u0131\u015f hat\u0131ralar\u0131n\u0131zla da bulu\u015facaks\u0131n\u0131z.\u201cYeniden sevebiliyor insan. Yeniden kalbini birine yuva yapabiliyor. \u0130nsan y\u0131pransa da tekrar \u2018seviyorum\u2019 diyebiliyor. \u2018O\u2019nun i\u00e7in yazd\u0131m\u2019 derdim bu kitab\u0131 hep. Ama ger\u00e7ekten ait olana, sevmeyi bilenlere yazd\u0131m. Senden daha g\u00fczel sevebilecek olana.\u201dSevmek ad\u0131na \u00e7\u0131k\u0131lan yolculukta mesele yolculukla kalmak de\u011fil zamanla yola d\u00f6n\u00fc\u015febilmektedir. Enes \u00c7elik, Seni \u00d6zlemekle Ba\u015flar B\u00fct\u00fcn Yolculuklar\u2019da sevginin \u00fczerindeki \u00f6rt\u00fcy\u00fc yaz\u0131lar\u0131yla kald\u0131r\u0131yor ve g\u00f6zler \u00f6n\u00fcne seriyor. Bu kitab\u0131 okuduk\u00e7a sadece kendinizle de\u011fil, ba\u015fkalar\u0131nda sakl\u0131 kalm\u0131\u015f hat\u0131ralar\u0131n\u0131zla da bulu\u015facaks\u0131n\u0131z.<\/p>\n","protected":false},"excerpt":{"rendered":"<p>Bu kitab\u0131 okuduk\u00e7a sadece kendinizle de\u011fil, ba\u015fkalar\u0131nda sakl\u0131 kalm\u0131\u015f hat\u0131ralar\u0131n\u0131zla da bulu\u015facaks\u0131n\u0131z.\u201cYeniden sevebiliyor insan. Yeniden kalbini birine yuva yapabiliyor. \u0130nsan y\u0131pransa da tekrar \u2018seviyorum\u2019 diyebiliyor. \u2018O\u2019nun<span class=\"excerpt-hellip\"> [\u2026]<\/span><\/p>\n","protected":false},"featured_media":0,"template":"","meta":{"_monsterinsights_skip_tracking":false,"_monsterinsights_sitenote_active":false,"_monsterinsights_sitenote_note":"","_monsterinsights_sitenote_category":0},"product_brand":[],"product_cat":[12777,12291],"product_tag":[],"class_list":{"0":"post-732921","1":"product","2":"type-product","3":"status-publish","5":"product_cat-deneme","6":"product_cat-edebiyat","7":"pa_cilt-ciltsiz","8":"pa_tur-kitap","9":"pa_yayinevi-hayykitap","10":"pa_yazar-enes-celik","12":"first","13":"instock","14":"sale","15":"shipping-taxable","16":"purchasable","17":"product-type-simple"},"_links":{"self":[{"href":"https:\/\/roveyayinevi.com.tr\/index.php\/wp-json\/wp\/v2\/product\/732921","targetHints":{"allow":["GET"]}}],"collection":[{"href":"https:\/\/roveyayinevi.com.tr\/index.php\/wp-json\/wp\/v2\/product"}],"about":[{"href":"https:\/\/roveyayinevi.com.tr\/index.php\/wp-json\/wp\/v2\/types\/product"}],"wp:attachment":[{"href":"https:\/\/roveyayinevi.com.tr\/index.php\/wp-json\/wp\/v2\/media?parent=732921"}],"wp:term":[{"taxonomy":"product_brand","embeddable":true,"href":"https:\/\/roveyayinevi.com.tr\/index.php\/wp-json\/wp\/v2\/product_brand?post=732921"},{"taxonomy":"product_cat","embeddable":true,"href":"https:\/\/roveyayinevi.com.tr\/index.php\/wp-json\/wp\/v2\/product_cat?post=732921"},{"taxonomy":"product_tag","embeddable":true,"href":"https:\/\/roveyayinevi.com.tr\/index.php\/wp-json\/wp\/v2\/product_tag?post=732921"}],"curies":[{"name":"wp","href":"https:\/\/api.w.org\/{rel}","templated":true}]}}