{"id":732920,"date":"2025-08-27T21:59:51","date_gmt":"2025-08-27T18:59:51","guid":{"rendered":"https:\/\/roveyayinevi.com.tr\/index.php\/urun\/umudum-gokyuzu-kadar\/"},"modified":"2026-04-16T02:40:46","modified_gmt":"2026-04-15T23:40:46","slug":"umudum-gokyuzu-kadar","status":"publish","type":"product","link":"https:\/\/roveyayinevi.com.tr\/index.php\/urun\/umudum-gokyuzu-kadar\/","title":{"rendered":"Umudum G\u00f6ky\u00fcz\u00fc Kadar"},"content":{"rendered":"<p>Sabret, g\u00f6kku\u015fa\u011f\u0131n\u0131n a\u00e7mas\u0131 an meselesi&#8230;Sahi sevgi neydi?Hangi y\u0131lda ya da ayda kald\u0131?Bekledi\u011fimiz miydi yoksa terk etti\u011fimiz mi?Ge\u00e7 kald\u0131\u011f\u0131m\u0131z m\u0131yd\u0131, umutla bekledi\u011fimiz mi?Belki bir \u015fiir aras\u0131nda s\u0131k\u0131\u015f\u0131p kald\u0131, belki de kapa\u011f\u0131 tozlanm\u0131\u015f bir kitab\u0131n aras\u0131nda.Yine de aslolan, i\u00e7indeki sevgiyi ger\u00e7ekten bulabilmekte ve umudunu hi\u00e7 yitirmemekte sakl\u0131yd\u0131&#8230;Unutma.Pes etmek, vazge\u00e7mek, umudunu yitirmek&#8230;Bunlar\u0131 arkanda b\u0131rak\u0131p, yeni g\u00fczelliklere merhaba deme vakti art\u0131k&#8230;\u00c7\u00fcnk\u00fc hi\u00e7bir \u015feye yenilmeyen umudumuz g\u00f6ky\u00fcz\u00fc kadar&#8230;<\/p>\n","protected":false},"excerpt":{"rendered":"<p>Sabret, g\u00f6kku\u015fa\u011f\u0131n\u0131n a\u00e7mas\u0131 an meselesi&#8230;Sahi sevgi neydi?Hangi y\u0131lda ya da ayda kald\u0131?Bekledi\u011fimiz miydi yoksa terk etti\u011fimiz mi?Ge\u00e7 kald\u0131\u011f\u0131m\u0131z m\u0131yd\u0131, umutla bekledi\u011fimiz mi?Belki bir \u015fiir aras\u0131nda s\u0131k\u0131\u015f\u0131p<span class=\"excerpt-hellip\"> [\u2026]<\/span><\/p>\n","protected":false},"featured_media":0,"template":"","meta":{"_monsterinsights_skip_tracking":false,"_monsterinsights_sitenote_active":false,"_monsterinsights_sitenote_note":"","_monsterinsights_sitenote_category":0},"product_brand":[],"product_cat":[12777,12291],"product_tag":[],"class_list":{"0":"post-732920","1":"product","2":"type-product","3":"status-publish","5":"product_cat-deneme","6":"product_cat-edebiyat","7":"pa_cilt-ciltsiz","8":"pa_tur-kitap","9":"pa_yayinevi-hayykitap","10":"pa_yazar-safi","12":"first","13":"instock","14":"sale","15":"shipping-taxable","16":"purchasable","17":"product-type-simple"},"_links":{"self":[{"href":"https:\/\/roveyayinevi.com.tr\/index.php\/wp-json\/wp\/v2\/product\/732920","targetHints":{"allow":["GET"]}}],"collection":[{"href":"https:\/\/roveyayinevi.com.tr\/index.php\/wp-json\/wp\/v2\/product"}],"about":[{"href":"https:\/\/roveyayinevi.com.tr\/index.php\/wp-json\/wp\/v2\/types\/product"}],"wp:attachment":[{"href":"https:\/\/roveyayinevi.com.tr\/index.php\/wp-json\/wp\/v2\/media?parent=732920"}],"wp:term":[{"taxonomy":"product_brand","embeddable":true,"href":"https:\/\/roveyayinevi.com.tr\/index.php\/wp-json\/wp\/v2\/product_brand?post=732920"},{"taxonomy":"product_cat","embeddable":true,"href":"https:\/\/roveyayinevi.com.tr\/index.php\/wp-json\/wp\/v2\/product_cat?post=732920"},{"taxonomy":"product_tag","embeddable":true,"href":"https:\/\/roveyayinevi.com.tr\/index.php\/wp-json\/wp\/v2\/product_tag?post=732920"}],"curies":[{"name":"wp","href":"https:\/\/api.w.org\/{rel}","templated":true}]}}