{"id":732917,"date":"2025-08-27T21:59:48","date_gmt":"2025-08-27T18:59:48","guid":{"rendered":"https:\/\/roveyayinevi.com.tr\/index.php\/urun\/iki-nefes-arasinda\/"},"modified":"2026-04-16T02:40:46","modified_gmt":"2026-04-15T23:40:46","slug":"iki-nefes-arasinda","status":"publish","type":"product","link":"https:\/\/roveyayinevi.com.tr\/index.php\/urun\/iki-nefes-arasinda\/","title":{"rendered":"\u0130ki Nefes Aras\u0131nda"},"content":{"rendered":"<p>T\u00fcrkiye\u2019nin en gen\u00e7 t\u0131p dekan\u0131ndan ilk ve son nefes aras\u0131 an\u0131lar!     \u0130nsan hayat\u0131n\u0131n ba\u015flama an\u0131 konusunda farkl\u0131 g\u00f6r\u00fc\u015flere sahibiz. Kimimiz anne rahmine d\u00fc\u015fme an\u0131n\u0131 veya fet\u00fcste ilk kalp at\u0131m\u0131n\u0131n g\u00f6r\u00fcld\u00fc\u011f\u00fc an\u0131 hayat\u0131n ba\u015flad\u0131\u011f\u0131n\u0131n belirtileri gibi alg\u0131lar ama bana g\u00f6re hayat ilk nefesle ba\u015flar. Bebe\u011fin kalbi anne karn\u0131nda atmaya ba\u015flamakla beraber bebe\u011fin d\u00fcnyada ya\u015fama ad\u0131m atmas\u0131 ilk nefesle ger\u00e7ekle\u015fir. Bebek annesinden do\u011fdu\u011fu anda sinir sistemi, farkl\u0131 bir s\u0131cakl\u0131k ve ortama \u00e7\u0131kt\u0131\u011f\u0131n\u0131 alg\u0131lar, ilk nefesin i\u00e7eri \u00e7ekilmesi uyar\u0131s\u0131n\u0131 beyne g\u00f6nderir. \u0130lk nefes \u00e7ekildikten on saniye i\u00e7inde kalp, akci\u011fer ve bebe\u011fin annesiyle ba\u011flant\u0131s\u0131n\u0131 sa\u011flayan kar\u0131n damarlar\u0131nda \u00e7ok h\u0131zl\u0131 de\u011fi\u015fiklikler olur. Akci\u011ferlere giden damarlardaki diren\u00e7 d\u00fc\u015fer ve damar kapasitesi geni\u015fler. Akci\u011ferlerdeki su h\u0131zla emilir. Bebe\u011fin oksijenlenen kan\u0131, karn\u0131ndan anneye ba\u011flanan damarlar\u0131n b\u00fcz\u00fclmesini tetikler. Kan sol kalbe d\u00f6n\u00fcp bas\u0131nc\u0131 artt\u0131rd\u0131\u011f\u0131nda, anne karn\u0131nda bebe\u011fin kalbinde var olan deli\u011fin kapanmas\u0131na neden olur. Ve hayat ba\u015flar\u2026   ***   Bu muhte\u015fem olay d\u00fcnyada her saniyede d\u00f6rt kez ya\u015fan\u0131yor. Ge\u00e7enlerde do\u011fum hadisesinin ve ilk nefesin mucizevi s\u00fcre\u00e7lerini doksan bir ya\u015f\u0131ndaki anneanneme anlatt\u0131\u011f\u0131mda o temiz kad\u0131n\u0131n g\u00f6zleri doldu ve tahmin edebilece\u011finiz tepkiyi verdi. Her ge\u00e7en saniye do\u011fanlardan daha az say\u0131da insan\u0131n nefesi durur. Hayat\u0131n k\u0131sal\u0131\u011f\u0131n\u0131 anlatmak i\u00e7in \u201ciki ezan aras\u0131\u201d ifadesi kullan\u0131l\u0131r. Asl\u0131nda en do\u011fru ifade \u201c\u0130ki nefes aras\u0131nda\u201d. \u0130lk ve son nefes&#8230; <\/p>\n","protected":false},"excerpt":{"rendered":"<p>T\u00fcrkiye\u2019nin en gen\u00e7 t\u0131p dekan\u0131ndan ilk ve son nefes aras\u0131 an\u0131lar! \u0130nsan hayat\u0131n\u0131n ba\u015flama an\u0131 konusunda farkl\u0131 g\u00f6r\u00fc\u015flere sahibiz. Kimimiz anne rahmine d\u00fc\u015fme an\u0131n\u0131 veya fet\u00fcste<span class=\"excerpt-hellip\"> [\u2026]<\/span><\/p>\n","protected":false},"featured_media":0,"template":"","meta":{"_monsterinsights_skip_tracking":false,"_monsterinsights_sitenote_active":false,"_monsterinsights_sitenote_note":"","_monsterinsights_sitenote_category":0},"product_brand":[],"product_cat":[12777,12291],"product_tag":[],"class_list":{"0":"post-732917","1":"product","2":"type-product","3":"status-publish","5":"product_cat-deneme","6":"product_cat-edebiyat","7":"pa_cilt-ciltsiz","8":"pa_tur-kitap","9":"pa_yayinevi-hayykitap","10":"pa_yazar-hasan-fevzi-batirel","12":"first","13":"instock","14":"sale","15":"shipping-taxable","16":"purchasable","17":"product-type-simple"},"_links":{"self":[{"href":"https:\/\/roveyayinevi.com.tr\/index.php\/wp-json\/wp\/v2\/product\/732917","targetHints":{"allow":["GET"]}}],"collection":[{"href":"https:\/\/roveyayinevi.com.tr\/index.php\/wp-json\/wp\/v2\/product"}],"about":[{"href":"https:\/\/roveyayinevi.com.tr\/index.php\/wp-json\/wp\/v2\/types\/product"}],"wp:attachment":[{"href":"https:\/\/roveyayinevi.com.tr\/index.php\/wp-json\/wp\/v2\/media?parent=732917"}],"wp:term":[{"taxonomy":"product_brand","embeddable":true,"href":"https:\/\/roveyayinevi.com.tr\/index.php\/wp-json\/wp\/v2\/product_brand?post=732917"},{"taxonomy":"product_cat","embeddable":true,"href":"https:\/\/roveyayinevi.com.tr\/index.php\/wp-json\/wp\/v2\/product_cat?post=732917"},{"taxonomy":"product_tag","embeddable":true,"href":"https:\/\/roveyayinevi.com.tr\/index.php\/wp-json\/wp\/v2\/product_tag?post=732917"}],"curies":[{"name":"wp","href":"https:\/\/api.w.org\/{rel}","templated":true}]}}