{"id":732916,"date":"2025-08-27T21:59:47","date_gmt":"2025-08-27T18:59:47","guid":{"rendered":"https:\/\/roveyayinevi.com.tr\/index.php\/urun\/iki-top-dondurma\/"},"modified":"2026-04-16T02:40:46","modified_gmt":"2026-04-15T23:40:46","slug":"iki-top-dondurma","status":"publish","type":"product","link":"https:\/\/roveyayinevi.com.tr\/index.php\/urun\/iki-top-dondurma\/","title":{"rendered":"\u0130ki Top Dondurma"},"content":{"rendered":"<p>G\u00fcne\u015f \u0131\u015f\u0131klar\u0131 pencerelerden i\u00e7eri s\u00fcz\u00fcl\u00fcyordu.  Sanki, yaz\u0131n geli\u015fini m\u00fcjdeliyordu. Tam bu s\u0131rada Gamze\u2019nin akl\u0131na yaz\u0131 an\u0131msatan en tatl\u0131 \u015fey, dondurma, gelmi\u015fti.   Bu hik\u00e2yede yazar dondurma seven t\u00fcm \u00e7ocuklar\u0131 ve \u00e7ocuk kalanlar\u0131 tatl\u0131 bir an\u0131ya davet ediyor. <\/p>\n","protected":false},"excerpt":{"rendered":"<p>G\u00fcne\u015f \u0131\u015f\u0131klar\u0131 pencerelerden i\u00e7eri s\u00fcz\u00fcl\u00fcyordu. Sanki, yaz\u0131n geli\u015fini m\u00fcjdeliyordu. Tam bu s\u0131rada Gamze\u2019nin akl\u0131na yaz\u0131 an\u0131msatan en tatl\u0131 \u015fey, dondurma, gelmi\u015fti. Bu hik\u00e2yede yazar dondurma seven<span class=\"excerpt-hellip\"> [\u2026]<\/span><\/p>\n","protected":false},"featured_media":0,"template":"","meta":{"_monsterinsights_skip_tracking":false,"_monsterinsights_sitenote_active":false,"_monsterinsights_sitenote_note":"","_monsterinsights_sitenote_category":0},"product_brand":[],"product_cat":[12275,12274],"product_tag":[],"class_list":{"0":"post-732916","1":"product","2":"type-product","3":"status-publish","5":"product_cat-6-12-yas-kitaplari","6":"product_cat-cocuk-ve-genclik-kitaplari","7":"pa_cilt-ciltsiz","8":"pa_tur-kitap","9":"pa_yayinevi-us-yayinlari","10":"pa_yazar-tugba-akkas-boynuegri","12":"first","13":"instock","14":"sale","15":"shipping-taxable","16":"purchasable","17":"product-type-simple"},"_links":{"self":[{"href":"https:\/\/roveyayinevi.com.tr\/index.php\/wp-json\/wp\/v2\/product\/732916","targetHints":{"allow":["GET"]}}],"collection":[{"href":"https:\/\/roveyayinevi.com.tr\/index.php\/wp-json\/wp\/v2\/product"}],"about":[{"href":"https:\/\/roveyayinevi.com.tr\/index.php\/wp-json\/wp\/v2\/types\/product"}],"wp:attachment":[{"href":"https:\/\/roveyayinevi.com.tr\/index.php\/wp-json\/wp\/v2\/media?parent=732916"}],"wp:term":[{"taxonomy":"product_brand","embeddable":true,"href":"https:\/\/roveyayinevi.com.tr\/index.php\/wp-json\/wp\/v2\/product_brand?post=732916"},{"taxonomy":"product_cat","embeddable":true,"href":"https:\/\/roveyayinevi.com.tr\/index.php\/wp-json\/wp\/v2\/product_cat?post=732916"},{"taxonomy":"product_tag","embeddable":true,"href":"https:\/\/roveyayinevi.com.tr\/index.php\/wp-json\/wp\/v2\/product_tag?post=732916"}],"curies":[{"name":"wp","href":"https:\/\/api.w.org\/{rel}","templated":true}]}}