{"id":732911,"date":"2025-08-27T21:59:42","date_gmt":"2025-08-27T18:59:42","guid":{"rendered":"https:\/\/roveyayinevi.com.tr\/index.php\/urun\/renkler-sekiller-5-yas-buyuyorum-ogreniyorum-okul-oncesi-etkinlikleri\/"},"modified":"2026-04-16T02:40:46","modified_gmt":"2026-04-15T23:40:46","slug":"renkler-sekiller-5-yas-buyuyorum-ogreniyorum-okul-oncesi-etkinlikleri","status":"publish","type":"product","link":"https:\/\/roveyayinevi.com.tr\/index.php\/urun\/renkler-sekiller-5-yas-buyuyorum-ogreniyorum-okul-oncesi-etkinlikleri\/","title":{"rendered":"Renkler \u015eekiller (+5 Ya\u015f) &#8211; B\u00fcy\u00fcyorum \u00d6\u011freniyorum Okul \u00d6ncesi Etkinlikleri"},"content":{"rendered":"<p>B\u00fcy\u00fcyorum \u00d6\u011freniyorum Okul \u00d6ncesi Etkinlikleri- Renkler \u015eekiller- 5+ Ya\u015f (MEB Okul \u00d6ncesi Program\u0131 Kazan\u0131m S\u0131ras\u0131na G\u00f6re Haz\u0131rlanm\u0131\u015ft\u0131r)   \u00c7ocuklar\u0131m\u0131z\u0131n e\u011fitimi ailede ba\u015flar. Okul \u00f6ncesi d\u00f6nemde \u00e7ocuklar\u0131m\u0131z\u0131n, b\u00fcy\u00fck ve k\u00fc\u00e7\u00fck kaslar\u0131 geli\u015fmektedir. Yap\u0131lacak \u00e7al\u0131\u015fmalar ve etkinlikler, bu kaslar\u0131n en iyi \u015fekilde geli\u015fmesini sa\u011flar. G\u00fcnl\u00fck e\u011fitim plan\u0131nda, okuma yazmaya haz\u0131rl\u0131k ve di\u011fer etkinliklere yer verilmesi, okula haz\u0131rlanan \u00e7ocu\u011fa \u00f6nemli katk\u0131lar yapar. B\u00fcy\u00fcyorum \u00d6\u011freniyorum Okul \u00d6ncesi Etkinlikleri Serisi; \u00e7ocuklar\u0131m\u0131za, okul i\u00e7in gerekli bilgi, beceri ve yeterlilikleri kazand\u0131rmay\u0131 ama\u00e7lamaktad\u0131r. Kitaptaki etkinliklere ba\u015flamadan \u00f6nce makas, boya kalemi, silgi gibi e\u015fyalar\u0131 yan\u0131n\u0131za al\u0131n. Y\u00f6nergeleri okuyun ve \u00e7ocu\u011funuza, g\u00f6rd\u00fc\u011f\u00fc sayfalar hakk\u0131nda ne d\u00fc\u015f\u00fcnd\u00fc\u011f\u00fcn\u00fc sorun. \u00c7al\u0131\u015fmalar\u0131 birlikte yap\u0131n. B\u00fct\u00fcn kitab\u0131 bir seferde bitirmeye \u00e7al\u0131\u015fmay\u0131n. Her g\u00fcn belli say\u0131da etkinlik yapmak, ertesi g\u00fcn i\u00e7in \u00e7ocu\u011fun heyecan\u0131n\u0131 art\u0131racakt\u0131r. Renkler \u015eekiller kitab\u0131nda; \u2022 Renkleri tan\u0131ma \u2022 \u00c7evremizdeki e\u015fyalar\u0131n renkleri \u2022 \u015eekilleri tan\u0131ma \u2022 \u00c7evremizdeki \u015fekillerin kullan\u0131m alanlar\u0131 \u2022 Renk deneyleri \u2022 \u015eekiller ve renklerin bir arada kullan\u0131m\u0131 \u2022 S\u0131rayla verilen renkleri boyama \u2022 Mevsimler ve renklerin ili\u015fkisi \u2022 Y\u00f6nler \u2022 Kar\u0131\u015f\u0131k verilen \u015fekilleri bulma gibi pek \u00e7ok etkinli\u011fe yer verilmi\u015ftir. E\u011flencenin eksik olmad\u0131\u011f\u0131 kitaplar\u0131m\u0131zdaki etkinlikleri yaparken \u00e7ocu\u011funuzla birlikte \u00e7ok keyifli zamanlar ge\u00e7ireceksiniz. <\/p>\n","protected":false},"excerpt":{"rendered":"<p>B\u00fcy\u00fcyorum \u00d6\u011freniyorum Okul \u00d6ncesi Etkinlikleri- Renkler \u015eekiller- 5+ Ya\u015f (MEB Okul \u00d6ncesi Program\u0131 Kazan\u0131m S\u0131ras\u0131na G\u00f6re Haz\u0131rlanm\u0131\u015ft\u0131r) \u00c7ocuklar\u0131m\u0131z\u0131n e\u011fitimi ailede ba\u015flar. Okul \u00f6ncesi d\u00f6nemde \u00e7ocuklar\u0131m\u0131z\u0131n, b\u00fcy\u00fck<span class=\"excerpt-hellip\"> [\u2026]<\/span><\/p>\n","protected":false},"featured_media":0,"template":"","meta":{"_monsterinsights_skip_tracking":false,"_monsterinsights_sitenote_active":false,"_monsterinsights_sitenote_note":"","_monsterinsights_sitenote_category":0},"product_brand":[],"product_cat":[12274,12518],"product_tag":[],"class_list":{"0":"post-732911","1":"product","2":"type-product","3":"status-publish","5":"product_cat-cocuk-ve-genclik-kitaplari","6":"product_cat-okul-oncesi-kitaplar","7":"pa_cilt-ciltsiz","8":"pa_tur-kitap","9":"pa_yayinevi-beyaz-balina-yayinlari","10":"pa_yazar-tuba-ozturk","12":"first","13":"instock","14":"sale","15":"shipping-taxable","16":"purchasable","17":"product-type-simple"},"_links":{"self":[{"href":"https:\/\/roveyayinevi.com.tr\/index.php\/wp-json\/wp\/v2\/product\/732911","targetHints":{"allow":["GET"]}}],"collection":[{"href":"https:\/\/roveyayinevi.com.tr\/index.php\/wp-json\/wp\/v2\/product"}],"about":[{"href":"https:\/\/roveyayinevi.com.tr\/index.php\/wp-json\/wp\/v2\/types\/product"}],"wp:attachment":[{"href":"https:\/\/roveyayinevi.com.tr\/index.php\/wp-json\/wp\/v2\/media?parent=732911"}],"wp:term":[{"taxonomy":"product_brand","embeddable":true,"href":"https:\/\/roveyayinevi.com.tr\/index.php\/wp-json\/wp\/v2\/product_brand?post=732911"},{"taxonomy":"product_cat","embeddable":true,"href":"https:\/\/roveyayinevi.com.tr\/index.php\/wp-json\/wp\/v2\/product_cat?post=732911"},{"taxonomy":"product_tag","embeddable":true,"href":"https:\/\/roveyayinevi.com.tr\/index.php\/wp-json\/wp\/v2\/product_tag?post=732911"}],"curies":[{"name":"wp","href":"https:\/\/api.w.org\/{rel}","templated":true}]}}