{"id":732909,"date":"2025-08-27T21:59:39","date_gmt":"2025-08-27T18:59:39","guid":{"rendered":"https:\/\/roveyayinevi.com.tr\/index.php\/urun\/kopek-kalbi-4\/"},"modified":"2026-04-16T02:40:46","modified_gmt":"2026-04-15T23:40:46","slug":"kopek-kalbi-4","status":"publish","type":"product","link":"https:\/\/roveyayinevi.com.tr\/index.php\/urun\/kopek-kalbi-4\/","title":{"rendered":"K\u00f6pek Kalbi"},"content":{"rendered":"<p>\u201cBilin ki korkun\u00e7 olan, art\u0131k onda k\u00f6pek de\u011fil, insan kalbi olmas\u0131d\u0131r. Hem de do\u011fada bulunan en berbat\u0131ndan!\u201d   \u015earik, bir sokak k\u00f6pe\u011fidir. Bir g\u00fcn yaralan\u0131nca onu bulan cerrah evine g\u00f6t\u00fcr\u00fcr ve iyile\u015ftirir. Ancak ameliyat ederken ona bir insan\u0131n hipofiz bezini ve bir erke\u011fin testislerini de nakleder. Bu deneyin sonucunda \u015earik yava\u015f yava\u015f insanla\u015fmaya ba\u015flar. Hatta zaman i\u00e7erisinde Sovyet devletinde i\u015f bile bulur, ideal sosyalist bir vatanda\u015fa d\u00f6n\u00fc\u015f\u00fcr.   Bu komik ve grotesk Frankenstein \u00f6yk\u00fcs\u00fc Bol\u015fevizmi ve Sovyet toplumunu ele\u015ftirdi\u011fi gibi, insan\u0131n temeldeki bencilli\u011fini de g\u00f6zler \u00f6n\u00fcne seriyor. Bulgakov\u2019un 1925\u2019te yazd\u0131\u011f\u0131 ancak 1987\u2019ye kadar Rus\u00e7ada yay\u0131mlanamayan roman\u0131 K\u00f6pek Kalbi, yazar\u0131n hiciv ve kara mizah yetene\u011fini en iyi \u015fekilde g\u00f6sterdi\u011fi eserlerinden biri. <\/p>\n","protected":false},"excerpt":{"rendered":"<p>\u201cBilin ki korkun\u00e7 olan, art\u0131k onda k\u00f6pek de\u011fil, insan kalbi olmas\u0131d\u0131r. Hem de do\u011fada bulunan en berbat\u0131ndan!\u201d \u015earik, bir sokak k\u00f6pe\u011fidir. Bir g\u00fcn yaralan\u0131nca onu bulan<span class=\"excerpt-hellip\"> [\u2026]<\/span><\/p>\n","protected":false},"featured_media":0,"template":"","meta":{"_monsterinsights_skip_tracking":false,"_monsterinsights_sitenote_active":false,"_monsterinsights_sitenote_note":"","_monsterinsights_sitenote_category":0},"product_brand":[],"product_cat":[12291,12711],"product_tag":[],"class_list":{"0":"post-732909","1":"product","2":"type-product","3":"status-publish","5":"product_cat-edebiyat","6":"product_cat-roman-oyku","7":"pa_cilt-ciltsiz","8":"pa_tur-kitap","9":"pa_yayinevi-can-yayinlari","10":"pa_yazar-mihail-bulgakov","12":"first","13":"instock","14":"sale","15":"shipping-taxable","16":"purchasable","17":"product-type-simple"},"_links":{"self":[{"href":"https:\/\/roveyayinevi.com.tr\/index.php\/wp-json\/wp\/v2\/product\/732909","targetHints":{"allow":["GET"]}}],"collection":[{"href":"https:\/\/roveyayinevi.com.tr\/index.php\/wp-json\/wp\/v2\/product"}],"about":[{"href":"https:\/\/roveyayinevi.com.tr\/index.php\/wp-json\/wp\/v2\/types\/product"}],"wp:attachment":[{"href":"https:\/\/roveyayinevi.com.tr\/index.php\/wp-json\/wp\/v2\/media?parent=732909"}],"wp:term":[{"taxonomy":"product_brand","embeddable":true,"href":"https:\/\/roveyayinevi.com.tr\/index.php\/wp-json\/wp\/v2\/product_brand?post=732909"},{"taxonomy":"product_cat","embeddable":true,"href":"https:\/\/roveyayinevi.com.tr\/index.php\/wp-json\/wp\/v2\/product_cat?post=732909"},{"taxonomy":"product_tag","embeddable":true,"href":"https:\/\/roveyayinevi.com.tr\/index.php\/wp-json\/wp\/v2\/product_tag?post=732909"}],"curies":[{"name":"wp","href":"https:\/\/api.w.org\/{rel}","templated":true}]}}