{"id":732908,"date":"2025-08-27T21:59:38","date_gmt":"2025-08-27T18:59:38","guid":{"rendered":"https:\/\/roveyayinevi.com.tr\/index.php\/urun\/define-adasi-18\/"},"modified":"2026-04-16T02:40:46","modified_gmt":"2026-04-15T23:40:46","slug":"define-adasi-18","status":"publish","type":"product","link":"https:\/\/roveyayinevi.com.tr\/index.php\/urun\/define-adasi-18\/","title":{"rendered":"Define Adas\u0131"},"content":{"rendered":"<p>Define Adas\u0131\u2019n\u0131n bug\u00fcn d\u00fcnya edebiyat\u0131n\u0131n en \u201cklasik\u201d klasiklerinden biri olmas\u0131n\u0131n temelinde, ola\u011fand\u0131\u015f\u0131 bir macera \u00f6yk\u00fcs\u00fc anlatmas\u0131n\u0131n \u00f6tesinde, insan davran\u0131\u015flar\u0131n\u0131n ard\u0131nda yatan \u00e7eli\u015fkili y\u00f6nleri, insan ruhunun \u00e7apra\u015f\u0131kl\u0131\u011f\u0131n\u0131 olanca derinli\u011fiyle g\u00f6zler \u00f6n\u00fcne seri\u015fi yatar.   Dr. Jekyll ve Mr. Hyde Robert Louis Stevenson\u2019\u0131n gece d\u00fc\u015flerinin, karabasanlar\u0131n\u0131n bir \u00fcr\u00fcn\u00fc ise, Define Adas\u0131 da g\u00fcnd\u00fcz d\u00fc\u015flerinin yarat\u0131s\u0131d\u0131r. \u00dcvey o\u011flu Lloyd\u2019la aralar\u0131nda bir oyun olarak do\u011fan bu ser\u00fcven roman\u0131 o g\u00fcn bug\u00fcnd\u00fcr yediden yetmi\u015fe t\u00fcm okurlar\u0131 b\u00fcy\u00fclemeye devam ediyor. Pek \u00e7ok okur da imgelemindeki \u201ckorsan imgesi\u201dni Stevenson\u2019\u0131n bu roman\u0131ndaki karakterlere, \u00f6zellikle de omzundaki papa\u011fan\u0131 ve tahta baca\u011f\u0131yla Kaptan Silver&#8217;a bor\u00e7ludur. <\/p>\n","protected":false},"excerpt":{"rendered":"<p>Define Adas\u0131\u2019n\u0131n bug\u00fcn d\u00fcnya edebiyat\u0131n\u0131n en \u201cklasik\u201d klasiklerinden biri olmas\u0131n\u0131n temelinde, ola\u011fand\u0131\u015f\u0131 bir macera \u00f6yk\u00fcs\u00fc anlatmas\u0131n\u0131n \u00f6tesinde, insan davran\u0131\u015flar\u0131n\u0131n ard\u0131nda yatan \u00e7eli\u015fkili y\u00f6nleri, insan ruhunun \u00e7apra\u015f\u0131kl\u0131\u011f\u0131n\u0131<span class=\"excerpt-hellip\"> [\u2026]<\/span><\/p>\n","protected":false},"featured_media":0,"template":"","meta":{"_monsterinsights_skip_tracking":false,"_monsterinsights_sitenote_active":false,"_monsterinsights_sitenote_note":"","_monsterinsights_sitenote_category":0},"product_brand":[],"product_cat":[12291,13872],"product_tag":[],"class_list":{"0":"post-732908","1":"product","2":"type-product","3":"status-publish","5":"product_cat-edebiyat","6":"product_cat-klasikler","7":"pa_cilt-ciltsiz","8":"pa_tur-kitap","9":"pa_yayinevi-can-yayinlari","10":"pa_yazar-robert-louis-stevenson","12":"first","13":"instock","14":"sale","15":"shipping-taxable","16":"purchasable","17":"product-type-simple"},"_links":{"self":[{"href":"https:\/\/roveyayinevi.com.tr\/index.php\/wp-json\/wp\/v2\/product\/732908","targetHints":{"allow":["GET"]}}],"collection":[{"href":"https:\/\/roveyayinevi.com.tr\/index.php\/wp-json\/wp\/v2\/product"}],"about":[{"href":"https:\/\/roveyayinevi.com.tr\/index.php\/wp-json\/wp\/v2\/types\/product"}],"wp:attachment":[{"href":"https:\/\/roveyayinevi.com.tr\/index.php\/wp-json\/wp\/v2\/media?parent=732908"}],"wp:term":[{"taxonomy":"product_brand","embeddable":true,"href":"https:\/\/roveyayinevi.com.tr\/index.php\/wp-json\/wp\/v2\/product_brand?post=732908"},{"taxonomy":"product_cat","embeddable":true,"href":"https:\/\/roveyayinevi.com.tr\/index.php\/wp-json\/wp\/v2\/product_cat?post=732908"},{"taxonomy":"product_tag","embeddable":true,"href":"https:\/\/roveyayinevi.com.tr\/index.php\/wp-json\/wp\/v2\/product_tag?post=732908"}],"curies":[{"name":"wp","href":"https:\/\/api.w.org\/{rel}","templated":true}]}}