{"id":732903,"date":"2025-08-27T21:59:32","date_gmt":"2025-08-27T18:59:32","guid":{"rendered":"https:\/\/roveyayinevi.com.tr\/index.php\/urun\/benim-adim-nese-dolu-10-kitap-set\/"},"modified":"2026-04-16T02:40:46","modified_gmt":"2026-04-15T23:40:46","slug":"benim-adim-nese-dolu-10-kitap-set","status":"publish","type":"product","link":"https:\/\/roveyayinevi.com.tr\/index.php\/urun\/benim-adim-nese-dolu-10-kitap-set\/","title":{"rendered":"Benim Ad\u0131m Ne\u015fe Dolu (10 Kitap Set)"},"content":{"rendered":"<p>Merhaba Can\u0131m Arkada\u015f\u0131m! \u015eu an bu kitab\u0131 tutuyorsun elinde. Evet, sana sesleniyorum. Sana kendimden ve ailemden bahsetmek istiyorum. Bir t\u00fcrl\u00fc zay\u0131flayamayan M\u0130NE teyzeden de bahsedece\u011fim. \u00c7ok g\u00fcleceksin. Komik arkada\u015f\u0131m Selim\u2019e de \u00e7ok g\u00fcleceksin. En \u00e7ok da kay\u0131p ku\u015fum \u00c7\u0130KO\u2019YU anlataca\u011f\u0131m sana. Onu bulmama yard\u0131m eder misin? Bu arada benim ad\u0131m: NE\u015eE DOLU Yanl\u0131\u015f duymad\u0131n, \u015faka yapm\u0131yorum. Haydi, bana kat\u0131l ve macera ba\u015flas\u0131n.   Kazanimlar Sayg\u0131 Sevgi Arkada\u015fl\u0131k Empati Yard\u0131mseverlik Aile Hayvan Sevgisi D\u00fcr\u00fcstl\u00fck \u00c7al\u0131\u015fkanl\u0131k<\/p>\n","protected":false},"excerpt":{"rendered":"<p>Merhaba Can\u0131m Arkada\u015f\u0131m! \u015eu an bu kitab\u0131 tutuyorsun elinde. Evet, sana sesleniyorum. Sana kendimden ve ailemden bahsetmek istiyorum. Bir t\u00fcrl\u00fc zay\u0131flayamayan M\u0130NE teyzeden de bahsedece\u011fim. \u00c7ok<span class=\"excerpt-hellip\"> [\u2026]<\/span><\/p>\n","protected":false},"featured_media":0,"template":"","meta":{"_monsterinsights_skip_tracking":false,"_monsterinsights_sitenote_active":false,"_monsterinsights_sitenote_note":"","_monsterinsights_sitenote_category":0},"product_brand":[],"product_cat":[12274,12284],"product_tag":[],"class_list":{"0":"post-732903","1":"product","2":"type-product","3":"status-publish","5":"product_cat-cocuk-ve-genclik-kitaplari","6":"product_cat-hikayeler","7":"pa_cilt-set","8":"pa_tur-kitap","9":"pa_yayinevi-bicirik-yayinlari","10":"pa_yazar-yusuf-asal","12":"first","13":"instock","14":"sale","15":"shipping-taxable","16":"purchasable","17":"product-type-simple"},"_links":{"self":[{"href":"https:\/\/roveyayinevi.com.tr\/index.php\/wp-json\/wp\/v2\/product\/732903","targetHints":{"allow":["GET"]}}],"collection":[{"href":"https:\/\/roveyayinevi.com.tr\/index.php\/wp-json\/wp\/v2\/product"}],"about":[{"href":"https:\/\/roveyayinevi.com.tr\/index.php\/wp-json\/wp\/v2\/types\/product"}],"wp:attachment":[{"href":"https:\/\/roveyayinevi.com.tr\/index.php\/wp-json\/wp\/v2\/media?parent=732903"}],"wp:term":[{"taxonomy":"product_brand","embeddable":true,"href":"https:\/\/roveyayinevi.com.tr\/index.php\/wp-json\/wp\/v2\/product_brand?post=732903"},{"taxonomy":"product_cat","embeddable":true,"href":"https:\/\/roveyayinevi.com.tr\/index.php\/wp-json\/wp\/v2\/product_cat?post=732903"},{"taxonomy":"product_tag","embeddable":true,"href":"https:\/\/roveyayinevi.com.tr\/index.php\/wp-json\/wp\/v2\/product_tag?post=732903"}],"curies":[{"name":"wp","href":"https:\/\/api.w.org\/{rel}","templated":true}]}}