{"id":732900,"date":"2025-08-27T21:59:29","date_gmt":"2025-08-27T18:59:29","guid":{"rendered":"https:\/\/roveyayinevi.com.tr\/index.php\/urun\/montessori-cocugu\/"},"modified":"2026-04-16T02:40:46","modified_gmt":"2026-04-15T23:40:46","slug":"montessori-cocugu","status":"publish","type":"product","link":"https:\/\/roveyayinevi.com.tr\/index.php\/urun\/montessori-cocugu\/","title":{"rendered":"Montessori \u00c7ocu\u011fu"},"content":{"rendered":"<p>Evinizi bir Montessori evine d\u00f6n\u00fc\u015ft\u00fcr\u00fcn ve daha bilin\u00e7li, \u00f6zenli ve uyumlu bir ebeveyn olun.   1-3 ya\u015flar\u0131ndaki \u00e7ocuklarla ilgili d\u00fc\u015f\u00fcncelerimizi de\u011fi\u015ftirmenin zaman\u0131 geldi. Simone Davies, e\u011fitimci Dr. Maria Montessori\u2019nin ortaya koydu\u011fu ilkelerden yola \u00e7\u0131karak, 2 ya\u015f sendromuyla ge\u00e7en d\u00f6nemin hem ebeveynler hem de \u00e7ocuklar i\u00e7in zengin ve tatmin edici bir merak, \u00f6\u011frenme, sayg\u0131 ve ke\u015fif zaman\u0131na nas\u0131l d\u00f6n\u00fc\u015ft\u00fcr\u00fclebilece\u011fini g\u00f6steriyor. G\u00fcn\u00fcn her an\u0131 uygulanabilecek y\u00fczlerce pratik fikir sunan bu kitapta \u00e7ocu\u011funuzun merak duygusunu besleyen 5 ilke ile tan\u0131\u015facak; di\u015f f\u0131r\u00e7alama, tuvalet e\u011fitimi, karde\u015flerle ilgilenme, emzikle vedala\u015fma gibi g\u00fcnl\u00fck rutinleri kolayl\u0131kla geli\u015ftirmenin ad\u0131m ad\u0131m yollar\u0131n\u0131 \u00f6\u011freneceksiniz. Ayr\u0131ca;   \u00d8  \u00c7ocu\u011funuz sakin de\u011filken bile sakinli\u011finizi nas\u0131l koruyaca\u011f\u0131n\u0131z\u0131 ve \u00f6d\u00fcl ya da cezaya ba\u015fvurmadan sevgi ve sayg\u0131yla s\u0131n\u0131rlar\u0131n\u0131z\u0131 nas\u0131l belirleyece\u011finizi, \u00d8  Evinizi ne \u015fekilde d\u00fczenleyece\u011finizi \u2013 kaosu ortadan kald\u0131rman\u0131za yard\u0131mc\u0131 olabilecek ara\u00e7lar\u0131, \u00d8  1-3 ya\u015f aras\u0131 \u00e7ocu\u011funuz i\u00e7in en uygun Montessori aktivitelerini nas\u0131l organize edece\u011finizi, \u00d8  Etraf\u0131ndaki d\u00fcnyay\u0131 ke\u015ffetmeyi seven merakl\u0131 bir \u00f6\u011frenci yeti\u015ftirmek i\u00e7in takip edilecek yollar\u0131, \u00d8  D\u00fcnyay\u0131 \u00e7ocu\u011funuzun g\u00f6zlerinden nas\u0131l g\u00f6rebilece\u011finizi \u2013 bu bak\u0131\u015f a\u00e7\u0131s\u0131n\u0131n \u015fa\u015f\u0131rt\u0131c\u0131 ve keyifli y\u00f6nlerini, \u00d8  Nas\u0131l \u00e7ocu\u011funuzun rehberi olaca\u011f\u0131n\u0131z\u0131 ve her a\u015famay\u0131 neden takdir etmeniz gerekti\u011fini \u00f6\u011freneceksiniz. <\/p>\n","protected":false},"excerpt":{"rendered":"<p>Evinizi bir Montessori evine d\u00f6n\u00fc\u015ft\u00fcr\u00fcn ve daha bilin\u00e7li, \u00f6zenli ve uyumlu bir ebeveyn olun. 1-3 ya\u015flar\u0131ndaki \u00e7ocuklarla ilgili d\u00fc\u015f\u00fcncelerimizi de\u011fi\u015ftirmenin zaman\u0131 geldi. Simone Davies, e\u011fitimci Dr.<span class=\"excerpt-hellip\"> [\u2026]<\/span><\/p>\n","protected":false},"featured_media":0,"template":"","meta":{"_monsterinsights_skip_tracking":false,"_monsterinsights_sitenote_active":false,"_monsterinsights_sitenote_note":"","_monsterinsights_sitenote_category":0},"product_brand":[],"product_cat":[12831,12324],"product_tag":[],"class_list":{"0":"post-732900","1":"product","2":"type-product","3":"status-publish","5":"product_cat-aile-ve-cocuk","6":"product_cat-sosyoloji","7":"pa_cilt-ciltsiz","8":"pa_tur-kitap","9":"pa_yayinevi-koridor-yayincilik","10":"pa_yazar-simone-davies","12":"first","13":"instock","14":"sale","15":"shipping-taxable","16":"purchasable","17":"product-type-simple"},"_links":{"self":[{"href":"https:\/\/roveyayinevi.com.tr\/index.php\/wp-json\/wp\/v2\/product\/732900","targetHints":{"allow":["GET"]}}],"collection":[{"href":"https:\/\/roveyayinevi.com.tr\/index.php\/wp-json\/wp\/v2\/product"}],"about":[{"href":"https:\/\/roveyayinevi.com.tr\/index.php\/wp-json\/wp\/v2\/types\/product"}],"wp:attachment":[{"href":"https:\/\/roveyayinevi.com.tr\/index.php\/wp-json\/wp\/v2\/media?parent=732900"}],"wp:term":[{"taxonomy":"product_brand","embeddable":true,"href":"https:\/\/roveyayinevi.com.tr\/index.php\/wp-json\/wp\/v2\/product_brand?post=732900"},{"taxonomy":"product_cat","embeddable":true,"href":"https:\/\/roveyayinevi.com.tr\/index.php\/wp-json\/wp\/v2\/product_cat?post=732900"},{"taxonomy":"product_tag","embeddable":true,"href":"https:\/\/roveyayinevi.com.tr\/index.php\/wp-json\/wp\/v2\/product_tag?post=732900"}],"curies":[{"name":"wp","href":"https:\/\/api.w.org\/{rel}","templated":true}]}}