{"id":732898,"date":"2025-08-27T21:59:26","date_gmt":"2025-08-27T18:59:26","guid":{"rendered":"https:\/\/roveyayinevi.com.tr\/index.php\/urun\/gece-tum-kanlar-karadir\/"},"modified":"2026-04-16T02:40:46","modified_gmt":"2026-04-15T23:40:46","slug":"gece-tum-kanlar-karadir","status":"publish","type":"product","link":"https:\/\/roveyayinevi.com.tr\/index.php\/urun\/gece-tum-kanlar-karadir\/","title":{"rendered":"Gece T\u00fcm Kanlar Karad\u0131r"},"content":{"rendered":"<p>Sava\u015f\u0131n \u00fcrpertici karanl\u0131\u011f\u0131nda d\u00f6k\u00fclen her kan karad\u0131r.Mademba Diop mavi g\u00f6zl\u00fc bir asker taraf\u0131ndan \u00f6ld\u00fcr\u00fcld\u00fc.\u0130\u015fte Alfa Ndiaye akl\u0131n\u0131 o zaman kaybetmeye ba\u015flad\u0131. Alfa Ndiaye, arkada\u015f\u0131n\u0131n intikam\u0131n\u0131 almak i\u00e7in her gece d\u00fc\u015fman hatt\u0131na s\u0131z\u0131p bir d\u00fc\u015fman askerini \u00f6ld\u00fcr\u00fcyor. D\u00fc\u015fman\u0131n eli ve silah\u0131yla cepheye geri d\u00f6n\u00fcyor. \u0130lk d\u00f6rt ele kadar asker arkada\u015flar\u0131 ona kahraman gibi davrand\u0131. Yemeklerini, t\u00fct\u00fcnlerini ve sohbetlerini payla\u015ft\u0131lar onunla. Ama Alfa durmak bilmeyince kahramanl\u0131\u011f\u0131 \u00f6nce delili\u011fe, sonra b\u00fcy\u00fcc\u00fcl\u00fc\u011fe d\u00f6n\u00fc\u015ft\u00fc. Sava\u015f\u0131n sesi art\u0131k uzakta. Peki Alfa? Kendini \u00f6l\u00fcm\u00fcn karanl\u0131\u011f\u0131ndan kurtarabilecek mi? Uluslararas\u0131 Booker \u00d6d\u00fcll\u00fc Gece T\u00fcm Kanlar Karad\u0131r\u2019da David Diop tarihin unutulmu\u015f bir sayfas\u0131n\u0131 tamaml\u0131yor. \u201c\u00dcz\u00fcnt\u00fc, \u00f6fke ve g\u00fczellik dolu s\u0131ra d\u0131\u015f\u0131 bir roman.\u201d \u2013 Sarah Waters \u201cDavid Diop\u2019tan Senegalli piyade erleri i\u00e7in unutulmaz bir an\u0131t. Diop Birinci D\u00fcnya Sava\u015f\u0131\u2019n\u0131 Afrikal\u0131lar\u0131n g\u00f6z\u00fcnden aktar\u0131yor, onlar\u0131 dinlemeye ve anlamaya \u00e7abal\u0131yor.\u201d \u2013 Mathias \u00c9nard, Le Monde \u201cS\u00f6m\u00fcrgecili\u011fe kar\u015f\u0131 ac\u0131mas\u0131z bir ele\u015ftiri. Diop\u2019un k\u0131sa roman\u0131 merhamet ve zalimli\u011fin nas\u0131l da bir arada oldu\u011funu g\u00f6steriyor.\u201d \u2013 Viet Thanh Nguyen<\/p>\n","protected":false},"excerpt":{"rendered":"<p>Sava\u015f\u0131n \u00fcrpertici karanl\u0131\u011f\u0131nda d\u00f6k\u00fclen her kan karad\u0131r.Mademba Diop mavi g\u00f6zl\u00fc bir asker taraf\u0131ndan \u00f6ld\u00fcr\u00fcld\u00fc.\u0130\u015fte Alfa Ndiaye akl\u0131n\u0131 o zaman kaybetmeye ba\u015flad\u0131. Alfa Ndiaye, arkada\u015f\u0131n\u0131n intikam\u0131n\u0131 almak<span class=\"excerpt-hellip\"> [\u2026]<\/span><\/p>\n","protected":false},"featured_media":0,"template":"","meta":{"_monsterinsights_skip_tracking":false,"_monsterinsights_sitenote_active":false,"_monsterinsights_sitenote_note":"","_monsterinsights_sitenote_category":0},"product_brand":[],"product_cat":[12291,12711],"product_tag":[],"class_list":{"0":"post-732898","1":"product","2":"type-product","3":"status-publish","5":"product_cat-edebiyat","6":"product_cat-roman-oyku","7":"pa_cilt-ciltsiz","8":"pa_tur-kitap","9":"pa_yayinevi-sahi-kitap","10":"pa_yazar-david-diop","12":"first","13":"instock","14":"sale","15":"shipping-taxable","16":"purchasable","17":"product-type-simple"},"_links":{"self":[{"href":"https:\/\/roveyayinevi.com.tr\/index.php\/wp-json\/wp\/v2\/product\/732898","targetHints":{"allow":["GET"]}}],"collection":[{"href":"https:\/\/roveyayinevi.com.tr\/index.php\/wp-json\/wp\/v2\/product"}],"about":[{"href":"https:\/\/roveyayinevi.com.tr\/index.php\/wp-json\/wp\/v2\/types\/product"}],"wp:attachment":[{"href":"https:\/\/roveyayinevi.com.tr\/index.php\/wp-json\/wp\/v2\/media?parent=732898"}],"wp:term":[{"taxonomy":"product_brand","embeddable":true,"href":"https:\/\/roveyayinevi.com.tr\/index.php\/wp-json\/wp\/v2\/product_brand?post=732898"},{"taxonomy":"product_cat","embeddable":true,"href":"https:\/\/roveyayinevi.com.tr\/index.php\/wp-json\/wp\/v2\/product_cat?post=732898"},{"taxonomy":"product_tag","embeddable":true,"href":"https:\/\/roveyayinevi.com.tr\/index.php\/wp-json\/wp\/v2\/product_tag?post=732898"}],"curies":[{"name":"wp","href":"https:\/\/api.w.org\/{rel}","templated":true}]}}