{"id":732892,"date":"2025-08-27T21:59:19","date_gmt":"2025-08-27T18:59:19","guid":{"rendered":"https:\/\/roveyayinevi.com.tr\/index.php\/urun\/kara-ruzgar\/"},"modified":"2026-04-16T02:40:45","modified_gmt":"2026-04-15T23:40:45","slug":"kara-ruzgar","status":"publish","type":"product","link":"https:\/\/roveyayinevi.com.tr\/index.php\/urun\/kara-ruzgar\/","title":{"rendered":"Kara R\u00fczgar"},"content":{"rendered":"<p>Hindistan\u2019da amcas\u0131yla birlikte ge\u00e7irdi\u011fi iki ay\u0131n ard\u0131ndan New York\u2019taki ailesinin yan\u0131na d\u00f6nmek \u00fczere gemiyle yola \u00e7\u0131kan Alec, eve d\u00f6n\u00fc\u015f yolculu\u011funun onun i\u00e7in tehlikelerle dolu bir maceraya d\u00f6n\u00fc\u015fece\u011finden habersizdir. Gemisi f\u0131rt\u0131na y\u00fcz\u00fcnden bat\u0131nca Alec kendini, hayat\u0131nda g\u00f6rd\u00fc\u011f\u00fc en vah\u015fi atla birlikte \u0131ss\u0131z bir adada bulur. K\u00fc\u00e7\u00fck bir Arap liman\u0131ndan gemiye bindirilmi\u015f olan bu simsiyah ayg\u0131r Alec\u2019in hayat\u0131n\u0131 kurtarm\u0131\u015ft\u0131r. Zamanla Alec\u2019e yak\u0131nl\u0131k g\u00f6stermeye, hatta s\u0131rt\u0131na binmesine izin vermeye ba\u015flayan bu muhte\u015fem hayvan bundan b\u00f6yle Alec\u2019in hayat\u0131n\u0131n ayr\u0131lmaz bir par\u00e7as\u0131 olacakt\u0131r.   1941 y\u0131l\u0131nda yay\u0131mland\u0131\u011f\u0131ndan bu yana her ya\u015ftan okurun b\u00fcy\u00fck be\u011fenisini kazanan Kara R\u00fczg\u00e2r, yirmi dile \u00e7evrilmi\u015f ve sinemaya uyarlanm\u0131\u015ft\u0131r. <\/p>\n","protected":false},"excerpt":{"rendered":"<p>Hindistan\u2019da amcas\u0131yla birlikte ge\u00e7irdi\u011fi iki ay\u0131n ard\u0131ndan New York\u2019taki ailesinin yan\u0131na d\u00f6nmek \u00fczere gemiyle yola \u00e7\u0131kan Alec, eve d\u00f6n\u00fc\u015f yolculu\u011funun onun i\u00e7in tehlikelerle dolu bir maceraya<span class=\"excerpt-hellip\"> [\u2026]<\/span><\/p>\n","protected":false},"featured_media":0,"template":"","meta":{"_monsterinsights_skip_tracking":false,"_monsterinsights_sitenote_active":false,"_monsterinsights_sitenote_note":"","_monsterinsights_sitenote_category":0},"product_brand":[],"product_cat":[12275,12274],"product_tag":[],"class_list":{"0":"post-732892","1":"product","2":"type-product","3":"status-publish","5":"product_cat-6-12-yas-kitaplari","6":"product_cat-cocuk-ve-genclik-kitaplari","7":"pa_cilt-ciltsiz","8":"pa_tur-kitap","9":"pa_yayinevi-beyaz-balina-yayinlari","10":"pa_yazar-walter-farley","12":"first","13":"instock","14":"sale","15":"shipping-taxable","16":"purchasable","17":"product-type-simple"},"_links":{"self":[{"href":"https:\/\/roveyayinevi.com.tr\/index.php\/wp-json\/wp\/v2\/product\/732892","targetHints":{"allow":["GET"]}}],"collection":[{"href":"https:\/\/roveyayinevi.com.tr\/index.php\/wp-json\/wp\/v2\/product"}],"about":[{"href":"https:\/\/roveyayinevi.com.tr\/index.php\/wp-json\/wp\/v2\/types\/product"}],"wp:attachment":[{"href":"https:\/\/roveyayinevi.com.tr\/index.php\/wp-json\/wp\/v2\/media?parent=732892"}],"wp:term":[{"taxonomy":"product_brand","embeddable":true,"href":"https:\/\/roveyayinevi.com.tr\/index.php\/wp-json\/wp\/v2\/product_brand?post=732892"},{"taxonomy":"product_cat","embeddable":true,"href":"https:\/\/roveyayinevi.com.tr\/index.php\/wp-json\/wp\/v2\/product_cat?post=732892"},{"taxonomy":"product_tag","embeddable":true,"href":"https:\/\/roveyayinevi.com.tr\/index.php\/wp-json\/wp\/v2\/product_tag?post=732892"}],"curies":[{"name":"wp","href":"https:\/\/api.w.org\/{rel}","templated":true}]}}