{"id":732890,"date":"2025-08-27T21:59:16","date_gmt":"2025-08-27T18:59:16","guid":{"rendered":"https:\/\/roveyayinevi.com.tr\/index.php\/urun\/psikososyal-acidan-tenis\/"},"modified":"2026-04-16T02:40:45","modified_gmt":"2026-04-15T23:40:45","slug":"psikososyal-acidan-tenis","status":"publish","type":"product","link":"https:\/\/roveyayinevi.com.tr\/index.php\/urun\/psikososyal-acidan-tenis\/","title":{"rendered":"Psikososyal A\u00e7\u0131dan Tenis"},"content":{"rendered":"<p>\u0130\u00e7indekiler :     1. MENTAL ANTRENMANA BA\u015eLAMA YA\u015eI   2. TEN\u0130STE MENTAL ANTRENMAN NASIL YAPILIR?    3. TEN\u0130S MA\u00c7INDA ODAKLANMA NASIL SA\u011eLANIR?   4. TEN\u0130S\u00c7\u0130 SAYI ARALARINDA Z\u0130HN\u0130N\u0130 NASIL Y\u00d6NETMEL\u0130?   5. BU ATI\u015eI YA KA\u00c7IRIRSAM?   6. YAZ KURSLARI VE TEN\u0130S   7. FUTBOL VARKEN TEN\u0130S   8. WIMBLEDON 2010 F\u0130NAL MA\u00c7ININ MENTAL ANAL\u0130Z\u0130   9. WIMBLEDON 2011 F\u0130NAL MA\u00c7ININ MENTAL ANAL\u0130Z\u0130     10. \u0130ZM\u0130R CUP VE MARSEL   11. MENTAL DESTEK ALAN B\u0130R \u0130SKO\u00c7: ANDY MURRAY   12. \u0130ZM\u0130R CUP 2014 VE MENTAL DESTEK   13. TEN\u0130S SPORUNA YAPISAL BAKI\u015e   14. STRES VE SPORT\u0130F PERFORMANS <\/p>\n","protected":false},"excerpt":{"rendered":"<p>\u0130\u00e7indekiler : 1. MENTAL ANTRENMANA BA\u015eLAMA YA\u015eI 2. TEN\u0130STE MENTAL ANTRENMAN NASIL YAPILIR? 3. TEN\u0130S MA\u00c7INDA ODAKLANMA NASIL SA\u011eLANIR? 4. TEN\u0130S\u00c7\u0130 SAYI ARALARINDA Z\u0130HN\u0130N\u0130 NASIL Y\u00d6NETMEL\u0130?<span class=\"excerpt-hellip\"> [\u2026]<\/span><\/p>\n","protected":false},"featured_media":0,"template":"","meta":{"_monsterinsights_skip_tracking":false,"_monsterinsights_sitenote_active":false,"_monsterinsights_sitenote_note":"","_monsterinsights_sitenote_category":0},"product_brand":[],"product_cat":[15563,15564],"product_tag":[],"class_list":{"0":"post-732890","1":"product","2":"type-product","3":"status-publish","5":"product_cat-hobi","6":"product_cat-spor","7":"pa_cilt-ciltsiz","8":"pa_tur-kitap","9":"pa_yayinevi-gazi-kitabevi","10":"pa_yazar-ersin-afacan","12":"first","13":"instock","14":"sale","15":"shipping-taxable","16":"purchasable","17":"product-type-simple"},"_links":{"self":[{"href":"https:\/\/roveyayinevi.com.tr\/index.php\/wp-json\/wp\/v2\/product\/732890","targetHints":{"allow":["GET"]}}],"collection":[{"href":"https:\/\/roveyayinevi.com.tr\/index.php\/wp-json\/wp\/v2\/product"}],"about":[{"href":"https:\/\/roveyayinevi.com.tr\/index.php\/wp-json\/wp\/v2\/types\/product"}],"wp:attachment":[{"href":"https:\/\/roveyayinevi.com.tr\/index.php\/wp-json\/wp\/v2\/media?parent=732890"}],"wp:term":[{"taxonomy":"product_brand","embeddable":true,"href":"https:\/\/roveyayinevi.com.tr\/index.php\/wp-json\/wp\/v2\/product_brand?post=732890"},{"taxonomy":"product_cat","embeddable":true,"href":"https:\/\/roveyayinevi.com.tr\/index.php\/wp-json\/wp\/v2\/product_cat?post=732890"},{"taxonomy":"product_tag","embeddable":true,"href":"https:\/\/roveyayinevi.com.tr\/index.php\/wp-json\/wp\/v2\/product_tag?post=732890"}],"curies":[{"name":"wp","href":"https:\/\/api.w.org\/{rel}","templated":true}]}}