{"id":732889,"date":"2025-08-27T21:59:16","date_gmt":"2025-08-27T18:59:16","guid":{"rendered":"https:\/\/roveyayinevi.com.tr\/index.php\/urun\/noroiktisat-iktisadi-karar-alma-surecinde-beyin-aktivitelerinin-eeg-analizi\/"},"modified":"2026-04-16T02:40:45","modified_gmt":"2026-04-15T23:40:45","slug":"noroiktisat-iktisadi-karar-alma-surecinde-beyin-aktivitelerinin-eeg-analizi","status":"publish","type":"product","link":"https:\/\/roveyayinevi.com.tr\/index.php\/urun\/noroiktisat-iktisadi-karar-alma-surecinde-beyin-aktivitelerinin-eeg-analizi\/","title":{"rendered":"N\u00f6roiktisat &#8211; \u0130ktisadi Karar Alma S\u00fcrecinde Beyin Aktivitelerinin EEG Analizi"},"content":{"rendered":"<p>1.      Klasik \u0130ktisattan N\u00f6roiktisada 1.1.   Neoklasik \u0130ktisat 1.2.   \u0130ktisat ve Psikoloji \u0130li\u015fkisi 1.3.   Davran\u0131\u015fsal \u0130ktisat 1.4.   Deneysel \u0130ktisat ve N\u00f6roiktisat 1.5.   N\u00f6roiktisat Kavram\u0131 1.6.   N\u00f6roiktisad\u0131n Tarihsel Geli\u015fimi 1.7.   N\u00f6roiktisat ve Fayda Kuram\u0131 1.8.   N\u00f6roiktisatta Kullan\u0131lan Y\u00f6ntem ve Teknikler 1.9.   N\u00f6ropazarlamada Etik 1.10.                   N\u00f6ropazarlaman\u0131n Avantajlar\u0131 ve Dezavantajlar\u0131 1.11.                   N\u00f6roiktisat Alan\u0131nda Yap\u0131lan \u00c7al\u0131\u015fmalar 2.      \u0130ktisadi Karar Alma S\u00fcreci 2.1.   \u0130ktisadi Karar Almada Gizli Tuzaklar 2.2.   Oyun Teorisi 2.3.   Zamanlararas\u0131 Se\u00e7im 2.4.   Beklene Fayda Teorisi 2.5.   Beklenti Teorisi 2.6.   N\u00f6roiktisat ve Karar Mekanizmas\u0131 3.      \u0130ktisadi Karar Alma S\u00fcrecinde N\u00f6roiktisat: EEG ile Deneysel Bir \u00c7al\u0131\u015fma 3.1.   Ara\u015ft\u0131rman\u0131n Amac\u0131 3.2.   Ara\u015ft\u0131rman\u0131n \u00d6nemi 3.3.   Ara\u015ft\u0131rman\u0131n Y\u00f6ntemi 3.4.   Ara\u015ft\u0131rman\u0131n \u00d6rneklemi 3.5.   EEG \u00c7ekimlerinin ve Ankete Verilen Cevaplar\u0131n Analizi <\/p>\n","protected":false},"excerpt":{"rendered":"<p>1. Klasik \u0130ktisattan N\u00f6roiktisada 1.1. Neoklasik \u0130ktisat 1.2. \u0130ktisat ve Psikoloji \u0130li\u015fkisi 1.3. Davran\u0131\u015fsal \u0130ktisat 1.4. Deneysel \u0130ktisat ve N\u00f6roiktisat 1.5. N\u00f6roiktisat Kavram\u0131 1.6. N\u00f6roiktisad\u0131n Tarihsel<span class=\"excerpt-hellip\"> [\u2026]<\/span><\/p>\n","protected":false},"featured_media":0,"template":"","meta":{"_monsterinsights_skip_tracking":false,"_monsterinsights_sitenote_active":false,"_monsterinsights_sitenote_note":"","_monsterinsights_sitenote_category":0},"product_brand":[],"product_cat":[13005,40995],"product_tag":[],"class_list":{"0":"post-732889","1":"product","2":"type-product","3":"status-publish","5":"product_cat-bilim-muhendislik","6":"product_cat-sosyal-bilimler","7":"pa_cilt-ciltsiz","8":"pa_tur-kitap","9":"pa_yayinevi-gazi-kitabevi","10":"pa_yazar-fatma-aydin-atilla-yucel","12":"first","13":"instock","14":"sale","15":"shipping-taxable","16":"purchasable","17":"product-type-simple"},"_links":{"self":[{"href":"https:\/\/roveyayinevi.com.tr\/index.php\/wp-json\/wp\/v2\/product\/732889","targetHints":{"allow":["GET"]}}],"collection":[{"href":"https:\/\/roveyayinevi.com.tr\/index.php\/wp-json\/wp\/v2\/product"}],"about":[{"href":"https:\/\/roveyayinevi.com.tr\/index.php\/wp-json\/wp\/v2\/types\/product"}],"wp:attachment":[{"href":"https:\/\/roveyayinevi.com.tr\/index.php\/wp-json\/wp\/v2\/media?parent=732889"}],"wp:term":[{"taxonomy":"product_brand","embeddable":true,"href":"https:\/\/roveyayinevi.com.tr\/index.php\/wp-json\/wp\/v2\/product_brand?post=732889"},{"taxonomy":"product_cat","embeddable":true,"href":"https:\/\/roveyayinevi.com.tr\/index.php\/wp-json\/wp\/v2\/product_cat?post=732889"},{"taxonomy":"product_tag","embeddable":true,"href":"https:\/\/roveyayinevi.com.tr\/index.php\/wp-json\/wp\/v2\/product_tag?post=732889"}],"curies":[{"name":"wp","href":"https:\/\/api.w.org\/{rel}","templated":true}]}}