{"id":732888,"date":"2025-08-27T21:59:15","date_gmt":"2025-08-27T18:59:15","guid":{"rendered":"https:\/\/roveyayinevi.com.tr\/index.php\/urun\/yesil-pazarlamaya-norobilim-perspektifi-eeg-ve-eye-tracking-ornekleri\/"},"modified":"2026-04-16T02:40:45","modified_gmt":"2026-04-15T23:40:45","slug":"yesil-pazarlamaya-norobilim-perspektifi-eeg-ve-eye-tracking-ornekleri","status":"publish","type":"product","link":"https:\/\/roveyayinevi.com.tr\/index.php\/urun\/yesil-pazarlamaya-norobilim-perspektifi-eeg-ve-eye-tracking-ornekleri\/","title":{"rendered":"Ye\u015fil Pazarlamaya N\u00f6robilim Perspektifi EEG ve Eye-Tracking \u00d6rnekleri"},"content":{"rendered":"<p>1.      Ye\u015fil Pazarlama 1.1.   Ye\u015fil Pazarlaman\u0131n Tan\u0131m\u0131 1.2.   Ye\u015fil Pazarlaman\u0131n \u00d6nemi 1.3.   Ye\u015fil Pazarlaman\u0131n Tarihi Geli\u015fimi 1.4.   Ye\u015fil Pazarlaman\u0131n A\u015famalar\u0131 1.5.   Ye\u015fil Pazarlama Karmas\u0131 1.6.   Ye\u015fil Pazarlama Stratejileri 1.7.   Ye\u015fil Pazarlama Alan\u0131nda Yap\u0131lan \u00c7al\u0131\u015fmalara \u0130li\u015fkin Literat\u00fcr Taramas\u0131 2.      N\u00f6ropazarlama 2.1.   N\u00f6ropazarlaman\u0131n Kavramsal ve Teorik \u00c7er\u00e7evesi 2.2.   N\u00f6ropazarlama Ara\u015ft\u0131rmalar\u0131nda Kullan\u0131lan Teknikler 2.3.   N\u00f6ropazarlaman\u0131n Avantajlar\u0131 ve Dezavantajlar\u0131 2.4.   N\u00f6ropazarlama Alan\u0131nda Eye-Tracking ile Yap\u0131lan \u00c7al\u0131\u015fmalara \u0130li\u015fkin Literat\u00fcr Taramas\u0131 2.5.   N\u00f6ropazarlama Alan\u0131nda EEG ile Yap\u0131lan \u00c7al\u0131\u015fmalara \u0130li\u015fkin Literat\u00fcr Taramas\u0131 2.6.   EEG ve Eye-Tracking ile T\u00fcketici Davran\u0131\u015f\u0131 ve Beyin Aktivitesi \u00dczerine Yap\u0131lan \u00c7al\u0131\u015fmalar 3.      \u0130\u00e7ecek Markalar\u0131na Y\u00f6nelik G\u00f6rsellerin Eye-Tracking (G\u00f6z \u0130zleme) ile \u0130ncelenmesi 4.      EEG Analiz Y\u00f6ntemi ile \u0130\u00e7ecek Markas\u0131 G\u00f6rsellerinin \u0130ncelenmesi <\/p>\n","protected":false},"excerpt":{"rendered":"<p>1. Ye\u015fil Pazarlama 1.1. Ye\u015fil Pazarlaman\u0131n Tan\u0131m\u0131 1.2. Ye\u015fil Pazarlaman\u0131n \u00d6nemi 1.3. Ye\u015fil Pazarlaman\u0131n Tarihi Geli\u015fimi 1.4. Ye\u015fil Pazarlaman\u0131n A\u015famalar\u0131 1.5. Ye\u015fil Pazarlama Karmas\u0131 1.6. Ye\u015fil<span class=\"excerpt-hellip\"> [\u2026]<\/span><\/p>\n","protected":false},"featured_media":0,"template":"","meta":{"_monsterinsights_skip_tracking":false,"_monsterinsights_sitenote_active":false,"_monsterinsights_sitenote_note":"","_monsterinsights_sitenote_category":0},"product_brand":[],"product_cat":[13043,17492],"product_tag":[],"class_list":{"0":"post-732888","1":"product","2":"type-product","3":"status-publish","5":"product_cat-ekonomi","6":"product_cat-pazarlama-satis-reklam","7":"pa_cilt-ciltsiz","8":"pa_tur-kitap","9":"pa_yayinevi-gazi-kitabevi","10":"pa_yazar-melek-inan-nurcan-yucel","12":"first","13":"instock","14":"sale","15":"shipping-taxable","16":"purchasable","17":"product-type-simple"},"_links":{"self":[{"href":"https:\/\/roveyayinevi.com.tr\/index.php\/wp-json\/wp\/v2\/product\/732888","targetHints":{"allow":["GET"]}}],"collection":[{"href":"https:\/\/roveyayinevi.com.tr\/index.php\/wp-json\/wp\/v2\/product"}],"about":[{"href":"https:\/\/roveyayinevi.com.tr\/index.php\/wp-json\/wp\/v2\/types\/product"}],"wp:attachment":[{"href":"https:\/\/roveyayinevi.com.tr\/index.php\/wp-json\/wp\/v2\/media?parent=732888"}],"wp:term":[{"taxonomy":"product_brand","embeddable":true,"href":"https:\/\/roveyayinevi.com.tr\/index.php\/wp-json\/wp\/v2\/product_brand?post=732888"},{"taxonomy":"product_cat","embeddable":true,"href":"https:\/\/roveyayinevi.com.tr\/index.php\/wp-json\/wp\/v2\/product_cat?post=732888"},{"taxonomy":"product_tag","embeddable":true,"href":"https:\/\/roveyayinevi.com.tr\/index.php\/wp-json\/wp\/v2\/product_tag?post=732888"}],"curies":[{"name":"wp","href":"https:\/\/api.w.org\/{rel}","templated":true}]}}