{"id":732887,"date":"2025-08-27T21:59:14","date_gmt":"2025-08-27T18:59:14","guid":{"rendered":"https:\/\/roveyayinevi.com.tr\/index.php\/urun\/teoriden-pratige-muhasebe-egitimi\/"},"modified":"2026-04-16T02:40:45","modified_gmt":"2026-04-15T23:40:45","slug":"teoriden-pratige-muhasebe-egitimi","status":"publish","type":"product","link":"https:\/\/roveyayinevi.com.tr\/index.php\/urun\/teoriden-pratige-muhasebe-egitimi\/","title":{"rendered":"Teoriden Prati\u011fe Muhasebe E\u011fitimi"},"content":{"rendered":"<p>1.      Muhasebe E\u011fitiminde G\u00fc\u00e7l\u00fckler ve \u00d6neriler 2.      \u0130\u015fletme B\u00f6l\u00fcm\u00fc M\u00fcfredatlar\u0131n\u0131n Uluslararas\u0131 Muhasebe E\u011fitim Standard\u0131 IES-2 A\u00e7\u0131s\u0131ndan \u0130ncelenmesi 3.      Teknolojik \u00d6\u011frenme ve Muhasebe 4.      Muhasebe E\u011fitiminde Dijitalle\u015fme ve Etkileri 5.      Muhasebe Mesle\u011findeki De\u011fi\u015fimin Muhasebe E\u011fitimine Yans\u0131malar\u0131 6.      Muhasebe Mesle\u011finde Yeni Uzmanl\u0131k Alanlar\u0131 ve Belgelendirmeleri 7.      Muhasebede Kariyer 8.      Muhasebe E\u011fitiminde Kalite 9.      Sa\u011fl\u0131k Y\u00f6netimi B\u00f6l\u00fcmlerinde Muhasebe E\u011fitimi; \u00d6\u011frencilerin Muhasebe Ders Ba\u015far\u0131lar\u0131n\u0131 Etkileyen Unsurlar \u00dczerine Bir \u00c7al\u0131\u015fma 10.  Covid-19 Pandemi D\u00f6neminde Bitlis Eren \u00dcniversitesi \u0130\u0130BF \u0130\u015fletme B\u00f6l\u00fcm\u00fc \u00d6\u011frencilerinin Uzaktan Muhasebe E\u011fitimine Y\u00f6nelik Alg\u0131lar\u0131 \u00dczerine Bir Ara\u015ft\u0131rma <\/p>\n","protected":false},"excerpt":{"rendered":"<p>1. Muhasebe E\u011fitiminde G\u00fc\u00e7l\u00fckler ve \u00d6neriler 2. \u0130\u015fletme B\u00f6l\u00fcm\u00fc M\u00fcfredatlar\u0131n\u0131n Uluslararas\u0131 Muhasebe E\u011fitim Standard\u0131 IES-2 A\u00e7\u0131s\u0131ndan \u0130ncelenmesi 3. Teknolojik \u00d6\u011frenme ve Muhasebe 4. Muhasebe E\u011fitiminde Dijitalle\u015fme<span class=\"excerpt-hellip\"> [\u2026]<\/span><\/p>\n","protected":false},"featured_media":0,"template":"","meta":{"_monsterinsights_skip_tracking":false,"_monsterinsights_sitenote_active":false,"_monsterinsights_sitenote_note":"","_monsterinsights_sitenote_category":0},"product_brand":[],"product_cat":[13043,14381],"product_tag":[],"class_list":{"0":"post-732887","1":"product","2":"type-product","3":"status-publish","5":"product_cat-ekonomi","6":"product_cat-isletme-muhasebe-maliye","7":"pa_cilt-ciltsiz","8":"pa_tur-kitap","9":"pa_yayinevi-gazi-kitabevi","10":"pa_yazar-tolga-oral","12":"first","13":"instock","14":"sale","15":"shipping-taxable","16":"purchasable","17":"product-type-simple"},"_links":{"self":[{"href":"https:\/\/roveyayinevi.com.tr\/index.php\/wp-json\/wp\/v2\/product\/732887","targetHints":{"allow":["GET"]}}],"collection":[{"href":"https:\/\/roveyayinevi.com.tr\/index.php\/wp-json\/wp\/v2\/product"}],"about":[{"href":"https:\/\/roveyayinevi.com.tr\/index.php\/wp-json\/wp\/v2\/types\/product"}],"wp:attachment":[{"href":"https:\/\/roveyayinevi.com.tr\/index.php\/wp-json\/wp\/v2\/media?parent=732887"}],"wp:term":[{"taxonomy":"product_brand","embeddable":true,"href":"https:\/\/roveyayinevi.com.tr\/index.php\/wp-json\/wp\/v2\/product_brand?post=732887"},{"taxonomy":"product_cat","embeddable":true,"href":"https:\/\/roveyayinevi.com.tr\/index.php\/wp-json\/wp\/v2\/product_cat?post=732887"},{"taxonomy":"product_tag","embeddable":true,"href":"https:\/\/roveyayinevi.com.tr\/index.php\/wp-json\/wp\/v2\/product_tag?post=732887"}],"curies":[{"name":"wp","href":"https:\/\/api.w.org\/{rel}","templated":true}]}}