{"id":732885,"date":"2025-08-27T21:59:13","date_gmt":"2025-08-27T18:59:13","guid":{"rendered":"https:\/\/roveyayinevi.com.tr\/index.php\/urun\/cocugumun-beyninde-neler-oluyor\/"},"modified":"2026-04-16T02:40:45","modified_gmt":"2026-04-15T23:40:45","slug":"cocugumun-beyninde-neler-oluyor","status":"publish","type":"product","link":"https:\/\/roveyayinevi.com.tr\/index.php\/urun\/cocugumun-beyninde-neler-oluyor\/","title":{"rendered":"\u00c7ocu\u011fumun Beyninde Neler Oluyor?"},"content":{"rendered":"<p>Elma Yay\u0131nevi, Do\u00e7. Dr. Saniye Bencik Kangal\u2019\u0131n yeni kitab\u0131 \u201c\u00c7ocu\u011fumun Beyninde Neler Oluyor?\u201d adl\u0131 eseriylebulu\u015fuyor okurlar\u0131yla.\u201c\u00c7ocu\u011fumuzun beyninin i\u00e7ini g\u00f6rebilseydik ne olurdu acaba?\u201d sorusunun cevab\u0131n\u0131 merak ediyorsan\u0131z bu kitaptam size g\u00f6re. Yazar\u0131n bilimsel ger\u00e7eklerin \u0131\u015f\u0131\u011f\u0131nda yazd\u0131klar\u0131, g\u00fcnl\u00fck hayat\u0131m\u0131za uygulayabilece\u011fimiz kadarsade bir dilde. Kitap; i\u00e7indeki \u00f6rneklerle, foto\u011fraflarla, tablolarla t\u00fcm anne-babalar ve \u00e7ocuk sahibi olmakisteyenler i\u00e7in bir rehber niteli\u011finde.\u201c\u0130\u015fte elinizde tuttu\u011funuz bu kitap bizlerin sihirli g\u00f6zl\u00fc\u011f\u00fc. Bu kitab\u0131mda \u00e7ocuk ve beyin konusunda yap\u0131lm\u0131\u015f bir\u00e7okara\u015ft\u0131rman\u0131n sonucunu derleyerek \u2018\u00c7ocuklar\u0131m\u0131z\u0131n beynine bakabilmenin bir yolu var\u2019 demek istedim. Sadeceolup bitenle ilgilenmeyip her b\u00f6l\u00fcm\u00fcn sonuna geli\u015fimsel \u00f6nerilerimi eklemeyi de ihmal etmedim\u201d diye ba\u015fl\u0131yorDo\u00e7. Dr. Saniye Bencik Kangal yeni kitab\u0131na.Keyifli okumalar\u2026<\/p>\n","protected":false},"excerpt":{"rendered":"<p>Elma Yay\u0131nevi, Do\u00e7. Dr. Saniye Bencik Kangal\u2019\u0131n yeni kitab\u0131 \u201c\u00c7ocu\u011fumun Beyninde Neler Oluyor?\u201d adl\u0131 eseriylebulu\u015fuyor okurlar\u0131yla.\u201c\u00c7ocu\u011fumuzun beyninin i\u00e7ini g\u00f6rebilseydik ne olurdu acaba?\u201d sorusunun cevab\u0131n\u0131 merak ediyorsan\u0131z<span class=\"excerpt-hellip\"> [\u2026]<\/span><\/p>\n","protected":false},"featured_media":0,"template":"","meta":{"_monsterinsights_skip_tracking":false,"_monsterinsights_sitenote_active":false,"_monsterinsights_sitenote_note":"","_monsterinsights_sitenote_category":0},"product_brand":[],"product_cat":[26509,13365],"product_tag":[],"class_list":{"0":"post-732885","1":"product","2":"type-product","3":"status-publish","5":"product_cat-cocuk-gelisimi","6":"product_cat-saglik","7":"pa_cilt-ciltsiz","8":"pa_tur-kitap","9":"pa_yayinevi-elma-yayinevi","10":"pa_yazar-saniye-bencik-kangal","12":"first","13":"instock","14":"sale","15":"shipping-taxable","16":"purchasable","17":"product-type-simple"},"_links":{"self":[{"href":"https:\/\/roveyayinevi.com.tr\/index.php\/wp-json\/wp\/v2\/product\/732885","targetHints":{"allow":["GET"]}}],"collection":[{"href":"https:\/\/roveyayinevi.com.tr\/index.php\/wp-json\/wp\/v2\/product"}],"about":[{"href":"https:\/\/roveyayinevi.com.tr\/index.php\/wp-json\/wp\/v2\/types\/product"}],"wp:attachment":[{"href":"https:\/\/roveyayinevi.com.tr\/index.php\/wp-json\/wp\/v2\/media?parent=732885"}],"wp:term":[{"taxonomy":"product_brand","embeddable":true,"href":"https:\/\/roveyayinevi.com.tr\/index.php\/wp-json\/wp\/v2\/product_brand?post=732885"},{"taxonomy":"product_cat","embeddable":true,"href":"https:\/\/roveyayinevi.com.tr\/index.php\/wp-json\/wp\/v2\/product_cat?post=732885"},{"taxonomy":"product_tag","embeddable":true,"href":"https:\/\/roveyayinevi.com.tr\/index.php\/wp-json\/wp\/v2\/product_tag?post=732885"}],"curies":[{"name":"wp","href":"https:\/\/api.w.org\/{rel}","templated":true}]}}