{"id":732883,"date":"2025-08-27T21:59:10","date_gmt":"2025-08-27T18:59:10","guid":{"rendered":"https:\/\/roveyayinevi.com.tr\/index.php\/urun\/dag-basinda-ask-1\/"},"modified":"2026-04-03T02:48:17","modified_gmt":"2026-04-02T23:48:17","slug":"dag-basinda-ask-1","status":"publish","type":"product","link":"https:\/\/roveyayinevi.com.tr\/index.php\/urun\/dag-basinda-ask-1\/","title":{"rendered":"Da\u011f Ba\u015f\u0131nda A\u015fk 1"},"content":{"rendered":"<p>&#8220;G\u00fczel seviyorsun,\u201d dedim g\u00f6zlerine bakarak. \u201cG\u00fczeli, g\u00fczel seviyorum,\u201d dedi.   \u0130nsan yeni bir hik\u00e2yeye, biriyle tan\u0131\u015farak ya da yeni bir yere giderek ba\u015flarm\u0131\u015f. Benim hik\u00e2yemde ikisi de vard\u0131. Gitti\u011fim yeni \u015fehirde tan\u0131\u015ft\u0131\u011f\u0131m adamla hik\u00e2yem ba\u015flad\u0131.   Te\u011fmen Emre Kurt&#8230;  Z\u00fcmr\u00fct ye\u015fili g\u00f6zleri beni her defas\u0131nda b\u00fcy\u00fcl\u00fcyordu. \u0130\u00e7ine \u00e7ekildi\u011fim derin bir kuyuydu sanki. O derin kuyu bende  ke\u015ffetme iste\u011fi uyand\u0131r\u0131yordu. Bana do\u011fru att\u0131\u011f\u0131 her ad\u0131m bir di\u011ferinden daha g\u00fc\u00e7l\u00fcyd\u00fc ve ka\u00e7mam\u0131 imk\u00e2ns\u0131z h\u00e2le getiriyordu. Sonunu g\u00f6remedi\u011fim o kuyuya g\u00f6zlerimi kapat\u0131p, kendimi b\u0131rakma iste\u011fim g\u00fcn ge\u00e7tik\u00e7e art\u0131yordu.   Askeriyede \u00f6\u011fretmenlik yapmaya ba\u015flad\u0131\u011f\u0131mda, ba\u015f\u0131ma geleceklerden bihaberdim. Abimin de g\u00f6rev yapt\u0131\u011f\u0131 bu askeriyedeki \u00f6\u011fretmenlik g\u00f6revi, i\u00e7erideki haini bulmam i\u00e7in bir ara\u00e7t\u0131.  \u0130\u00e7imizde, kapal\u0131 kap\u0131lar ard\u0131nda, ihanet eden biri vard\u0131. A\u00e7t\u0131\u011f\u0131m her kap\u0131 bir di\u011ferine \u00e7\u0131karken; o kap\u0131lardan birinde onu bulmaktan korkuyordum. <\/p>\n","protected":false},"excerpt":{"rendered":"<p>&#8220;G\u00fczel seviyorsun,\u201d dedim g\u00f6zlerine bakarak. \u201cG\u00fczeli, g\u00fczel seviyorum,\u201d dedi. \u0130nsan yeni bir hik\u00e2yeye, biriyle tan\u0131\u015farak ya da yeni bir yere giderek ba\u015flarm\u0131\u015f. Benim hik\u00e2yemde ikisi de<span class=\"excerpt-hellip\"> [\u2026]<\/span><\/p>\n","protected":false},"featured_media":0,"template":"","meta":{"_monsterinsights_skip_tracking":false,"_monsterinsights_sitenote_active":false,"_monsterinsights_sitenote_note":"","_monsterinsights_sitenote_category":0},"product_brand":[],"product_cat":[12291,12711],"product_tag":[],"class_list":{"0":"post-732883","1":"product","2":"type-product","3":"status-publish","5":"product_cat-edebiyat","6":"product_cat-roman-oyku","7":"pa_cilt-ciltsiz","8":"pa_tur-kitap","9":"pa_yayinevi-dokuz-yayinlari","10":"pa_yazar-rabia-gumus","12":"first","13":"instock","14":"sale","15":"shipping-taxable","16":"purchasable","17":"product-type-simple"},"_links":{"self":[{"href":"https:\/\/roveyayinevi.com.tr\/index.php\/wp-json\/wp\/v2\/product\/732883","targetHints":{"allow":["GET"]}}],"collection":[{"href":"https:\/\/roveyayinevi.com.tr\/index.php\/wp-json\/wp\/v2\/product"}],"about":[{"href":"https:\/\/roveyayinevi.com.tr\/index.php\/wp-json\/wp\/v2\/types\/product"}],"wp:attachment":[{"href":"https:\/\/roveyayinevi.com.tr\/index.php\/wp-json\/wp\/v2\/media?parent=732883"}],"wp:term":[{"taxonomy":"product_brand","embeddable":true,"href":"https:\/\/roveyayinevi.com.tr\/index.php\/wp-json\/wp\/v2\/product_brand?post=732883"},{"taxonomy":"product_cat","embeddable":true,"href":"https:\/\/roveyayinevi.com.tr\/index.php\/wp-json\/wp\/v2\/product_cat?post=732883"},{"taxonomy":"product_tag","embeddable":true,"href":"https:\/\/roveyayinevi.com.tr\/index.php\/wp-json\/wp\/v2\/product_tag?post=732883"}],"curies":[{"name":"wp","href":"https:\/\/api.w.org\/{rel}","templated":true}]}}