{"id":732880,"date":"2025-08-27T21:59:08","date_gmt":"2025-08-27T18:59:08","guid":{"rendered":"https:\/\/roveyayinevi.com.tr\/index.php\/urun\/kis-gunesi\/"},"modified":"2026-04-16T02:40:45","modified_gmt":"2026-04-15T23:40:45","slug":"kis-gunesi","status":"publish","type":"product","link":"https:\/\/roveyayinevi.com.tr\/index.php\/urun\/kis-gunesi\/","title":{"rendered":"K\u0131\u015f G\u00fcne\u015fi"},"content":{"rendered":"<p>Hayat hem g\u00fclmektir, hem de a\u011flamak! Edit\u00f6rl\u00fc\u011f\u00fcn\u00fc Semih G\u00fcm\u00fc\u015f\u2019\u00fcn \u00fcstlendi\u011fi K\u00f6pr\u00fc Kitaplar koleksiyonunun 24. kitab\u0131n\u0131, \u00e7a\u011fda\u015f edebiyat\u0131m\u0131z\u0131n \u00f6d\u00fcll\u00fc ustalar\u0131ndan Sibel K. T\u00fcrker yazd\u0131. Da\u011f\u0131lm\u0131\u015f bir ailenin umut yaratmak u\u011fruna \u00f6dedi\u011fi bedelleri gen\u00e7 Ekin\u2019in g\u00f6z\u00fcnden anlatan roman, zorlu bir Ankara k\u0131\u015f\u0131nda ya\u015fananlar\u0131 resmediyor. Birbirini anlaman\u0131n, y\u00fczle\u015fmelerin ve sevginin s\u0131n\u0131rlar\u0131nda ger\u00e7ek\u00e7i bir hik\u00e2ye anlat\u0131yor. Sibel K. T\u00fcrker, yazd\u0131\u011f\u0131 bu ilk gen\u00e7lik roman\u0131nda yal\u0131n anlat\u0131m\u0131 ve zarif \u00fcslubuyla kalplere dokunuyor, b\u00fcy\u00fcmenin sanc\u0131l\u0131 ama ke\u015fiflerle dolu sokaklar\u0131nda y\u00fcr\u00fcy\u00fc\u015fe \u00e7\u0131kar\u0131yor. O k\u0131\u015f Ekin i\u00e7in her \u015fey zordur. Ayr\u0131lm\u0131\u015f anne babas\u0131, karde\u015fi Can\u2019\u0131n u\u011fruna y\u0131llar sonra bir araya gelmi\u015ftir. \u00c7al\u0131\u015fan annesi zorunlu gebeli\u011fiyle ba\u015f etmeye, yeniden eve d\u00f6nen babas\u0131 ise tasar\u0131m pastalar yaparak hem Can\u2019a, hem aileye yetmeye, kendini sa\u011faltmaya \u00e7abalar. Ekin, ebeveyninin ko\u015fullara g\u00f6sterdi\u011fi uyumdan etkilense de, bir t\u00fcrl\u00fc karde\u015fini ziyarete cesaret edemez. Lise arkada\u015flar\u0131 Gizem ve \u00d6zg\u00fcr olmasa k\u0131\u015f sanki hi\u00e7 bitmeyecek gibidir\u2026 \u201cHemen her gen\u00e7 okurun ilgisini \u00e7ekecek, kendi hayat\u0131ndan kesitler bulaca\u011f\u0131 bir hik\u00e2ye. Roman\u0131n, Ekin d\u0131\u015f\u0131nda bir dizi ba\u015fka karakteri de var. Ya\u015fayan karakterler. Onlar\u0131n sahicili\u011fini, b\u00fct\u00fcn hik\u00e2ye i\u00e7indeki yerlerini hi\u00e7 bozmadan korumay\u0131 iyi biliyor Sibel K. T\u00fcrker.\u201d Semih G\u00fcm\u00fc\u015f<\/p>\n","protected":false},"excerpt":{"rendered":"<p>Hayat hem g\u00fclmektir, hem de a\u011flamak! Edit\u00f6rl\u00fc\u011f\u00fcn\u00fc Semih G\u00fcm\u00fc\u015f\u2019\u00fcn \u00fcstlendi\u011fi K\u00f6pr\u00fc Kitaplar koleksiyonunun 24. kitab\u0131n\u0131, \u00e7a\u011fda\u015f edebiyat\u0131m\u0131z\u0131n \u00f6d\u00fcll\u00fc ustalar\u0131ndan Sibel K. T\u00fcrker yazd\u0131. Da\u011f\u0131lm\u0131\u015f bir ailenin<span class=\"excerpt-hellip\"> [\u2026]<\/span><\/p>\n","protected":false},"featured_media":0,"template":"","meta":{"_monsterinsights_skip_tracking":false,"_monsterinsights_sitenote_active":false,"_monsterinsights_sitenote_note":"","_monsterinsights_sitenote_category":0},"product_brand":[],"product_cat":[12275,12274],"product_tag":[],"class_list":{"0":"post-732880","1":"product","2":"type-product","3":"status-publish","5":"product_cat-6-12-yas-kitaplari","6":"product_cat-cocuk-ve-genclik-kitaplari","7":"pa_cilt-ciltsiz","8":"pa_tur-kitap","9":"pa_yayinevi-gunisigi-kitapligi","10":"pa_yazar-sibel-k-turker","12":"first","13":"instock","14":"sale","15":"shipping-taxable","16":"purchasable","17":"product-type-simple"},"_links":{"self":[{"href":"https:\/\/roveyayinevi.com.tr\/index.php\/wp-json\/wp\/v2\/product\/732880","targetHints":{"allow":["GET"]}}],"collection":[{"href":"https:\/\/roveyayinevi.com.tr\/index.php\/wp-json\/wp\/v2\/product"}],"about":[{"href":"https:\/\/roveyayinevi.com.tr\/index.php\/wp-json\/wp\/v2\/types\/product"}],"wp:attachment":[{"href":"https:\/\/roveyayinevi.com.tr\/index.php\/wp-json\/wp\/v2\/media?parent=732880"}],"wp:term":[{"taxonomy":"product_brand","embeddable":true,"href":"https:\/\/roveyayinevi.com.tr\/index.php\/wp-json\/wp\/v2\/product_brand?post=732880"},{"taxonomy":"product_cat","embeddable":true,"href":"https:\/\/roveyayinevi.com.tr\/index.php\/wp-json\/wp\/v2\/product_cat?post=732880"},{"taxonomy":"product_tag","embeddable":true,"href":"https:\/\/roveyayinevi.com.tr\/index.php\/wp-json\/wp\/v2\/product_tag?post=732880"}],"curies":[{"name":"wp","href":"https:\/\/api.w.org\/{rel}","templated":true}]}}