{"id":732879,"date":"2025-08-27T21:59:06","date_gmt":"2025-08-27T18:59:06","guid":{"rendered":"https:\/\/roveyayinevi.com.tr\/index.php\/urun\/gumus-pervaneli-tayyare\/"},"modified":"2026-04-16T02:40:45","modified_gmt":"2026-04-15T23:40:45","slug":"gumus-pervaneli-tayyare","status":"publish","type":"product","link":"https:\/\/roveyayinevi.com.tr\/index.php\/urun\/gumus-pervaneli-tayyare\/","title":{"rendered":"G\u00fcm\u00fc\u015f Pervaneli Tayyare"},"content":{"rendered":"<p>Birt\u00fcrk \u00d6zkavak, bu kitab\u0131nda; duru, kendi yolunda ak\u0131p giden, ama i\u00e7ine girilebilir ve onunla yol al\u0131nabilir bir \u015fiiri kuruyor. Yan yana geldiklerinde birbirlerini b\u00fct\u00fcnleyip renk \u00e7e\u015fitlili\u011fi olu\u015fturan dengeli g\u00f6r\u00fcnt\u00fcler \u00e7\u0131kar\u0131yor g\u00f6zlerimizin \u00f6n\u00fcne. Bir taraftan \u015fiirlerden b\u00f6l\u00fcmler okuyor, di\u011fer taraftan da o g\u00f6r\u00fcnt\u00fcleri birle\u015ftirip i\u00e7tenli\u011fin foto\u011fraf\u0131n\u0131 b\u00fct\u00fcnl\u00fcyoruz. Pek \u00e7o\u011fumuzda \u00f6zlem olarak yer etmi\u015f \u015feylerin hak edi\u015fini kendi beni \u00fczerinde somutlay\u0131p, bizi de yolculu\u011funa yolda\u015f ediyor.                                                                                                                                                                                            Rahmi Eme\u00e7   Tam burada \u0130skele\u2019den bakarken tercih etti\u011fimiz hayatta bal\u0131klar\u0131n z\u0131playarak selamlad\u0131\u011f\u0131 anlara bizi savuran \u015feyin \u00e7ok\u00e7a \u015fiir oldu\u011funu bilerek Porsuk\u2019un haf\u0131zas\u0131n\u0131 ve tevazuunu selamlayaca\u011f\u0131m\u0131z \u015fiirler bunlar. Birt\u00fcrk \u00d6zkavak \u015fiiri, ya\u015fad\u0131\u011f\u0131 co\u011frafyan\u0131n zenginli\u011fine yaslanm\u0131\u015f al\u00e7akg\u00f6n\u00fcll\u00fc insan\u0131n d\u00fcnyas\u0131ndan sesleniyor. K\u00f6t\u00fc ac\u0131 ve bask\u0131y\u0131 s\u00f6zc\u00fcklerin iyili\u011fi \u00f6\u011f\u00fctleyen, umudu direni\u015fi \u00f6rg\u00fctleyen par\u0131lt\u0131s\u0131yla de\u011fi\u015f toku\u015f eden bir \u015fair. Onun Eski\u015fehir\u2019i Hac\u0131bekta\u015f\u2019\u0131, i\u015f\u00e7isi, emek\u00e7isi sevdal\u0131s\u0131 bize g\u00f6r\u00fcn\u00fcr ger\u00e7ekli\u011fin kuvvetini azmini romantizmini hat\u0131rlat\u0131yor. Zorbal\u0131\u011f\u0131n h\u00fck\u00fcm s\u00fcrd\u00fc\u011f\u00fc her yerde her zamanda \u015fiir sava\u015ft\u0131r. Tam burada suyun uslu kenar\u0131nda G\u00fcm\u00fc\u015f Pervaneli bir Tayyare\u2019nin \u00fcst\u00fcm\u00fczden ge\u00e7mesini bekliyoruz\u2026 <\/p>\n","protected":false},"excerpt":{"rendered":"<p>Birt\u00fcrk \u00d6zkavak, bu kitab\u0131nda; duru, kendi yolunda ak\u0131p giden, ama i\u00e7ine girilebilir ve onunla yol al\u0131nabilir bir \u015fiiri kuruyor. Yan yana geldiklerinde birbirlerini b\u00fct\u00fcnleyip renk \u00e7e\u015fitlili\u011fi<span class=\"excerpt-hellip\"> [\u2026]<\/span><\/p>\n","protected":false},"featured_media":0,"template":"","meta":{"_monsterinsights_skip_tracking":false,"_monsterinsights_sitenote_active":false,"_monsterinsights_sitenote_note":"","_monsterinsights_sitenote_category":0},"product_brand":[],"product_cat":[12291,12509],"product_tag":[],"class_list":{"0":"post-732879","1":"product","2":"type-product","3":"status-publish","5":"product_cat-edebiyat","6":"product_cat-siir","7":"pa_cilt-ciltsiz","8":"pa_tur-kitap","9":"pa_yayinevi-favori-yayinlari","10":"pa_yazar-birturk-ozkavak","12":"first","13":"instock","14":"sale","15":"shipping-taxable","16":"purchasable","17":"product-type-simple"},"_links":{"self":[{"href":"https:\/\/roveyayinevi.com.tr\/index.php\/wp-json\/wp\/v2\/product\/732879","targetHints":{"allow":["GET"]}}],"collection":[{"href":"https:\/\/roveyayinevi.com.tr\/index.php\/wp-json\/wp\/v2\/product"}],"about":[{"href":"https:\/\/roveyayinevi.com.tr\/index.php\/wp-json\/wp\/v2\/types\/product"}],"wp:attachment":[{"href":"https:\/\/roveyayinevi.com.tr\/index.php\/wp-json\/wp\/v2\/media?parent=732879"}],"wp:term":[{"taxonomy":"product_brand","embeddable":true,"href":"https:\/\/roveyayinevi.com.tr\/index.php\/wp-json\/wp\/v2\/product_brand?post=732879"},{"taxonomy":"product_cat","embeddable":true,"href":"https:\/\/roveyayinevi.com.tr\/index.php\/wp-json\/wp\/v2\/product_cat?post=732879"},{"taxonomy":"product_tag","embeddable":true,"href":"https:\/\/roveyayinevi.com.tr\/index.php\/wp-json\/wp\/v2\/product_tag?post=732879"}],"curies":[{"name":"wp","href":"https:\/\/api.w.org\/{rel}","templated":true}]}}